{"id":43093,"date":"2025-09-01T18:47:30","date_gmt":"2025-09-01T16:47:30","guid":{"rendered":"https:\/\/vitalstoffversand.com\/produkt\/vit4ever-curcuma-bio-365-gelules\/"},"modified":"2026-03-12T17:03:32","modified_gmt":"2026-03-12T16:03:32","slug":"vit4ever-curcuma-bio-365-gelules","status":"publish","type":"product","link":"https:\/\/vitalstoffversand.com\/fr\/produit\/vit4ever-curcuma-bio-365-gelules\/","title":{"rendered":"Vit4ever <br>Curcuma bio + pip\u00e9rine bio &#8211; 365 g\u00e9lules"},"content":{"rendered":"<p>L&#8217;ayurv\u00e9da, la m\u00e9decine indienne, utilise le curcuma comme compl\u00e9ment alimentaire depuis plus de 5000 ans.<\/p>\n<p>La pip\u00e9rine (extrait de poivre noir) augmente consid\u00e9rablement la biodisponibilit\u00e9 du curcuma, qui contient, outre la curcumine, d&#8217;autres ingr\u00e9dients pr\u00e9cieux.<\/p>\n<ul>\n<li>V\u00e9gan<\/li>\n<li>Sans gluten<\/li>\n<li>Sans lactose<\/li>\n<li>Sans OGM<\/li>\n<li>Fabriqu\u00e9 selon les normes de qualit\u00e9 strictes de l&#8217;UE<\/li>\n<\/ul>\n","protected":false},"excerpt":{"rendered":"<p>L&#8217;ayurv\u00e9da, la m\u00e9decine indienne, utilise le curcuma comme compl\u00e9ment alimentaire depuis plus de 5000 ans. La pip\u00e9rine (extrait de poivre noir) augmente consid\u00e9rablement la biodisponibilit\u00e9 du curcuma, qui contient, outre la curcumine, d&#8217;autres ingr\u00e9dients pr\u00e9cieux. V\u00e9gan Sans gluten Sans lactose Sans OGM Fabriqu\u00e9 selon les normes de qualit\u00e9 strictes de l&#8217;UE<\/p>\n","protected":false},"featured_media":50092,"template":"","meta":{"_acf_changed":false},"product_brand":[10217],"product_cat":[348,365],"product_tag":[],"class_list":{"0":"post-43093","1":"product","2":"type-product","3":"status-publish","4":"has-post-thumbnail","6":"product_brand-vit4ever-fr","7":"product_cat-nutriments","8":"product_cat-produits-de-a-a-z","10":"first","11":"instock","12":"taxable","13":"shipping-taxable","14":"purchasable","15":"product-type-simple"},"acf":[],"_links":{"self":[{"href":"https:\/\/vitalstoffversand.com\/fr\/wp-json\/wp\/v2\/product\/43093","targetHints":{"allow":["GET"]}}],"collection":[{"href":"https:\/\/vitalstoffversand.com\/fr\/wp-json\/wp\/v2\/product"}],"about":[{"href":"https:\/\/vitalstoffversand.com\/fr\/wp-json\/wp\/v2\/types\/product"}],"wp:featuredmedia":[{"embeddable":true,"href":"https:\/\/vitalstoffversand.com\/fr\/wp-json\/wp\/v2\/media\/50092"}],"wp:attachment":[{"href":"https:\/\/vitalstoffversand.com\/fr\/wp-json\/wp\/v2\/media?parent=43093"}],"wp:term":[{"taxonomy":"product_brand","embeddable":true,"href":"https:\/\/vitalstoffversand.com\/fr\/wp-json\/wp\/v2\/product_brand?post=43093"},{"taxonomy":"product_cat","embeddable":true,"href":"https:\/\/vitalstoffversand.com\/fr\/wp-json\/wp\/v2\/product_cat?post=43093"},{"taxonomy":"product_tag","embeddable":true,"href":"https:\/\/vitalstoffversand.com\/fr\/wp-json\/wp\/v2\/product_tag?post=43093"}],"curies":[{"name":"wp","href":"https:\/\/api.w.org\/{rel}","templated":true}]}}