{"id":39117,"date":"2025-06-11T14:37:47","date_gmt":"2025-06-11T12:37:47","guid":{"rendered":"https:\/\/vitalstoffversand.com\/?post_type=product&#038;p=39117"},"modified":"2026-03-12T14:13:37","modified_gmt":"2026-03-12T13:13:37","slug":"vit4ever-extrait-de-passiflore-240-gelules-kopie","status":"publish","type":"product","link":"https:\/\/vitalstoffversand.com\/fr\/produit\/vit4ever-extrait-de-passiflore-240-gelules-kopie\/","title":{"rendered":"Vit4ever <br>Routine &#8211; 180 g\u00e9lules"},"content":{"rendered":"<p>La rutine est un m\u00e9tabolite secondaire appartenant au groupe des flavono\u00efdes. Elle est appr\u00e9ci\u00e9e depuis des si\u00e8cles dans la phytoth\u00e9rapie traditionnelle d&#8217;Asie orientale.<\/p>\n<p>La rutine est extraite du sophora du Japon (Sophora japonica).<\/p>\n<ul>\n<li>V\u00e9gan<\/li>\n<li>Sans gluten<\/li>\n<li>Sans lactose<\/li>\n<li>Sans OGM<\/li>\n<li>Fabriqu\u00e9 selon les normes de qualit\u00e9 strictes de l&#8217;UE<\/li>\n<\/ul>\n","protected":false},"excerpt":{"rendered":"<p>La rutine est un m\u00e9tabolite secondaire appartenant au groupe des flavono\u00efdes. Elle est appr\u00e9ci\u00e9e depuis des si\u00e8cles dans la phytoth\u00e9rapie traditionnelle d&#8217;Asie orientale. La rutine est extraite du sophora du Japon (Sophora japonica). V\u00e9gan Sans gluten Sans lactose Sans OGM Fabriqu\u00e9 selon les normes de qualit\u00e9 strictes de l&#8217;UE<\/p>\n","protected":false},"featured_media":49212,"template":"","meta":{"_acf_changed":false},"product_brand":[10217],"product_cat":[348,365],"product_tag":[],"class_list":{"0":"post-39117","1":"product","2":"type-product","3":"status-publish","4":"has-post-thumbnail","6":"product_brand-vit4ever-fr","7":"product_cat-nutriments","8":"product_cat-produits-de-a-a-z","10":"first","11":"instock","12":"taxable","13":"shipping-taxable","14":"purchasable","15":"product-type-simple"},"acf":[],"_links":{"self":[{"href":"https:\/\/vitalstoffversand.com\/fr\/wp-json\/wp\/v2\/product\/39117","targetHints":{"allow":["GET"]}}],"collection":[{"href":"https:\/\/vitalstoffversand.com\/fr\/wp-json\/wp\/v2\/product"}],"about":[{"href":"https:\/\/vitalstoffversand.com\/fr\/wp-json\/wp\/v2\/types\/product"}],"wp:featuredmedia":[{"embeddable":true,"href":"https:\/\/vitalstoffversand.com\/fr\/wp-json\/wp\/v2\/media\/49212"}],"wp:attachment":[{"href":"https:\/\/vitalstoffversand.com\/fr\/wp-json\/wp\/v2\/media?parent=39117"}],"wp:term":[{"taxonomy":"product_brand","embeddable":true,"href":"https:\/\/vitalstoffversand.com\/fr\/wp-json\/wp\/v2\/product_brand?post=39117"},{"taxonomy":"product_cat","embeddable":true,"href":"https:\/\/vitalstoffversand.com\/fr\/wp-json\/wp\/v2\/product_cat?post=39117"},{"taxonomy":"product_tag","embeddable":true,"href":"https:\/\/vitalstoffversand.com\/fr\/wp-json\/wp\/v2\/product_tag?post=39117"}],"curies":[{"name":"wp","href":"https:\/\/api.w.org\/{rel}","templated":true}]}}