{"id":27140,"date":"2024-11-08T17:17:44","date_gmt":"2024-11-08T16:17:44","guid":{"rendered":"https:\/\/vitalstoffversand.com\/produkt\/vit4ever-selenium-triple-complexe-365-comprimes\/"},"modified":"2026-03-14T13:57:37","modified_gmt":"2026-03-14T12:57:37","slug":"vit4ever-selenium-triple-complexe-365-comprimes","status":"publish","type":"product","link":"https:\/\/vitalstoffversand.com\/fr\/produit\/vit4ever-selenium-triple-complexe-365-comprimes\/","title":{"rendered":"Vit4ever <br>S\u00e9l\u00e9nium Triple Complexe &#8211; 365 Comprim\u00e9s"},"content":{"rendered":"<p><a href=\"https:\/\/vitalstoffversand.com\/knowledge-base\/selen\/\" target=\"_blank\" rel=\"noopener\"><span style=\"color: #0000ff;\"><strong>\u2192 Le s\u00e9l\u00e9nium<\/strong><\/span><\/a> a de nombreuses fonctions dans notre corps.<\/p>\n<p>Die hochdosierten Selentabletten enthalten einen 3-fach Komplex aus 50% Natriumselenit, 25% Selenhefe und 25% Selenmethionin, was f\u00fcr eine optimale Bioverf\u00fcgbarkeit und Verwertbarkeit sorgt.<\/p>\n<ul>\n<li>V\u00e9gan<\/li>\n<li>Sans gluten<\/li>\n<li>Sans lactose<\/li>\n<li>Sans OGM<\/li>\n<li>Fabriqu\u00e9 selon les normes de qualit\u00e9 strictes de l&#8217;UE<\/li>\n<\/ul>\n","protected":false},"excerpt":{"rendered":"<p>\u2192 Le s\u00e9l\u00e9nium a de nombreuses fonctions dans notre corps. Die hochdosierten Selentabletten enthalten einen 3-fach Komplex aus 50% Natriumselenit, 25% Selenhefe und 25% Selenmethionin, was f\u00fcr eine optimale Bioverf\u00fcgbarkeit und Verwertbarkeit sorgt. V\u00e9gan Sans gluten Sans lactose Sans OGM Fabriqu\u00e9 selon les normes de qualit\u00e9 strictes de l&#8217;UE<\/p>\n","protected":false},"featured_media":61494,"template":"","meta":{"_acf_changed":false},"product_brand":[10217],"product_cat":[340,365],"product_tag":[],"class_list":{"0":"post-27140","1":"product","2":"type-product","3":"status-publish","4":"has-post-thumbnail","6":"product_brand-vit4ever-fr","7":"product_cat-mineraux-oligo-elements","8":"product_cat-produits-de-a-a-z","10":"first","11":"instock","12":"taxable","13":"shipping-taxable","14":"purchasable","15":"product-type-simple"},"acf":[],"_links":{"self":[{"href":"https:\/\/vitalstoffversand.com\/fr\/wp-json\/wp\/v2\/product\/27140","targetHints":{"allow":["GET"]}}],"collection":[{"href":"https:\/\/vitalstoffversand.com\/fr\/wp-json\/wp\/v2\/product"}],"about":[{"href":"https:\/\/vitalstoffversand.com\/fr\/wp-json\/wp\/v2\/types\/product"}],"wp:featuredmedia":[{"embeddable":true,"href":"https:\/\/vitalstoffversand.com\/fr\/wp-json\/wp\/v2\/media\/61494"}],"wp:attachment":[{"href":"https:\/\/vitalstoffversand.com\/fr\/wp-json\/wp\/v2\/media?parent=27140"}],"wp:term":[{"taxonomy":"product_brand","embeddable":true,"href":"https:\/\/vitalstoffversand.com\/fr\/wp-json\/wp\/v2\/product_brand?post=27140"},{"taxonomy":"product_cat","embeddable":true,"href":"https:\/\/vitalstoffversand.com\/fr\/wp-json\/wp\/v2\/product_cat?post=27140"},{"taxonomy":"product_tag","embeddable":true,"href":"https:\/\/vitalstoffversand.com\/fr\/wp-json\/wp\/v2\/product_tag?post=27140"}],"curies":[{"name":"wp","href":"https:\/\/api.w.org\/{rel}","templated":true}]}}