{"id":27135,"date":"2024-11-07T19:13:26","date_gmt":"2024-11-07T18:13:26","guid":{"rendered":"https:\/\/vitalstoffversand.com\/produkt\/vit4ever-opc-pure-300-gelules\/"},"modified":"2026-03-12T16:49:29","modified_gmt":"2026-03-12T15:49:29","slug":"vit4ever-opc-pure-300-gelules","status":"publish","type":"product","link":"https:\/\/vitalstoffversand.com\/fr\/produit\/vit4ever-opc-pure-300-gelules\/","title":{"rendered":"Vit4ever <br>OPC Pure &#8211; 300 g\u00e9lules"},"content":{"rendered":"<p>Les proanthocyanidines oligom\u00e9riques (OPC) sont pr\u00e9sentes dans diff\u00e9rentes plantes, mais sont principalement extraites des p\u00e9pins de raisin rouge et bleu.<\/p>\n<p>Ils font partie des substances v\u00e9g\u00e9tales secondaires et plus pr\u00e9cis\u00e9ment du groupe des flavono\u00efdes.<\/p>\n<p>La prise d&#8217;OPC peut \u00eatre utilement compl\u00e9t\u00e9e par <a href=\"https:\/\/vitalstoffversand.com\/knowledge-base\/vitamin-c\/\" target=\"_blank\" rel=\"noopener\"><span style=\"color: #0000ff;\">\u2192 la vitamine C<\/span><\/a>.<\/p>\n<p>La teneur en OPC d&#8217;une g\u00e9lule est de :<\/p>\n<p>\u2192 selon la m\u00e9thode HPLC : 350 mg d&#8217;OPC (70% d&#8217;oligom\u00e8res proanthocyanidines)<br \/>\n\u2192 selon la m\u00e9thode Bate\/Smith : 450 mg d&#8217;OPC (95% d&#8217;oligom\u00e8res proanthocyanidines)<\/p>\n<ul>\n<li>V\u00e9gan<\/li>\n<li>Sans gluten<\/li>\n<li>Sans lactose<\/li>\n<li>Sans OGM<\/li>\n<li>Fabriqu\u00e9 selon les normes de qualit\u00e9 strictes de l&#8217;UE<\/li>\n<\/ul>\n","protected":false},"excerpt":{"rendered":"<p>Les proanthocyanidines oligom\u00e9riques (OPC) sont pr\u00e9sentes dans diff\u00e9rentes plantes, mais sont principalement extraites des p\u00e9pins de raisin rouge et bleu. Ils font partie des substances v\u00e9g\u00e9tales secondaires et plus pr\u00e9cis\u00e9ment du groupe des flavono\u00efdes. La prise d&#8217;OPC peut \u00eatre utilement compl\u00e9t\u00e9e par \u2192 la vitamine C. La teneur en OPC d&#8217;une g\u00e9lule est de : [&hellip;]<\/p>\n","protected":false},"featured_media":49916,"template":"","meta":{"_acf_changed":false},"product_brand":[10217],"product_cat":[348,365],"product_tag":[],"class_list":{"0":"post-27135","1":"product","2":"type-product","3":"status-publish","4":"has-post-thumbnail","6":"product_brand-vit4ever-fr","7":"product_cat-nutriments","8":"product_cat-produits-de-a-a-z","10":"first","11":"instock","12":"taxable","13":"shipping-taxable","14":"purchasable","15":"product-type-simple"},"acf":[],"_links":{"self":[{"href":"https:\/\/vitalstoffversand.com\/fr\/wp-json\/wp\/v2\/product\/27135","targetHints":{"allow":["GET"]}}],"collection":[{"href":"https:\/\/vitalstoffversand.com\/fr\/wp-json\/wp\/v2\/product"}],"about":[{"href":"https:\/\/vitalstoffversand.com\/fr\/wp-json\/wp\/v2\/types\/product"}],"wp:featuredmedia":[{"embeddable":true,"href":"https:\/\/vitalstoffversand.com\/fr\/wp-json\/wp\/v2\/media\/49916"}],"wp:attachment":[{"href":"https:\/\/vitalstoffversand.com\/fr\/wp-json\/wp\/v2\/media?parent=27135"}],"wp:term":[{"taxonomy":"product_brand","embeddable":true,"href":"https:\/\/vitalstoffversand.com\/fr\/wp-json\/wp\/v2\/product_brand?post=27135"},{"taxonomy":"product_cat","embeddable":true,"href":"https:\/\/vitalstoffversand.com\/fr\/wp-json\/wp\/v2\/product_cat?post=27135"},{"taxonomy":"product_tag","embeddable":true,"href":"https:\/\/vitalstoffversand.com\/fr\/wp-json\/wp\/v2\/product_tag?post=27135"}],"curies":[{"name":"wp","href":"https:\/\/api.w.org\/{rel}","templated":true}]}}