{"id":26567,"date":"2025-04-15T16:11:10","date_gmt":"2025-04-15T14:11:10","guid":{"rendered":"https:\/\/vitalstoffversand.com\/?post_type=product&#038;p=26567"},"modified":"2026-03-17T17:26:47","modified_gmt":"2026-03-17T16:26:47","slug":"vit4ever-d-mannose-cranberry-250-g-kopie-kopie-kopie-kopie","status":"publish","type":"product","link":"https:\/\/vitalstoffversand.com\/fr\/produit\/vit4ever-d-mannose-cranberry-250-g-kopie-kopie-kopie-kopie\/","title":{"rendered":"Vit4ever <br>L-Glutathion &#8211; 120 g\u00e9lules"},"content":{"rendered":"<p>Le L-glutathion est un compos\u00e9 naturel pr\u00e9sent dans chaque cellule du corps et qui aide \u00e0 maintenir l&#8217;\u00e9quilibre de processus complexes.<\/p>\n<p>La forme pure et r\u00e9duite du glutathion assure une biodisponibilit\u00e9 optimale.<\/p>\n<ul>\n<li>V\u00e9gan<\/li>\n<li>Sans gluten<\/li>\n<li>Sans lactose<\/li>\n<li>Sans OGM<\/li>\n<li>Fabriqu\u00e9 selon les normes de qualit\u00e9 strictes de l&#8217;UE<\/li>\n<\/ul>\n","protected":false},"excerpt":{"rendered":"<p>Le L-glutathion est un compos\u00e9 naturel pr\u00e9sent dans chaque cellule du corps et qui aide \u00e0 maintenir l&#8217;\u00e9quilibre de processus complexes. La forme pure et r\u00e9duite du glutathion assure une biodisponibilit\u00e9 optimale. V\u00e9gan Sans gluten Sans lactose Sans OGM Fabriqu\u00e9 selon les normes de qualit\u00e9 strictes de l&#8217;UE<\/p>\n","protected":false},"featured_media":58191,"template":"","meta":{"_acf_changed":false},"product_brand":[10217],"product_cat":[348,365],"product_tag":[],"class_list":{"0":"post-26567","1":"product","2":"type-product","3":"status-publish","4":"has-post-thumbnail","6":"product_brand-vit4ever-fr","7":"product_cat-nutriments","8":"product_cat-produits-de-a-a-z","10":"first","11":"instock","12":"taxable","13":"shipping-taxable","14":"purchasable","15":"product-type-simple"},"acf":[],"_links":{"self":[{"href":"https:\/\/vitalstoffversand.com\/fr\/wp-json\/wp\/v2\/product\/26567","targetHints":{"allow":["GET"]}}],"collection":[{"href":"https:\/\/vitalstoffversand.com\/fr\/wp-json\/wp\/v2\/product"}],"about":[{"href":"https:\/\/vitalstoffversand.com\/fr\/wp-json\/wp\/v2\/types\/product"}],"wp:featuredmedia":[{"embeddable":true,"href":"https:\/\/vitalstoffversand.com\/fr\/wp-json\/wp\/v2\/media\/58191"}],"wp:attachment":[{"href":"https:\/\/vitalstoffversand.com\/fr\/wp-json\/wp\/v2\/media?parent=26567"}],"wp:term":[{"taxonomy":"product_brand","embeddable":true,"href":"https:\/\/vitalstoffversand.com\/fr\/wp-json\/wp\/v2\/product_brand?post=26567"},{"taxonomy":"product_cat","embeddable":true,"href":"https:\/\/vitalstoffversand.com\/fr\/wp-json\/wp\/v2\/product_cat?post=26567"},{"taxonomy":"product_tag","embeddable":true,"href":"https:\/\/vitalstoffversand.com\/fr\/wp-json\/wp\/v2\/product_tag?post=26567"}],"curies":[{"name":"wp","href":"https:\/\/api.w.org\/{rel}","templated":true}]}}