{"id":26522,"date":"2025-04-15T16:01:48","date_gmt":"2025-04-15T14:01:48","guid":{"rendered":"https:\/\/vitalstoffversand.com\/?post_type=product&#038;p=26522"},"modified":"2026-03-17T16:44:16","modified_gmt":"2026-03-17T15:44:16","slug":"vit4ever-d-mannose-cranberry-250-g-kopie-kopie-kopie","status":"publish","type":"product","link":"https:\/\/vitalstoffversand.com\/fr\/produit\/vit4ever-d-mannose-cranberry-250-g-kopie-kopie-kopie\/","title":{"rendered":"Vit4ever <br>Peptides de collag\u00e8ne &#8211; 300 g\u00e9lules"},"content":{"rendered":"<p>Le collag\u00e8ne est l&#8217;un des principaux composants de notre corps, pr\u00e9sent dans la peau, les articulations, les os et le tissu conjonctif.<\/p>\n<p>Avec l&#8217;\u00e2ge, la production endog\u00e8ne de collag\u00e8ne diminue, ce qui rend un apport suppl\u00e9mentaire utile.<\/p>\n<ul>\n<li>Sans gluten<\/li>\n<li>Sans lactose<\/li>\n<li>Sans OGM<\/li>\n<li>Fabriqu\u00e9 selon les normes de qualit\u00e9 strictes de l&#8217;UE<\/li>\n<\/ul>\n","protected":false},"excerpt":{"rendered":"<p>Le collag\u00e8ne est l&#8217;un des principaux composants de notre corps, pr\u00e9sent dans la peau, les articulations, les os et le tissu conjonctif. Avec l&#8217;\u00e2ge, la production endog\u00e8ne de collag\u00e8ne diminue, ce qui rend un apport suppl\u00e9mentaire utile. Sans gluten Sans lactose Sans OGM Fabriqu\u00e9 selon les normes de qualit\u00e9 strictes de l&#8217;UE<\/p>\n","protected":false},"featured_media":58063,"template":"","meta":{"_acf_changed":false},"product_brand":[10217],"product_cat":[332,365],"product_tag":[],"class_list":{"0":"post-26522","1":"product","2":"type-product","3":"status-publish","4":"has-post-thumbnail","6":"product_brand-vit4ever-fr","7":"product_cat-acides-amines","8":"product_cat-produits-de-a-a-z","10":"first","11":"instock","12":"taxable","13":"shipping-taxable","14":"purchasable","15":"product-type-simple"},"acf":[],"_links":{"self":[{"href":"https:\/\/vitalstoffversand.com\/fr\/wp-json\/wp\/v2\/product\/26522","targetHints":{"allow":["GET"]}}],"collection":[{"href":"https:\/\/vitalstoffversand.com\/fr\/wp-json\/wp\/v2\/product"}],"about":[{"href":"https:\/\/vitalstoffversand.com\/fr\/wp-json\/wp\/v2\/types\/product"}],"wp:featuredmedia":[{"embeddable":true,"href":"https:\/\/vitalstoffversand.com\/fr\/wp-json\/wp\/v2\/media\/58063"}],"wp:attachment":[{"href":"https:\/\/vitalstoffversand.com\/fr\/wp-json\/wp\/v2\/media?parent=26522"}],"wp:term":[{"taxonomy":"product_brand","embeddable":true,"href":"https:\/\/vitalstoffversand.com\/fr\/wp-json\/wp\/v2\/product_brand?post=26522"},{"taxonomy":"product_cat","embeddable":true,"href":"https:\/\/vitalstoffversand.com\/fr\/wp-json\/wp\/v2\/product_cat?post=26522"},{"taxonomy":"product_tag","embeddable":true,"href":"https:\/\/vitalstoffversand.com\/fr\/wp-json\/wp\/v2\/product_tag?post=26522"}],"curies":[{"name":"wp","href":"https:\/\/api.w.org\/{rel}","templated":true}]}}