{"id":26474,"date":"2025-04-15T14:53:07","date_gmt":"2025-04-15T12:53:07","guid":{"rendered":"https:\/\/vitalstoffversand.com\/?post_type=product&#038;p=26474"},"modified":"2026-03-17T16:24:22","modified_gmt":"2026-03-17T15:24:22","slug":"vit4ever-d-mannose-cranberry-250-g-kopie-kopie","status":"publish","type":"product","link":"https:\/\/vitalstoffversand.com\/fr\/produit\/vit4ever-d-mannose-cranberry-250-g-kopie-kopie\/","title":{"rendered":"Vit4ever <br>Complexe de choline &#8211; 120 g\u00e9lules"},"content":{"rendered":"<p>La choline est un micronutriment semblable \u00e0 une vitamine qui joue un r\u00f4le central dans le m\u00e9tabolisme des graisses et peut en m\u00eame temps contribuer au maintien d&#8217;une fonction h\u00e9patique normale.<\/p>\n<p>Le complexe de choline se compose de trois sources de choline de haute qualit\u00e9 et garantit ainsi un apport optimal.<\/p>\n<ul>\n<li>V\u00e9gan<\/li>\n<li>Sans gluten<\/li>\n<li>Sans lactose<\/li>\n<li>Sans OGM<\/li>\n<li>Fabriqu\u00e9 selon les normes de qualit\u00e9 strictes de l&#8217;UE<\/li>\n<\/ul>\n","protected":false},"excerpt":{"rendered":"<p>La choline est un micronutriment semblable \u00e0 une vitamine qui joue un r\u00f4le central dans le m\u00e9tabolisme des graisses et peut en m\u00eame temps contribuer au maintien d&#8217;une fonction h\u00e9patique normale. Le complexe de choline se compose de trois sources de choline de haute qualit\u00e9 et garantit ainsi un apport optimal. V\u00e9gan Sans gluten Sans [&hellip;]<\/p>\n","protected":false},"featured_media":57983,"template":"","meta":{"_acf_changed":false},"product_brand":[10217],"product_cat":[348,365],"product_tag":[],"class_list":{"0":"post-26474","1":"product","2":"type-product","3":"status-publish","4":"has-post-thumbnail","6":"product_brand-vit4ever-fr","7":"product_cat-nutriments","8":"product_cat-produits-de-a-a-z","10":"first","11":"instock","12":"taxable","13":"shipping-taxable","14":"purchasable","15":"product-type-simple"},"acf":[],"_links":{"self":[{"href":"https:\/\/vitalstoffversand.com\/fr\/wp-json\/wp\/v2\/product\/26474","targetHints":{"allow":["GET"]}}],"collection":[{"href":"https:\/\/vitalstoffversand.com\/fr\/wp-json\/wp\/v2\/product"}],"about":[{"href":"https:\/\/vitalstoffversand.com\/fr\/wp-json\/wp\/v2\/types\/product"}],"wp:featuredmedia":[{"embeddable":true,"href":"https:\/\/vitalstoffversand.com\/fr\/wp-json\/wp\/v2\/media\/57983"}],"wp:attachment":[{"href":"https:\/\/vitalstoffversand.com\/fr\/wp-json\/wp\/v2\/media?parent=26474"}],"wp:term":[{"taxonomy":"product_brand","embeddable":true,"href":"https:\/\/vitalstoffversand.com\/fr\/wp-json\/wp\/v2\/product_brand?post=26474"},{"taxonomy":"product_cat","embeddable":true,"href":"https:\/\/vitalstoffversand.com\/fr\/wp-json\/wp\/v2\/product_cat?post=26474"},{"taxonomy":"product_tag","embeddable":true,"href":"https:\/\/vitalstoffversand.com\/fr\/wp-json\/wp\/v2\/product_tag?post=26474"}],"curies":[{"name":"wp","href":"https:\/\/api.w.org\/{rel}","templated":true}]}}