{"id":2627,"date":"2024-10-30T11:22:37","date_gmt":"2024-10-30T10:22:37","guid":{"rendered":"https:\/\/dev.vitalstoffversand.com\/?post_type=product&#038;p=2627"},"modified":"2026-03-12T14:49:08","modified_gmt":"2026-03-12T13:49:08","slug":"vit4ever-vitamine-a-3000-%c2%b5g-10-000-ui-240-comprimes-kopie-kopie-kopie","status":"publish","type":"product","link":"https:\/\/vitalstoffversand.com\/fr\/produit\/vit4ever-vitamine-a-3000-%c2%b5g-10-000-ui-240-comprimes-kopie-kopie-kopie\/","title":{"rendered":"Vit4ever <br>B\u00e9ta\u00efne HCL &#8211; 240 g\u00e9lules"},"content":{"rendered":"<p><span style=\"color: #000000;\">Le d\u00e9riv\u00e9 d&#8217;acide amin\u00e9 <\/span><a href=\"https:\/\/vitalstoffversand.com\/knowledge-base\/betain\/\" target=\"_blank\" rel=\"noopener\"><span style=\"color: #0000ff;\"><strong>\u2192 B\u00e9ta\u00efne<\/strong><\/span><\/a> est un d\u00e9riv\u00e9 d&#8217;acide amin\u00e9 qui, conform\u00e9ment au r\u00e8glement relatif aux all\u00e9gations de sant\u00e9, contribue \u00e0 la sant\u00e9 des personnes en cas de prise quotidienne d&#8217;au moins 1.500 mg contribue \u00e0 un m\u00e9tabolisme normal de l&#8217;homocyst\u00e9ine.<\/p>\n<p>Le produit est optimis\u00e9 par l&#8217;ajout de pepsine, une enzyme produite par l&#8217;organisme, et d&#8217;extrait de racine de gentiane, qui est une substance am\u00e8re naturelle.<\/p>\n<ul>\n<li>Sans gluten<\/li>\n<li>Sans lactose<\/li>\n<li>Sans OGM<\/li>\n<li>Fabriqu\u00e9 selon les normes de qualit\u00e9 strictes de l&#8217;UE<\/li>\n<\/ul>\n","protected":false},"excerpt":{"rendered":"<p>Le d\u00e9riv\u00e9 d&#8217;acide amin\u00e9 \u2192 B\u00e9ta\u00efne est un d\u00e9riv\u00e9 d&#8217;acide amin\u00e9 qui, conform\u00e9ment au r\u00e8glement relatif aux all\u00e9gations de sant\u00e9, contribue \u00e0 la sant\u00e9 des personnes en cas de prise quotidienne d&#8217;au moins 1.500 mg contribue \u00e0 un m\u00e9tabolisme normal de l&#8217;homocyst\u00e9ine. Le produit est optimis\u00e9 par l&#8217;ajout de pepsine, une enzyme produite par l&#8217;organisme, [&hellip;]<\/p>\n","protected":false},"featured_media":49324,"template":"","meta":{"_acf_changed":false},"product_brand":[10217],"product_cat":[348,365],"product_tag":[],"class_list":{"0":"post-2627","1":"product","2":"type-product","3":"status-publish","4":"has-post-thumbnail","6":"product_brand-vit4ever-fr","7":"product_cat-nutriments","8":"product_cat-produits-de-a-a-z","10":"first","11":"instock","12":"taxable","13":"shipping-taxable","14":"purchasable","15":"product-type-simple"},"acf":[],"_links":{"self":[{"href":"https:\/\/vitalstoffversand.com\/fr\/wp-json\/wp\/v2\/product\/2627","targetHints":{"allow":["GET"]}}],"collection":[{"href":"https:\/\/vitalstoffversand.com\/fr\/wp-json\/wp\/v2\/product"}],"about":[{"href":"https:\/\/vitalstoffversand.com\/fr\/wp-json\/wp\/v2\/types\/product"}],"wp:featuredmedia":[{"embeddable":true,"href":"https:\/\/vitalstoffversand.com\/fr\/wp-json\/wp\/v2\/media\/49324"}],"wp:attachment":[{"href":"https:\/\/vitalstoffversand.com\/fr\/wp-json\/wp\/v2\/media?parent=2627"}],"wp:term":[{"taxonomy":"product_brand","embeddable":true,"href":"https:\/\/vitalstoffversand.com\/fr\/wp-json\/wp\/v2\/product_brand?post=2627"},{"taxonomy":"product_cat","embeddable":true,"href":"https:\/\/vitalstoffversand.com\/fr\/wp-json\/wp\/v2\/product_cat?post=2627"},{"taxonomy":"product_tag","embeddable":true,"href":"https:\/\/vitalstoffversand.com\/fr\/wp-json\/wp\/v2\/product_tag?post=2627"}],"curies":[{"name":"wp","href":"https:\/\/api.w.org\/{rel}","templated":true}]}}