{"id":25961,"date":"2025-04-11T12:07:42","date_gmt":"2025-04-11T10:07:42","guid":{"rendered":"https:\/\/vitalstoffversand.com\/?post_type=product&#038;p=25961"},"modified":"2026-03-16T12:24:36","modified_gmt":"2026-03-16T11:24:36","slug":"vit4ever-rhodiola-rosea-120-gelules-kopie","status":"publish","type":"product","link":"https:\/\/vitalstoffversand.com\/fr\/produit\/vit4ever-rhodiola-rosea-120-gelules-kopie\/","title":{"rendered":"Vit4ever <br>Magtein\u00ae Magn\u00e9sium L-Thr\u00e9onate &#8211; 120 g\u00e9lules"},"content":{"rendered":"<p>Le L-thr\u00e9onate de magn\u00e9sium est le seul compos\u00e9 de magn\u00e9sium capable de traverser la barri\u00e8re h\u00e9mato-enc\u00e9phalique ; il est donc particuli\u00e8rement indiqu\u00e9 pour soutenir les efforts intellectuels.<\/p>\n<p>Magtein\u00ae est un compos\u00e9 brevet\u00e9 de <strong><span style=\"color: #0000ff;\"><a style=\"color: #0000ff;\" href=\"https:\/\/vitalstoffversand.com\/knowledge-base\/magnesium\/\" target=\"_blank\" rel=\"noopener\">\u2192 magn\u00e9sium<\/a><\/span><\/strong> et d&#8217;acide L-thr\u00e9onique, qui se distingue par sa structure innovante et a \u00e9t\u00e9 d\u00e9velopp\u00e9 aux \u00c9tats-Unis.<\/p>\n<p>Ce compos\u00e9 pr\u00e9sente une biodisponibilit\u00e9 particuli\u00e8rement efficace des substances actives.<\/p>\n<ul>\n<li>V\u00e9gan<\/li>\n<li>Sans gluten<\/li>\n<li>Sans lactose<\/li>\n<li>Sans OGM<\/li>\n<li>Fabriqu\u00e9 selon les normes de qualit\u00e9 strictes de l&#8217;UE<\/li>\n<\/ul>\n","protected":false},"excerpt":{"rendered":"<p>Le L-thr\u00e9onate de magn\u00e9sium est le seul compos\u00e9 de magn\u00e9sium capable de traverser la barri\u00e8re h\u00e9mato-enc\u00e9phalique ; il est donc particuli\u00e8rement indiqu\u00e9 pour soutenir les efforts intellectuels. Magtein\u00ae est un compos\u00e9 brevet\u00e9 de \u2192 magn\u00e9sium et d&#8217;acide L-thr\u00e9onique, qui se distingue par sa structure innovante et a \u00e9t\u00e9 d\u00e9velopp\u00e9 aux \u00c9tats-Unis. Ce compos\u00e9 pr\u00e9sente une [&hellip;]<\/p>\n","protected":false},"featured_media":55087,"template":"","meta":{"_acf_changed":false},"product_brand":[10217],"product_cat":[377],"product_tag":[],"class_list":{"0":"post-25961","1":"product","2":"type-product","3":"status-publish","4":"has-post-thumbnail","6":"product_brand-vit4ever-fr","7":"product_cat-accessoires-autres","9":"first","10":"instock","11":"taxable","12":"shipping-taxable","13":"purchasable","14":"product-type-simple"},"acf":[],"_links":{"self":[{"href":"https:\/\/vitalstoffversand.com\/fr\/wp-json\/wp\/v2\/product\/25961","targetHints":{"allow":["GET"]}}],"collection":[{"href":"https:\/\/vitalstoffversand.com\/fr\/wp-json\/wp\/v2\/product"}],"about":[{"href":"https:\/\/vitalstoffversand.com\/fr\/wp-json\/wp\/v2\/types\/product"}],"wp:featuredmedia":[{"embeddable":true,"href":"https:\/\/vitalstoffversand.com\/fr\/wp-json\/wp\/v2\/media\/55087"}],"wp:attachment":[{"href":"https:\/\/vitalstoffversand.com\/fr\/wp-json\/wp\/v2\/media?parent=25961"}],"wp:term":[{"taxonomy":"product_brand","embeddable":true,"href":"https:\/\/vitalstoffversand.com\/fr\/wp-json\/wp\/v2\/product_brand?post=25961"},{"taxonomy":"product_cat","embeddable":true,"href":"https:\/\/vitalstoffversand.com\/fr\/wp-json\/wp\/v2\/product_cat?post=25961"},{"taxonomy":"product_tag","embeddable":true,"href":"https:\/\/vitalstoffversand.com\/fr\/wp-json\/wp\/v2\/product_tag?post=25961"}],"curies":[{"name":"wp","href":"https:\/\/api.w.org\/{rel}","templated":true}]}}