{"id":25933,"date":"2025-04-10T15:20:48","date_gmt":"2025-04-10T13:20:48","guid":{"rendered":"https:\/\/vitalstoffversand.com\/produkt\/gen-clean-mass-gainer-3000-g-differentes-sortes\/"},"modified":"2026-03-12T12:49:49","modified_gmt":"2026-03-12T11:49:49","slug":"gen-clean-mass-gainer-3000-g-differentes-sortes","status":"publish","type":"product","link":"https:\/\/vitalstoffversand.com\/fr\/produit\/gen-clean-mass-gainer-3000-g-differentes-sortes\/","title":{"rendered":"GEN <br>Clean Mass Gainer &#8211; 3000 g &#8211; diff\u00e9rentes vari\u00e9t\u00e9s"},"content":{"rendered":"<p>Clean Mass Gainer vous apporte un m\u00e9lange \u00e9quilibr\u00e9 de prot\u00e9ines de haute qualit\u00e9 et de glucides complexes. Il est disponible en 6 saveurs.<\/p>\n<p>De cette mani\u00e8re, tu augmentes efficacement ton apport calorique dans le cadre d&#8217;une alimentation consciente et tu fournis \u00e0 ton corps l&#8217;\u00e9nergie n\u00e9cessaire.<\/p>\n<p>Contient en outre de la brom\u00e9la\u00efne et de la lactase pour favoriser l&#8217;absorption des nutriments.<\/p>\n<ul>\n<li>V\u00e9gan<\/li>\n<li>Fabriqu\u00e9 selon les normes de qualit\u00e9 strictes de l&#8217;UE<\/li>\n<\/ul>\n","protected":false},"excerpt":{"rendered":"<p>Clean Mass Gainer vous apporte un m\u00e9lange \u00e9quilibr\u00e9 de prot\u00e9ines de haute qualit\u00e9 et de glucides complexes. Il est disponible en 6 saveurs. De cette mani\u00e8re, tu augmentes efficacement ton apport calorique dans le cadre d&#8217;une alimentation consciente et tu fournis \u00e0 ton corps l&#8217;\u00e9nergie n\u00e9cessaire. Contient en outre de la brom\u00e9la\u00efne et de la [&hellip;]<\/p>\n","protected":false},"featured_media":62537,"template":"","meta":{"_acf_changed":false},"product_brand":[10197],"product_cat":[348,365],"product_tag":[],"class_list":{"0":"post-25933","1":"product","2":"type-product","3":"status-publish","4":"has-post-thumbnail","6":"product_brand-gen-german-elite-nutrition-fr","7":"product_cat-nutriments","8":"product_cat-produits-de-a-a-z","10":"first","11":"instock","12":"taxable","13":"shipping-taxable","14":"purchasable","15":"product-type-variable"},"acf":[],"_links":{"self":[{"href":"https:\/\/vitalstoffversand.com\/fr\/wp-json\/wp\/v2\/product\/25933","targetHints":{"allow":["GET"]}}],"collection":[{"href":"https:\/\/vitalstoffversand.com\/fr\/wp-json\/wp\/v2\/product"}],"about":[{"href":"https:\/\/vitalstoffversand.com\/fr\/wp-json\/wp\/v2\/types\/product"}],"wp:featuredmedia":[{"embeddable":true,"href":"https:\/\/vitalstoffversand.com\/fr\/wp-json\/wp\/v2\/media\/62537"}],"wp:attachment":[{"href":"https:\/\/vitalstoffversand.com\/fr\/wp-json\/wp\/v2\/media?parent=25933"}],"wp:term":[{"taxonomy":"product_brand","embeddable":true,"href":"https:\/\/vitalstoffversand.com\/fr\/wp-json\/wp\/v2\/product_brand?post=25933"},{"taxonomy":"product_cat","embeddable":true,"href":"https:\/\/vitalstoffversand.com\/fr\/wp-json\/wp\/v2\/product_cat?post=25933"},{"taxonomy":"product_tag","embeddable":true,"href":"https:\/\/vitalstoffversand.com\/fr\/wp-json\/wp\/v2\/product_tag?post=25933"}],"curies":[{"name":"wp","href":"https:\/\/api.w.org\/{rel}","templated":true}]}}