{"id":25903,"date":"2025-04-10T17:25:01","date_gmt":"2025-04-10T15:25:01","guid":{"rendered":"https:\/\/vitalstoffversand.com\/?post_type=product&#038;p=25903"},"modified":"2026-03-12T13:00:08","modified_gmt":"2026-03-12T12:00:08","slug":"gen-fadogia-agrestis-180-gelules-kopie","status":"publish","type":"product","link":"https:\/\/vitalstoffversand.com\/fr\/produit\/gen-fadogia-agrestis-180-gelules-kopie\/","title":{"rendered":"GEN <br>Heart Essentials &#8211; 120 g\u00e9lules"},"content":{"rendered":"<p>L&#8217;\u00e9quilibre du syst\u00e8me cardio-vasculaire n&#8217;est pas une question d&#8217;\u00e2ge, mais de soins quotidiens.<\/p>\n<p>C&#8217;est pr\u00e9cis\u00e9ment pour ce type de soins que Heart Essentials, compos\u00e9 de 8 ingr\u00e9dients bioactifs, a \u00e9t\u00e9 d\u00e9velopp\u00e9.<\/p>\n<p>Contient : Arjuna, Citrus Bergamot, Marron d&#8217;Inde, Resv\u00e9ratrol, Coenzyme Q10, Feuille d&#8217;olivier, Pip\u00e9rine et <strong><span style=\"color: #0000ff;\"><a style=\"color: #0000ff;\" href=\"https:\/\/vitalstoffversand.com\/knowledge-base\/vitamin-b1-thiamin\/\" target=\"_blank\" rel=\"noopener\">\u2192 Vitamine B1<\/a><\/span><\/strong>.<\/p>\n<ul>\n<li>V\u00e9gan<\/li>\n<li>Sans gluten<\/li>\n<li>Sans lactose<\/li>\n<li>Sans OGM<\/li>\n<li>Fabriqu\u00e9 selon les normes de qualit\u00e9 strictes de l&#8217;UE<\/li>\n<\/ul>\n","protected":false},"excerpt":{"rendered":"<p>L&#8217;\u00e9quilibre du syst\u00e8me cardio-vasculaire n&#8217;est pas une question d&#8217;\u00e2ge, mais de soins quotidiens. C&#8217;est pr\u00e9cis\u00e9ment pour ce type de soins que Heart Essentials, compos\u00e9 de 8 ingr\u00e9dients bioactifs, a \u00e9t\u00e9 d\u00e9velopp\u00e9. Contient : Arjuna, Citrus Bergamot, Marron d&#8217;Inde, Resv\u00e9ratrol, Coenzyme Q10, Feuille d&#8217;olivier, Pip\u00e9rine et \u2192 Vitamine B1. V\u00e9gan Sans gluten Sans lactose Sans OGM [&hellip;]<\/p>\n","protected":false},"featured_media":48028,"template":"","meta":{"_acf_changed":false},"product_brand":[10197],"product_cat":[348,365],"product_tag":[],"class_list":{"0":"post-25903","1":"product","2":"type-product","3":"status-publish","4":"has-post-thumbnail","6":"product_brand-gen-german-elite-nutrition-fr","7":"product_cat-nutriments","8":"product_cat-produits-de-a-a-z","10":"first","11":"instock","12":"taxable","13":"shipping-taxable","14":"purchasable","15":"product-type-simple"},"acf":[],"_links":{"self":[{"href":"https:\/\/vitalstoffversand.com\/fr\/wp-json\/wp\/v2\/product\/25903","targetHints":{"allow":["GET"]}}],"collection":[{"href":"https:\/\/vitalstoffversand.com\/fr\/wp-json\/wp\/v2\/product"}],"about":[{"href":"https:\/\/vitalstoffversand.com\/fr\/wp-json\/wp\/v2\/types\/product"}],"wp:featuredmedia":[{"embeddable":true,"href":"https:\/\/vitalstoffversand.com\/fr\/wp-json\/wp\/v2\/media\/48028"}],"wp:attachment":[{"href":"https:\/\/vitalstoffversand.com\/fr\/wp-json\/wp\/v2\/media?parent=25903"}],"wp:term":[{"taxonomy":"product_brand","embeddable":true,"href":"https:\/\/vitalstoffversand.com\/fr\/wp-json\/wp\/v2\/product_brand?post=25903"},{"taxonomy":"product_cat","embeddable":true,"href":"https:\/\/vitalstoffversand.com\/fr\/wp-json\/wp\/v2\/product_cat?post=25903"},{"taxonomy":"product_tag","embeddable":true,"href":"https:\/\/vitalstoffversand.com\/fr\/wp-json\/wp\/v2\/product_tag?post=25903"}],"curies":[{"name":"wp","href":"https:\/\/api.w.org\/{rel}","templated":true}]}}