{"id":2586,"date":"2024-10-30T10:55:46","date_gmt":"2024-10-30T09:55:46","guid":{"rendered":"https:\/\/dev.vitalstoffversand.com\/?post_type=product&#038;p=2586"},"modified":"2026-03-12T14:15:49","modified_gmt":"2026-03-12T13:15:49","slug":"vit4ever-vitamine-a-3000-%c2%b5g-10-000-ui-240-comprimes-kopie-kopie","status":"publish","type":"product","link":"https:\/\/vitalstoffversand.com\/fr\/produit\/vit4ever-vitamine-a-3000-%c2%b5g-10-000-ui-240-comprimes-kopie-kopie\/","title":{"rendered":"Vit4ever <br>Superfood Mix &#8211; 420 g"},"content":{"rendered":"<p>M\u00e9lange d&#8217;herbe d&#8217;orge, de guarana, de maca, de moringa, de spiruline et de chlorella \u00e0 l&#8217;ar\u00f4me naturel de citron.<\/p>\n<p>Fournit une abondance de vitamines naturelles, de micro et macronutriments, d&#8217;antioxydants et de substances v\u00e9g\u00e9tales et peut compl\u00e9ter utilement les besoins quotidiens en fruits et l\u00e9gumes, mais ne les remplace \u00e9videmment pas.<\/p>\n<ul>\n<li>V\u00e9gan<\/li>\n<li>Sans gluten<\/li>\n<li>Sans lactose<\/li>\n<li>Sans OGM<\/li>\n<li>Fabriqu\u00e9 selon les normes de qualit\u00e9 strictes de l&#8217;UE<\/li>\n<\/ul>\n","protected":false},"excerpt":{"rendered":"<p>M\u00e9lange d&#8217;herbe d&#8217;orge, de guarana, de maca, de moringa, de spiruline et de chlorella \u00e0 l&#8217;ar\u00f4me naturel de citron. Fournit une abondance de vitamines naturelles, de micro et macronutriments, d&#8217;antioxydants et de substances v\u00e9g\u00e9tales et peut compl\u00e9ter utilement les besoins quotidiens en fruits et l\u00e9gumes, mais ne les remplace \u00e9videmment pas. V\u00e9gan Sans gluten Sans [&hellip;]<\/p>\n","protected":false},"featured_media":49276,"template":"","meta":{"_acf_changed":false},"product_brand":[10217],"product_cat":[348,365],"product_tag":[],"class_list":{"0":"post-2586","1":"product","2":"type-product","3":"status-publish","4":"has-post-thumbnail","6":"product_brand-vit4ever-fr","7":"product_cat-nutriments","8":"product_cat-produits-de-a-a-z","10":"first","11":"instock","12":"taxable","13":"shipping-taxable","14":"purchasable","15":"product-type-simple"},"acf":[],"_links":{"self":[{"href":"https:\/\/vitalstoffversand.com\/fr\/wp-json\/wp\/v2\/product\/2586","targetHints":{"allow":["GET"]}}],"collection":[{"href":"https:\/\/vitalstoffversand.com\/fr\/wp-json\/wp\/v2\/product"}],"about":[{"href":"https:\/\/vitalstoffversand.com\/fr\/wp-json\/wp\/v2\/types\/product"}],"wp:featuredmedia":[{"embeddable":true,"href":"https:\/\/vitalstoffversand.com\/fr\/wp-json\/wp\/v2\/media\/49276"}],"wp:attachment":[{"href":"https:\/\/vitalstoffversand.com\/fr\/wp-json\/wp\/v2\/media?parent=2586"}],"wp:term":[{"taxonomy":"product_brand","embeddable":true,"href":"https:\/\/vitalstoffversand.com\/fr\/wp-json\/wp\/v2\/product_brand?post=2586"},{"taxonomy":"product_cat","embeddable":true,"href":"https:\/\/vitalstoffversand.com\/fr\/wp-json\/wp\/v2\/product_cat?post=2586"},{"taxonomy":"product_tag","embeddable":true,"href":"https:\/\/vitalstoffversand.com\/fr\/wp-json\/wp\/v2\/product_tag?post=2586"}],"curies":[{"name":"wp","href":"https:\/\/api.w.org\/{rel}","templated":true}]}}