{"id":25290,"date":"2025-04-08T11:28:49","date_gmt":"2025-04-08T09:28:49","guid":{"rendered":"https:\/\/vitalstoffversand.com\/produkt\/vit4ever-yummy-whey-908-g-differentes-varietes\/"},"modified":"2026-03-30T14:31:01","modified_gmt":"2026-03-30T12:31:01","slug":"vit4ever-yummy-whey-908-g-differentes-varietes","status":"publish","type":"product","link":"https:\/\/vitalstoffversand.com\/fr\/produit\/vit4ever-yummy-whey-908-g-differentes-varietes\/","title":{"rendered":"Vit4ever <br>Yummy Whey &#8211; diff\u00e9rentes saveurs"},"content":{"rendered":"<p>Yummy Whey est un shake prot\u00e9in\u00e9 qui offre une exp\u00e9rience gustative d&#8217;un genre particulier.<\/p>\n<p>En sachet de 908 grammes, ou en sachet individuel de 30 grammes, si tu souhaites d&#8217;abord go\u00fbter.<\/p>\n<p>Avec ses diff\u00e9rents parfums, cette poudre prot\u00e9in\u00e9e est un v\u00e9ritable atout, que ce soit m\u00e9lang\u00e9e \u00e0 de l&#8217;eau ou \u00e0 du lait, ou encore pour agr\u00e9menter des c\u00e9r\u00e9ales, des smoothies, des p\u00e2tisseries ou des desserts.<\/p>\n<p>Prot\u00e9ines de marque de haute qualit\u00e9 contenant, selon le parfum, au moins 65 % de prot\u00e9ines et pr\u00e9sentant un profil naturel en acides amin\u00e9s.<\/p>\n<p>La poudre est parfaitement soluble, en outre pauvre en sucre et en mati\u00e8res grasses et enrichie en lactase, ce qui la rend \u00e9galement adapt\u00e9e aux personnes souffrant d&#8217;intol\u00e9rance au lactose.<\/p>\n<ul>\n<li>Fabriqu\u00e9 selon les normes de qualit\u00e9 strictes de l&#8217;UE<\/li>\n<\/ul>\n","protected":false},"excerpt":{"rendered":"<p>Yummy Whey est un shake prot\u00e9in\u00e9 qui offre une exp\u00e9rience gustative d&#8217;un genre particulier. En sachet de 908 grammes, ou en sachet individuel de 30 grammes, si tu souhaites d&#8217;abord go\u00fbter. Avec ses diff\u00e9rents parfums, cette poudre prot\u00e9in\u00e9e est un v\u00e9ritable atout, que ce soit m\u00e9lang\u00e9e \u00e0 de l&#8217;eau ou \u00e0 du lait, ou encore [&hellip;]<\/p>\n","protected":false},"featured_media":63914,"template":"","meta":{"_acf_changed":false},"product_brand":[10217],"product_cat":[345,365],"product_tag":[],"class_list":{"0":"post-25290","1":"product","2":"type-product","3":"status-publish","4":"has-post-thumbnail","6":"product_brand-vit4ever-fr","7":"product_cat-proteines","8":"product_cat-produits-de-a-a-z","10":"first","11":"instock","12":"taxable","13":"shipping-taxable","14":"purchasable","15":"product-type-variable"},"acf":[],"_links":{"self":[{"href":"https:\/\/vitalstoffversand.com\/fr\/wp-json\/wp\/v2\/product\/25290","targetHints":{"allow":["GET"]}}],"collection":[{"href":"https:\/\/vitalstoffversand.com\/fr\/wp-json\/wp\/v2\/product"}],"about":[{"href":"https:\/\/vitalstoffversand.com\/fr\/wp-json\/wp\/v2\/types\/product"}],"wp:featuredmedia":[{"embeddable":true,"href":"https:\/\/vitalstoffversand.com\/fr\/wp-json\/wp\/v2\/media\/63914"}],"wp:attachment":[{"href":"https:\/\/vitalstoffversand.com\/fr\/wp-json\/wp\/v2\/media?parent=25290"}],"wp:term":[{"taxonomy":"product_brand","embeddable":true,"href":"https:\/\/vitalstoffversand.com\/fr\/wp-json\/wp\/v2\/product_brand?post=25290"},{"taxonomy":"product_cat","embeddable":true,"href":"https:\/\/vitalstoffversand.com\/fr\/wp-json\/wp\/v2\/product_cat?post=25290"},{"taxonomy":"product_tag","embeddable":true,"href":"https:\/\/vitalstoffversand.com\/fr\/wp-json\/wp\/v2\/product_tag?post=25290"}],"curies":[{"name":"wp","href":"https:\/\/api.w.org\/{rel}","templated":true}]}}