{"id":25237,"date":"2025-04-08T12:09:09","date_gmt":"2025-04-08T10:09:09","guid":{"rendered":"https:\/\/vitalstoffversand.com\/?post_type=product&#038;p=25237"},"modified":"2026-03-16T18:33:53","modified_gmt":"2026-03-16T17:33:53","slug":"vit4ever-shilajit-mumijo-180-gelules-kopie-kopie-kopie-kopie-kopie-kopie-kopie-kopie-kopie-kopie-kopie","status":"publish","type":"product","link":"https:\/\/vitalstoffversand.com\/fr\/produit\/vit4ever-shilajit-mumijo-180-gelules-kopie-kopie-kopie-kopie-kopie-kopie-kopie-kopie-kopie-kopie-kopie\/","title":{"rendered":"Vit4ever <br>D-Mannose + Cranberry &#8211; 250 g"},"content":{"rendered":"<p>La m\u00e9decine populaire attribue au D-mannose et \u00e0 la canneberge des propri\u00e9t\u00e9s positives dans le traitement des cystites d&#8217;origine bact\u00e9rienne.<\/p>\n<p>Les deux ingr\u00e9dients sont bien tol\u00e9r\u00e9s et peuvent \u00eatre int\u00e9gr\u00e9s \u00e0 long terme dans l&#8217;alimentation quotidienne.<\/p>\n<ul>\n<li>V\u00e9gan<\/li>\n<li>Sans gluten<\/li>\n<li>Sans lactose<\/li>\n<li>Sans OGM<\/li>\n<li>Fabriqu\u00e9 selon les normes de qualit\u00e9 strictes de l&#8217;UE<\/li>\n<\/ul>\n","protected":false},"excerpt":{"rendered":"<p>La m\u00e9decine populaire attribue au D-mannose et \u00e0 la canneberge des propri\u00e9t\u00e9s positives dans le traitement des cystites d&#8217;origine bact\u00e9rienne. Les deux ingr\u00e9dients sont bien tol\u00e9r\u00e9s et peuvent \u00eatre int\u00e9gr\u00e9s \u00e0 long terme dans l&#8217;alimentation quotidienne. V\u00e9gan Sans gluten Sans lactose Sans OGM Fabriqu\u00e9 selon les normes de qualit\u00e9 strictes de l&#8217;UE<\/p>\n","protected":false},"featured_media":57735,"template":"","meta":{"_acf_changed":false},"product_brand":[10217],"product_cat":[348,365],"product_tag":[],"class_list":{"0":"post-25237","1":"product","2":"type-product","3":"status-publish","4":"has-post-thumbnail","6":"product_brand-vit4ever-fr","7":"product_cat-nutriments","8":"product_cat-produits-de-a-a-z","10":"first","11":"instock","12":"taxable","13":"shipping-taxable","14":"purchasable","15":"product-type-simple"},"acf":[],"_links":{"self":[{"href":"https:\/\/vitalstoffversand.com\/fr\/wp-json\/wp\/v2\/product\/25237","targetHints":{"allow":["GET"]}}],"collection":[{"href":"https:\/\/vitalstoffversand.com\/fr\/wp-json\/wp\/v2\/product"}],"about":[{"href":"https:\/\/vitalstoffversand.com\/fr\/wp-json\/wp\/v2\/types\/product"}],"wp:featuredmedia":[{"embeddable":true,"href":"https:\/\/vitalstoffversand.com\/fr\/wp-json\/wp\/v2\/media\/57735"}],"wp:attachment":[{"href":"https:\/\/vitalstoffversand.com\/fr\/wp-json\/wp\/v2\/media?parent=25237"}],"wp:term":[{"taxonomy":"product_brand","embeddable":true,"href":"https:\/\/vitalstoffversand.com\/fr\/wp-json\/wp\/v2\/product_brand?post=25237"},{"taxonomy":"product_cat","embeddable":true,"href":"https:\/\/vitalstoffversand.com\/fr\/wp-json\/wp\/v2\/product_cat?post=25237"},{"taxonomy":"product_tag","embeddable":true,"href":"https:\/\/vitalstoffversand.com\/fr\/wp-json\/wp\/v2\/product_tag?post=25237"}],"curies":[{"name":"wp","href":"https:\/\/api.w.org\/{rel}","templated":true}]}}