{"id":24706,"date":"2025-04-07T17:18:06","date_gmt":"2025-04-07T15:18:06","guid":{"rendered":"https:\/\/vitalstoffversand.com\/?post_type=product&#038;p=24706"},"modified":"2026-03-16T17:45:46","modified_gmt":"2026-03-16T16:45:46","slug":"vit4ever-shilajit-mumijo-180-gelules-kopie-kopie-kopie-kopie-kopie-kopie-kopie-kopie-kopie","status":"publish","type":"product","link":"https:\/\/vitalstoffversand.com\/fr\/produit\/vit4ever-shilajit-mumijo-180-gelules-kopie-kopie-kopie-kopie-kopie-kopie-kopie-kopie-kopie\/","title":{"rendered":"Vit4ever <br>Extrait de sauge &#8211; 240 g\u00e9lules"},"content":{"rendered":"<p>La sauge est appr\u00e9ci\u00e9e et utilis\u00e9e depuis des si\u00e8cles dans la m\u00e9decine populaire et naturelle, mais aussi dans la cuisine, comme plante m\u00e9dicinale et aromatique pr\u00e9cieuse.<\/p>\n<p>La sauge contient de pr\u00e9cieuses huiles essentielles qui sont \u00e9galement repr\u00e9sent\u00e9es dans cet extrait \u00e0 hauteur de 2 %, ce qui permet de pr\u00e9server le caract\u00e8re naturel de la plante.<\/p>\n<ul>\n<li>V\u00e9gan<\/li>\n<li>Sans gluten<\/li>\n<li>Sans lactose<\/li>\n<li>Sans OGM<\/li>\n<li>Fabriqu\u00e9 selon les normes de qualit\u00e9 strictes de l&#8217;UE<\/li>\n<\/ul>\n","protected":false},"excerpt":{"rendered":"<p>La sauge est appr\u00e9ci\u00e9e et utilis\u00e9e depuis des si\u00e8cles dans la m\u00e9decine populaire et naturelle, mais aussi dans la cuisine, comme plante m\u00e9dicinale et aromatique pr\u00e9cieuse. La sauge contient de pr\u00e9cieuses huiles essentielles qui sont \u00e9galement repr\u00e9sent\u00e9es dans cet extrait \u00e0 hauteur de 2 %, ce qui permet de pr\u00e9server le caract\u00e8re naturel de la [&hellip;]<\/p>\n","protected":false},"featured_media":57223,"template":"","meta":{"_acf_changed":false},"product_brand":[10217],"product_cat":[348,365],"product_tag":[],"class_list":{"0":"post-24706","1":"product","2":"type-product","3":"status-publish","4":"has-post-thumbnail","6":"product_brand-vit4ever-fr","7":"product_cat-nutriments","8":"product_cat-produits-de-a-a-z","10":"first","11":"instock","12":"taxable","13":"shipping-taxable","14":"purchasable","15":"product-type-simple"},"acf":[],"_links":{"self":[{"href":"https:\/\/vitalstoffversand.com\/fr\/wp-json\/wp\/v2\/product\/24706","targetHints":{"allow":["GET"]}}],"collection":[{"href":"https:\/\/vitalstoffversand.com\/fr\/wp-json\/wp\/v2\/product"}],"about":[{"href":"https:\/\/vitalstoffversand.com\/fr\/wp-json\/wp\/v2\/types\/product"}],"wp:featuredmedia":[{"embeddable":true,"href":"https:\/\/vitalstoffversand.com\/fr\/wp-json\/wp\/v2\/media\/57223"}],"wp:attachment":[{"href":"https:\/\/vitalstoffversand.com\/fr\/wp-json\/wp\/v2\/media?parent=24706"}],"wp:term":[{"taxonomy":"product_brand","embeddable":true,"href":"https:\/\/vitalstoffversand.com\/fr\/wp-json\/wp\/v2\/product_brand?post=24706"},{"taxonomy":"product_cat","embeddable":true,"href":"https:\/\/vitalstoffversand.com\/fr\/wp-json\/wp\/v2\/product_cat?post=24706"},{"taxonomy":"product_tag","embeddable":true,"href":"https:\/\/vitalstoffversand.com\/fr\/wp-json\/wp\/v2\/product_tag?post=24706"}],"curies":[{"name":"wp","href":"https:\/\/api.w.org\/{rel}","templated":true}]}}