{"id":24616,"date":"2025-04-07T16:39:22","date_gmt":"2025-04-07T14:39:22","guid":{"rendered":"https:\/\/vitalstoffversand.com\/?post_type=product&#038;p=24616"},"modified":"2026-03-16T17:24:59","modified_gmt":"2026-03-16T16:24:59","slug":"vit4ever-shilajit-mumijo-180-gelules-kopie-kopie-kopie-kopie-kopie-kopie","status":"publish","type":"product","link":"https:\/\/vitalstoffversand.com\/fr\/produit\/vit4ever-shilajit-mumijo-180-gelules-kopie-kopie-kopie-kopie-kopie-kopie\/","title":{"rendered":"Vit4ever <br>Complexe de magn\u00e9sium 11x &#8211; 240 g\u00e9lules"},"content":{"rendered":"<p>Le complexe de magn\u00e9sium 11 fois offre au corps pas moins de 11 compos\u00e9s de magn\u00e9sium diff\u00e9rents qui agissent ensemble comme un orchestre bien coordonn\u00e9 et fournissent \u00e0 ton corps du <strong><span style=\"color: #0000ff;\"><a style=\"color: #0000ff;\" href=\"https:\/\/vitalstoffversand.com\/knowledge-base\/magnesium\/\" target=\"_blank\" rel=\"noopener\">\u2192 magn\u00e9sium<\/a><\/span><\/strong> \u00e9l\u00e9mentaire de mani\u00e8re diff\u00e9rente mais optimale gr\u00e2ce aux propri\u00e9t\u00e9s respectives de ces compos\u00e9s.<\/p>\n<p>Les diff\u00e9rents compos\u00e9s garantissent un m\u00e9lange unique des avantages de chaque compos\u00e9 en termes de tol\u00e9rance, d&#8217;absorbabilit\u00e9, de vitesse d&#8217;absorption, de teneur en magn\u00e9sium et de biodisponibilit\u00e9.<\/p>\n<ul>\n<li>V\u00e9gan<\/li>\n<li>Sans gluten<\/li>\n<li>Sans lactose<\/li>\n<li>Sans OGM<\/li>\n<li>Fabriqu\u00e9 selon les normes de qualit\u00e9 strictes de l&#8217;UE<\/li>\n<\/ul>\n","protected":false},"excerpt":{"rendered":"<p>Le complexe de magn\u00e9sium 11 fois offre au corps pas moins de 11 compos\u00e9s de magn\u00e9sium diff\u00e9rents qui agissent ensemble comme un orchestre bien coordonn\u00e9 et fournissent \u00e0 ton corps du \u2192 magn\u00e9sium \u00e9l\u00e9mentaire de mani\u00e8re diff\u00e9rente mais optimale gr\u00e2ce aux propri\u00e9t\u00e9s respectives de ces compos\u00e9s. Les diff\u00e9rents compos\u00e9s garantissent un m\u00e9lange unique des avantages [&hellip;]<\/p>\n","protected":false},"featured_media":57103,"template":"","meta":{"_acf_changed":false},"product_brand":[10217],"product_cat":[340,365],"product_tag":[],"class_list":{"0":"post-24616","1":"product","2":"type-product","3":"status-publish","4":"has-post-thumbnail","6":"product_brand-vit4ever-fr","7":"product_cat-mineraux-oligo-elements","8":"product_cat-produits-de-a-a-z","10":"first","11":"instock","12":"taxable","13":"shipping-taxable","14":"purchasable","15":"product-type-simple"},"acf":[],"_links":{"self":[{"href":"https:\/\/vitalstoffversand.com\/fr\/wp-json\/wp\/v2\/product\/24616","targetHints":{"allow":["GET"]}}],"collection":[{"href":"https:\/\/vitalstoffversand.com\/fr\/wp-json\/wp\/v2\/product"}],"about":[{"href":"https:\/\/vitalstoffversand.com\/fr\/wp-json\/wp\/v2\/types\/product"}],"wp:featuredmedia":[{"embeddable":true,"href":"https:\/\/vitalstoffversand.com\/fr\/wp-json\/wp\/v2\/media\/57103"}],"wp:attachment":[{"href":"https:\/\/vitalstoffversand.com\/fr\/wp-json\/wp\/v2\/media?parent=24616"}],"wp:term":[{"taxonomy":"product_brand","embeddable":true,"href":"https:\/\/vitalstoffversand.com\/fr\/wp-json\/wp\/v2\/product_brand?post=24616"},{"taxonomy":"product_cat","embeddable":true,"href":"https:\/\/vitalstoffversand.com\/fr\/wp-json\/wp\/v2\/product_cat?post=24616"},{"taxonomy":"product_tag","embeddable":true,"href":"https:\/\/vitalstoffversand.com\/fr\/wp-json\/wp\/v2\/product_tag?post=24616"}],"curies":[{"name":"wp","href":"https:\/\/api.w.org\/{rel}","templated":true}]}}