{"id":24573,"date":"2025-04-07T16:17:31","date_gmt":"2025-04-07T14:17:31","guid":{"rendered":"https:\/\/vitalstoffversand.com\/?post_type=product&#038;p=24573"},"modified":"2026-03-16T17:19:08","modified_gmt":"2026-03-16T16:19:08","slug":"vit4ever-shilajit-mumijo-180-gelules-kopie-kopie-kopie-kopie-kopie","status":"publish","type":"product","link":"https:\/\/vitalstoffversand.com\/fr\/produit\/vit4ever-shilajit-mumijo-180-gelules-kopie-kopie-kopie-kopie-kopie\/","title":{"rendered":"Vit4ever <br>Extrait de p\u00e9pins de raisin OPC + vitamine C &#8211; 300 g"},"content":{"rendered":"<p>Extrait de p\u00e9pins de raisin OPC avec de la vitamine C naturelle issue de l&#8217;ac\u00e9rola.<\/p>\n<p>Les OPC (oligom\u00e8res proanthocyanidines) font partie des compos\u00e9s v\u00e9g\u00e9taux naturels et se trouvent entre autres dans les p\u00e9pins de raisin.<\/p>\n<p>Le produit est optimis\u00e9 par la vitamine C, qui assure en synergie une meilleure absorption des OPC.<\/p>\n<ul>\n<li>V\u00e9gan<\/li>\n<li>Sans gluten<\/li>\n<li>Sans lactose<\/li>\n<li>Sans OGM<\/li>\n<li>Fabriqu\u00e9 selon les normes de qualit\u00e9 strictes de l&#8217;UE<\/li>\n<\/ul>\n","protected":false},"excerpt":{"rendered":"<p>Extrait de p\u00e9pins de raisin OPC avec de la vitamine C naturelle issue de l&#8217;ac\u00e9rola. Les OPC (oligom\u00e8res proanthocyanidines) font partie des compos\u00e9s v\u00e9g\u00e9taux naturels et se trouvent entre autres dans les p\u00e9pins de raisin. Le produit est optimis\u00e9 par la vitamine C, qui assure en synergie une meilleure absorption des OPC. V\u00e9gan Sans gluten [&hellip;]<\/p>\n","protected":false},"featured_media":57063,"template":"","meta":{"_acf_changed":false},"product_brand":[10217],"product_cat":[348,365],"product_tag":[],"class_list":{"0":"post-24573","1":"product","2":"type-product","3":"status-publish","4":"has-post-thumbnail","6":"product_brand-vit4ever-fr","7":"product_cat-nutriments","8":"product_cat-produits-de-a-a-z","10":"first","11":"instock","12":"taxable","13":"shipping-taxable","14":"purchasable","15":"product-type-simple"},"acf":[],"_links":{"self":[{"href":"https:\/\/vitalstoffversand.com\/fr\/wp-json\/wp\/v2\/product\/24573","targetHints":{"allow":["GET"]}}],"collection":[{"href":"https:\/\/vitalstoffversand.com\/fr\/wp-json\/wp\/v2\/product"}],"about":[{"href":"https:\/\/vitalstoffversand.com\/fr\/wp-json\/wp\/v2\/types\/product"}],"wp:featuredmedia":[{"embeddable":true,"href":"https:\/\/vitalstoffversand.com\/fr\/wp-json\/wp\/v2\/media\/57063"}],"wp:attachment":[{"href":"https:\/\/vitalstoffversand.com\/fr\/wp-json\/wp\/v2\/media?parent=24573"}],"wp:term":[{"taxonomy":"product_brand","embeddable":true,"href":"https:\/\/vitalstoffversand.com\/fr\/wp-json\/wp\/v2\/product_brand?post=24573"},{"taxonomy":"product_cat","embeddable":true,"href":"https:\/\/vitalstoffversand.com\/fr\/wp-json\/wp\/v2\/product_cat?post=24573"},{"taxonomy":"product_tag","embeddable":true,"href":"https:\/\/vitalstoffversand.com\/fr\/wp-json\/wp\/v2\/product_tag?post=24573"}],"curies":[{"name":"wp","href":"https:\/\/api.w.org\/{rel}","templated":true}]}}