{"id":24485,"date":"2025-04-07T13:52:30","date_gmt":"2025-04-07T11:52:30","guid":{"rendered":"https:\/\/vitalstoffversand.com\/?post_type=product&#038;p=24485"},"modified":"2026-03-16T16:27:44","modified_gmt":"2026-03-16T15:27:44","slug":"vit4ever-shilajit-mumijo-180-gelules-kopie-kopie-kopie","status":"publish","type":"product","link":"https:\/\/vitalstoffversand.com\/fr\/produit\/vit4ever-shilajit-mumijo-180-gelules-kopie-kopie-kopie\/","title":{"rendered":"Vit4ever <br>Extrait d&#8217;ortie bio &#8211; 240 g\u00e9lules"},"content":{"rendered":"<p>Les orties (lat. : Urtica dioica) sont appr\u00e9ci\u00e9es et utilis\u00e9es depuis des si\u00e8cles dans la m\u00e9decine naturelle.<\/p>\n<p>Cette plante peu exigeante et tr\u00e8s r\u00e9pandue offre un large \u00e9ventail de substances v\u00e9g\u00e9tales.<\/p>\n<ul>\n<li>V\u00e9gan<\/li>\n<li>Sans gluten<\/li>\n<li>Sans lactose<\/li>\n<li>Sans OGM<\/li>\n<li>Fabriqu\u00e9 selon les normes de qualit\u00e9 strictes de l&#8217;UE<\/li>\n<\/ul>\n","protected":false},"excerpt":{"rendered":"<p>Les orties (lat. : Urtica dioica) sont appr\u00e9ci\u00e9es et utilis\u00e9es depuis des si\u00e8cles dans la m\u00e9decine naturelle. Cette plante peu exigeante et tr\u00e8s r\u00e9pandue offre un large \u00e9ventail de substances v\u00e9g\u00e9tales. V\u00e9gan Sans gluten Sans lactose Sans OGM Fabriqu\u00e9 selon les normes de qualit\u00e9 strictes de l&#8217;UE<\/p>\n","protected":false},"featured_media":56943,"template":"","meta":{"_acf_changed":false},"product_brand":[10217],"product_cat":[348,306,365],"product_tag":[],"class_list":{"0":"post-24485","1":"product","2":"type-product","3":"status-publish","4":"has-post-thumbnail","6":"product_brand-vit4ever-fr","7":"product_cat-nutriments","8":"product_cat-bio-fr","9":"product_cat-produits-de-a-a-z","11":"first","12":"instock","13":"taxable","14":"shipping-taxable","15":"purchasable","16":"product-type-simple"},"acf":[],"_links":{"self":[{"href":"https:\/\/vitalstoffversand.com\/fr\/wp-json\/wp\/v2\/product\/24485","targetHints":{"allow":["GET"]}}],"collection":[{"href":"https:\/\/vitalstoffversand.com\/fr\/wp-json\/wp\/v2\/product"}],"about":[{"href":"https:\/\/vitalstoffversand.com\/fr\/wp-json\/wp\/v2\/types\/product"}],"wp:featuredmedia":[{"embeddable":true,"href":"https:\/\/vitalstoffversand.com\/fr\/wp-json\/wp\/v2\/media\/56943"}],"wp:attachment":[{"href":"https:\/\/vitalstoffversand.com\/fr\/wp-json\/wp\/v2\/media?parent=24485"}],"wp:term":[{"taxonomy":"product_brand","embeddable":true,"href":"https:\/\/vitalstoffversand.com\/fr\/wp-json\/wp\/v2\/product_brand?post=24485"},{"taxonomy":"product_cat","embeddable":true,"href":"https:\/\/vitalstoffversand.com\/fr\/wp-json\/wp\/v2\/product_cat?post=24485"},{"taxonomy":"product_tag","embeddable":true,"href":"https:\/\/vitalstoffversand.com\/fr\/wp-json\/wp\/v2\/product_tag?post=24485"}],"curies":[{"name":"wp","href":"https:\/\/api.w.org\/{rel}","templated":true}]}}