{"id":24442,"date":"2025-04-07T12:28:55","date_gmt":"2025-04-07T10:28:55","guid":{"rendered":"https:\/\/vitalstoffversand.com\/?post_type=product&#038;p=24442"},"modified":"2026-03-16T16:24:22","modified_gmt":"2026-03-16T15:24:22","slug":"vit4ever-shilajit-mumijo-180-gelules-kopie-kopie","status":"publish","type":"product","link":"https:\/\/vitalstoffversand.com\/fr\/produit\/vit4ever-shilajit-mumijo-180-gelules-kopie-kopie\/","title":{"rendered":"Vit4ever <br>Extrait de poivre des moines 10:1 &#8211; 365 comprim\u00e9s"},"content":{"rendered":"<p>Le poivre des moines (lat. Vitex Agnus-Castus) est appr\u00e9ci\u00e9 depuis l&#8217;Antiquit\u00e9.<\/p>\n<p>En tant que m\u00e9dicament, le gattilier est utilis\u00e9 en cas de troubles du cycle menstruel ou pour soulager les troubles pr\u00e9menstruels.<\/p>\n<ul>\n<li>V\u00e9gan<\/li>\n<li>Sans gluten<\/li>\n<li>Sans lactose<\/li>\n<li>Sans OGM<\/li>\n<li>Fabriqu\u00e9 selon les normes de qualit\u00e9 strictes de l&#8217;UE<\/li>\n<\/ul>\n","protected":false},"excerpt":{"rendered":"<p>Le poivre des moines (lat. Vitex Agnus-Castus) est appr\u00e9ci\u00e9 depuis l&#8217;Antiquit\u00e9. En tant que m\u00e9dicament, le gattilier est utilis\u00e9 en cas de troubles du cycle menstruel ou pour soulager les troubles pr\u00e9menstruels. V\u00e9gan Sans gluten Sans lactose Sans OGM Fabriqu\u00e9 selon les normes de qualit\u00e9 strictes de l&#8217;UE<\/p>\n","protected":false},"featured_media":56903,"template":"","meta":{"_acf_changed":false},"product_brand":[10217],"product_cat":[348,365],"product_tag":[],"class_list":{"0":"post-24442","1":"product","2":"type-product","3":"status-publish","4":"has-post-thumbnail","6":"product_brand-vit4ever-fr","7":"product_cat-nutriments","8":"product_cat-produits-de-a-a-z","10":"first","11":"outofstock","12":"taxable","13":"shipping-taxable","14":"purchasable","15":"product-type-simple"},"acf":[],"_links":{"self":[{"href":"https:\/\/vitalstoffversand.com\/fr\/wp-json\/wp\/v2\/product\/24442","targetHints":{"allow":["GET"]}}],"collection":[{"href":"https:\/\/vitalstoffversand.com\/fr\/wp-json\/wp\/v2\/product"}],"about":[{"href":"https:\/\/vitalstoffversand.com\/fr\/wp-json\/wp\/v2\/types\/product"}],"wp:featuredmedia":[{"embeddable":true,"href":"https:\/\/vitalstoffversand.com\/fr\/wp-json\/wp\/v2\/media\/56903"}],"wp:attachment":[{"href":"https:\/\/vitalstoffversand.com\/fr\/wp-json\/wp\/v2\/media?parent=24442"}],"wp:term":[{"taxonomy":"product_brand","embeddable":true,"href":"https:\/\/vitalstoffversand.com\/fr\/wp-json\/wp\/v2\/product_brand?post=24442"},{"taxonomy":"product_cat","embeddable":true,"href":"https:\/\/vitalstoffversand.com\/fr\/wp-json\/wp\/v2\/product_cat?post=24442"},{"taxonomy":"product_tag","embeddable":true,"href":"https:\/\/vitalstoffversand.com\/fr\/wp-json\/wp\/v2\/product_tag?post=24442"}],"curies":[{"name":"wp","href":"https:\/\/api.w.org\/{rel}","templated":true}]}}