{"id":24399,"date":"2025-04-07T12:15:41","date_gmt":"2025-04-07T10:15:41","guid":{"rendered":"https:\/\/vitalstoffversand.com\/?post_type=product&#038;p=24399"},"modified":"2026-03-16T12:39:23","modified_gmt":"2026-03-16T11:39:23","slug":"vit4ever-shilajit-mumijo-180-gelules-kopie","status":"publish","type":"product","link":"https:\/\/vitalstoffversand.com\/fr\/produit\/vit4ever-shilajit-mumijo-180-gelules-kopie\/","title":{"rendered":"Vit4ever <br>Iode &#8211; 365 comprim\u00e9s"},"content":{"rendered":"<p><a href=\"https:\/\/vitalstoffversand.com\/knowledge-base\/jod\/\" target=\"_blank\" rel=\"noopener\"><strong><span style=\"color: #0000ff;\">\u2192 L&#8217;iode<\/span><\/strong><\/a> est un oligo-\u00e9l\u00e9ment important pour de nombreux processus dans le corps et une suppl\u00e9mentation peut \u00eatre particuli\u00e8rement utile pour les personnes ayant une alimentation pauvre en iode.<\/p>\n<p>Les femmes enceintes et allaitantes ont \u00e9galement des besoins accrus en iode.<\/p>\n<ul>\n<li>V\u00e9gan<\/li>\n<li>Sans gluten<\/li>\n<li>Sans lactose<\/li>\n<li>Sans OGM<\/li>\n<li>Fabriqu\u00e9 selon les normes de qualit\u00e9 strictes de l&#8217;UE<\/li>\n<\/ul>\n","protected":false},"excerpt":{"rendered":"<p>\u2192 L&#8217;iode est un oligo-\u00e9l\u00e9ment important pour de nombreux processus dans le corps et une suppl\u00e9mentation peut \u00eatre particuli\u00e8rement utile pour les personnes ayant une alimentation pauvre en iode. Les femmes enceintes et allaitantes ont \u00e9galement des besoins accrus en iode. V\u00e9gan Sans gluten Sans lactose Sans OGM Fabriqu\u00e9 selon les normes de qualit\u00e9 strictes [&hellip;]<\/p>\n","protected":false},"featured_media":55295,"template":"","meta":{"_acf_changed":false},"product_brand":[10217],"product_cat":[340,365],"product_tag":[],"class_list":{"0":"post-24399","1":"product","2":"type-product","3":"status-publish","4":"has-post-thumbnail","6":"product_brand-vit4ever-fr","7":"product_cat-mineraux-oligo-elements","8":"product_cat-produits-de-a-a-z","10":"first","11":"instock","12":"taxable","13":"shipping-taxable","14":"purchasable","15":"product-type-simple"},"acf":[],"_links":{"self":[{"href":"https:\/\/vitalstoffversand.com\/fr\/wp-json\/wp\/v2\/product\/24399","targetHints":{"allow":["GET"]}}],"collection":[{"href":"https:\/\/vitalstoffversand.com\/fr\/wp-json\/wp\/v2\/product"}],"about":[{"href":"https:\/\/vitalstoffversand.com\/fr\/wp-json\/wp\/v2\/types\/product"}],"wp:featuredmedia":[{"embeddable":true,"href":"https:\/\/vitalstoffversand.com\/fr\/wp-json\/wp\/v2\/media\/55295"}],"wp:attachment":[{"href":"https:\/\/vitalstoffversand.com\/fr\/wp-json\/wp\/v2\/media?parent=24399"}],"wp:term":[{"taxonomy":"product_brand","embeddable":true,"href":"https:\/\/vitalstoffversand.com\/fr\/wp-json\/wp\/v2\/product_brand?post=24399"},{"taxonomy":"product_cat","embeddable":true,"href":"https:\/\/vitalstoffversand.com\/fr\/wp-json\/wp\/v2\/product_cat?post=24399"},{"taxonomy":"product_tag","embeddable":true,"href":"https:\/\/vitalstoffversand.com\/fr\/wp-json\/wp\/v2\/product_tag?post=24399"}],"curies":[{"name":"wp","href":"https:\/\/api.w.org\/{rel}","templated":true}]}}