{"id":24357,"date":"2025-04-07T11:55:37","date_gmt":"2025-04-07T09:55:37","guid":{"rendered":"https:\/\/vitalstoffversand.com\/?post_type=product&#038;p=24357"},"modified":"2026-03-14T18:54:46","modified_gmt":"2026-03-14T17:54:46","slug":"vit4ever-quercetine-120-gelules-kopie","status":"publish","type":"product","link":"https:\/\/vitalstoffversand.com\/fr\/produit\/vit4ever-quercetine-120-gelules-kopie\/","title":{"rendered":"Vit4ever <br>Corail de mer Sango &#8211; 320 g"},"content":{"rendered":"<p>Le corail sango moulu, originaire d&#8217;Okinawa, a une teneur de 20 % en calcium naturel. <strong><span style=\"color: #0000ff;\"><a style=\"color: #0000ff;\" href=\"https:\/\/vitalstoffversand.com\/knowledge-base\/calcium\/\" target=\"_blank\" rel=\"noopener\">\u2192 calcium<\/a><\/span><\/strong> et 10 % de calcium naturel. <strong><span style=\"color: #0000ff;\"><a style=\"color: #0000ff;\" href=\"https:\/\/vitalstoffversand.com\/knowledge-base\/magnesium\/\" target=\"_blank\" rel=\"noopener\">\u2192 magn\u00e9sium<\/a><\/span><\/strong> ce qui correspond \u00e0 un rapport id\u00e9al de 2:1 entre le calcium et le magn\u00e9sium.<\/p>\n<p>Le corail marin Sango contient \u00e9galement une multitude d&#8217;autres oligo-\u00e9l\u00e9ments et min\u00e9raux, tels que le fer, le silicium, le chrome, le soufre, l&#8217;iode naturel et bien d&#8217;autres encore.<\/p>\n<p>Le produit est totalement exempt de radiation et il n&#8217;y a pas d&#8217;exploitation des r\u00e9cifs coralliens vivants.<\/p>\n<ul>\n<li>V\u00e9gan<\/li>\n<li>Sans gluten<\/li>\n<li>Sans lactose<\/li>\n<li>Sans OGM<\/li>\n<li>Test\u00e9 en laboratoire pour d\u00e9tecter la pr\u00e9sence de substances nocives, d\u00e9terminer la teneur en calcium et en magn\u00e9sium et mesurer le niveau de rayonnement<\/li>\n<li>Fabriqu\u00e9 selon les normes de qualit\u00e9 strictes de l&#8217;UE<\/li>\n<\/ul>\n","protected":false},"excerpt":{"rendered":"<p>Le corail sango moulu, originaire d&#8217;Okinawa, a une teneur de 20 % en calcium naturel. \u2192 calcium et 10 % de calcium naturel. \u2192 magn\u00e9sium ce qui correspond \u00e0 un rapport id\u00e9al de 2:1 entre le calcium et le magn\u00e9sium. Le corail marin Sango contient \u00e9galement une multitude d&#8217;autres oligo-\u00e9l\u00e9ments et min\u00e9raux, tels que le [&hellip;]<\/p>\n","protected":false},"featured_media":52158,"template":"","meta":{"_acf_changed":false},"product_brand":[10217],"product_cat":[340,365],"product_tag":[],"class_list":{"0":"post-24357","1":"product","2":"type-product","3":"status-publish","4":"has-post-thumbnail","6":"product_brand-vit4ever-fr","7":"product_cat-mineraux-oligo-elements","8":"product_cat-produits-de-a-a-z","10":"first","11":"instock","12":"taxable","13":"shipping-taxable","14":"purchasable","15":"product-type-simple"},"acf":[],"_links":{"self":[{"href":"https:\/\/vitalstoffversand.com\/fr\/wp-json\/wp\/v2\/product\/24357","targetHints":{"allow":["GET"]}}],"collection":[{"href":"https:\/\/vitalstoffversand.com\/fr\/wp-json\/wp\/v2\/product"}],"about":[{"href":"https:\/\/vitalstoffversand.com\/fr\/wp-json\/wp\/v2\/types\/product"}],"wp:featuredmedia":[{"embeddable":true,"href":"https:\/\/vitalstoffversand.com\/fr\/wp-json\/wp\/v2\/media\/52158"}],"wp:attachment":[{"href":"https:\/\/vitalstoffversand.com\/fr\/wp-json\/wp\/v2\/media?parent=24357"}],"wp:term":[{"taxonomy":"product_brand","embeddable":true,"href":"https:\/\/vitalstoffversand.com\/fr\/wp-json\/wp\/v2\/product_brand?post=24357"},{"taxonomy":"product_cat","embeddable":true,"href":"https:\/\/vitalstoffversand.com\/fr\/wp-json\/wp\/v2\/product_cat?post=24357"},{"taxonomy":"product_tag","embeddable":true,"href":"https:\/\/vitalstoffversand.com\/fr\/wp-json\/wp\/v2\/product_tag?post=24357"}],"curies":[{"name":"wp","href":"https:\/\/api.w.org\/{rel}","templated":true}]}}