{"id":24260,"date":"2025-04-05T12:39:45","date_gmt":"2025-04-05T10:39:45","guid":{"rendered":"https:\/\/vitalstoffversand.com\/?post_type=product&#038;p=24260"},"modified":"2026-03-14T14:43:49","modified_gmt":"2026-03-14T13:43:49","slug":"vit4ever-5-htp-100-mg-180-capsules-kopie","status":"publish","type":"product","link":"https:\/\/vitalstoffversand.com\/fr\/produit\/vit4ever-5-htp-100-mg-180-capsules-kopie\/","title":{"rendered":"Vit4ever <br>Vitamine B12 au go\u00fbt de framboise &#8211; 365 comprim\u00e9s"},"content":{"rendered":"<div id=\"tab-description\" class=\"woocommerce-Tabs-panel woocommerce-Tabs-panel--description panel entry-content wc-tab\" role=\"tabpanel\" aria-labelledby=\"tab-title-description\"><a href=\"https:\/\/vitalstoffversand.com\/knowledge-base\/vitamin-b12\/\" target=\"_blank\" rel=\"noopener\"><strong><span style=\"color: #0000ff;\">\u2192 La vitamine B12<\/span><\/strong><\/a> se trouve principalement dans les aliments d&#8217;origine animale, d&#8217;o\u00f9 l&#8217;importance d&#8217;une suppl\u00e9mentation, notamment pour les personnes qui suivent principalement ou exclusivement un r\u00e9gime v\u00e9g\u00e9talien ou flexiganien.<\/div>\n<div role=\"tabpanel\" aria-labelledby=\"tab-title-description\"><\/div>\n<div role=\"tabpanel\" aria-labelledby=\"tab-title-description\">Gr\u00e2ce \u00e0 leur administration sublinguale, les pastilles de vitamine B12 offrent une biodisponibilit\u00e9 particuli\u00e8rement \u00e9lev\u00e9e et un d\u00e9licieux go\u00fbt de framboise.<\/div>\n<div role=\"tabpanel\" aria-labelledby=\"tab-title-description\"><\/div>\n<div role=\"tabpanel\" aria-labelledby=\"tab-title-description\">Les comprim\u00e9s peuvent \u00e9galement \u00eatre m\u00e2ch\u00e9s ou aval\u00e9s.<\/div>\n<div role=\"tabpanel\" aria-labelledby=\"tab-title-description\"><\/div>\n<div class=\"woocommerce-Tabs-panel woocommerce-Tabs-panel--description panel entry-content wc-tab\" role=\"tabpanel\" aria-labelledby=\"tab-title-description\">\n<ul>\n<li>V\u00e9gan<\/li>\n<li>Sans gluten<\/li>\n<li>Sans lactose<\/li>\n<li>Sans OGM<\/li>\n<li>Fabriqu\u00e9 selon les normes de qualit\u00e9 strictes de l&#8217;UE<\/li>\n<\/ul>\n<\/div>\n","protected":false},"excerpt":{"rendered":"<p>\u2192 La vitamine B12 se trouve principalement dans les aliments d&#8217;origine animale, d&#8217;o\u00f9 l&#8217;importance d&#8217;une suppl\u00e9mentation, notamment pour les personnes qui suivent principalement ou exclusivement un r\u00e9gime v\u00e9g\u00e9talien ou flexiganien. Gr\u00e2ce \u00e0 leur administration sublinguale, les pastilles de vitamine B12 offrent une biodisponibilit\u00e9 particuli\u00e8rement \u00e9lev\u00e9e et un d\u00e9licieux go\u00fbt de framboise. Les comprim\u00e9s peuvent \u00e9galement [&hellip;]<\/p>\n","protected":false},"featured_media":50404,"template":"","meta":{"_acf_changed":false},"product_brand":[10217],"product_cat":[308,365],"product_tag":[],"class_list":{"0":"post-24260","1":"product","2":"type-product","3":"status-publish","4":"has-post-thumbnail","6":"product_brand-vit4ever-fr","7":"product_cat-vitamines","8":"product_cat-produits-de-a-a-z","10":"first","11":"instock","12":"taxable","13":"shipping-taxable","14":"purchasable","15":"product-type-simple"},"acf":[],"_links":{"self":[{"href":"https:\/\/vitalstoffversand.com\/fr\/wp-json\/wp\/v2\/product\/24260","targetHints":{"allow":["GET"]}}],"collection":[{"href":"https:\/\/vitalstoffversand.com\/fr\/wp-json\/wp\/v2\/product"}],"about":[{"href":"https:\/\/vitalstoffversand.com\/fr\/wp-json\/wp\/v2\/types\/product"}],"wp:featuredmedia":[{"embeddable":true,"href":"https:\/\/vitalstoffversand.com\/fr\/wp-json\/wp\/v2\/media\/50404"}],"wp:attachment":[{"href":"https:\/\/vitalstoffversand.com\/fr\/wp-json\/wp\/v2\/media?parent=24260"}],"wp:term":[{"taxonomy":"product_brand","embeddable":true,"href":"https:\/\/vitalstoffversand.com\/fr\/wp-json\/wp\/v2\/product_brand?post=24260"},{"taxonomy":"product_cat","embeddable":true,"href":"https:\/\/vitalstoffversand.com\/fr\/wp-json\/wp\/v2\/product_cat?post=24260"},{"taxonomy":"product_tag","embeddable":true,"href":"https:\/\/vitalstoffversand.com\/fr\/wp-json\/wp\/v2\/product_tag?post=24260"}],"curies":[{"name":"wp","href":"https:\/\/api.w.org\/{rel}","templated":true}]}}