{"id":2415,"date":"2024-10-27T13:13:29","date_gmt":"2024-10-27T12:13:29","guid":{"rendered":"https:\/\/dev.vitalstoffversand.com\/?post_type=product&#038;p=2415"},"modified":"2026-03-11T13:23:33","modified_gmt":"2026-03-11T12:23:33","slug":"ecorces-de-psyllium-bio-moulues-kopie","status":"publish","type":"product","link":"https:\/\/vitalstoffversand.com\/fr\/produit\/ecorces-de-psyllium-bio-moulues-kopie\/","title":{"rendered":"Natura Med <br>Cosses de psyllium bio moulues &#8211; 250 g"},"content":{"rendered":"<p>La farine ou la poudre de cosse de psyllium biologique moulue poss\u00e8de des propri\u00e9t\u00e9s gonflantes extr\u00eamement puissantes.<\/p>\n<p>Cela fait de ce produit un alli\u00e9 id\u00e9al dans le cadre d&#8217;un r\u00e9gime ou d&#8217;un nettoyage\/assainissement intestinal, ainsi qu&#8217;en cas de constipation aigu\u00eb.<\/p>\n<ul>\n<li>100 % naturel &#8211; sans additifs<\/li>\n<li>V\u00e9gan<\/li>\n<li>Sans gluten<\/li>\n<li>Sans lactose<\/li>\n<li>Sans OGM<\/li>\n<li>Fabriqu\u00e9 selon les normes de qualit\u00e9 strictes de l&#8217;UE<\/li>\n<\/ul>\n","protected":false},"excerpt":{"rendered":"<p>La farine ou la poudre de cosse de psyllium biologique moulue poss\u00e8de des propri\u00e9t\u00e9s gonflantes extr\u00eamement puissantes. Cela fait de ce produit un alli\u00e9 id\u00e9al dans le cadre d&#8217;un r\u00e9gime ou d&#8217;un nettoyage\/assainissement intestinal, ainsi qu&#8217;en cas de constipation aigu\u00eb. 100 % naturel &#8211; sans additifs V\u00e9gan Sans gluten Sans lactose Sans OGM Fabriqu\u00e9 selon [&hellip;]<\/p>\n","protected":false},"featured_media":40500,"template":"","meta":{"_acf_changed":false},"product_brand":[10203],"product_cat":[348,306,365],"product_tag":[],"class_list":{"0":"post-2415","1":"product","2":"type-product","3":"status-publish","4":"has-post-thumbnail","6":"product_brand-natura-med-fr","7":"product_cat-nutriments","8":"product_cat-bio-fr","9":"product_cat-produits-de-a-a-z","11":"first","12":"instock","13":"taxable","14":"shipping-taxable","15":"purchasable","16":"product-type-simple"},"acf":[],"_links":{"self":[{"href":"https:\/\/vitalstoffversand.com\/fr\/wp-json\/wp\/v2\/product\/2415","targetHints":{"allow":["GET"]}}],"collection":[{"href":"https:\/\/vitalstoffversand.com\/fr\/wp-json\/wp\/v2\/product"}],"about":[{"href":"https:\/\/vitalstoffversand.com\/fr\/wp-json\/wp\/v2\/types\/product"}],"wp:featuredmedia":[{"embeddable":true,"href":"https:\/\/vitalstoffversand.com\/fr\/wp-json\/wp\/v2\/media\/40500"}],"wp:attachment":[{"href":"https:\/\/vitalstoffversand.com\/fr\/wp-json\/wp\/v2\/media?parent=2415"}],"wp:term":[{"taxonomy":"product_brand","embeddable":true,"href":"https:\/\/vitalstoffversand.com\/fr\/wp-json\/wp\/v2\/product_brand?post=2415"},{"taxonomy":"product_cat","embeddable":true,"href":"https:\/\/vitalstoffversand.com\/fr\/wp-json\/wp\/v2\/product_cat?post=2415"},{"taxonomy":"product_tag","embeddable":true,"href":"https:\/\/vitalstoffversand.com\/fr\/wp-json\/wp\/v2\/product_tag?post=2415"}],"curies":[{"name":"wp","href":"https:\/\/api.w.org\/{rel}","templated":true}]}}