{"id":24080,"date":"2025-01-14T11:22:53","date_gmt":"2025-01-14T10:22:53","guid":{"rendered":"https:\/\/vitalstoffversand.com\/produkt\/vit4ever-vitamine-b6-365-comprimes\/"},"modified":"2026-03-16T16:06:49","modified_gmt":"2026-03-16T15:06:49","slug":"vit4ever-vitamine-b6-365-comprimes","status":"publish","type":"product","link":"https:\/\/vitalstoffversand.com\/fr\/produit\/vit4ever-vitamine-b6-365-comprimes\/","title":{"rendered":"Vit4ever <br>Vitamine B6 &#8211; 365 Comprim\u00e9s"},"content":{"rendered":"<p><a href=\"https:\/\/vitalstoffversand.com\/knowledge-base\/vitamin-b6\/\" target=\"_blank\" rel=\"noopener\"><strong><span style=\"color: #0000ff;\">\u2192 La vitamine B6<\/span><\/strong><\/a> est une vitamine hydrosoluble et un partenaire de r\u00e9action important dans de nombreux processus m\u00e9taboliques.<\/p>\n<p>Une suppl\u00e9mentation suppl\u00e9mentaire n&#8217;est g\u00e9n\u00e9ralement pas n\u00e9cessaire si l&#8217;alimentation est \u00e9quilibr\u00e9e.<br \/>\nAu contraire, une consommation trop importante \u00e0 long terme peut entra\u00eener des probl\u00e8mes de sant\u00e9.<\/p>\n<ul>\n<li>V\u00e9gan<\/li>\n<li>Sans gluten<\/li>\n<li>Sans lactose<\/li>\n<li>Sans OGM<\/li>\n<li>Fabriqu\u00e9 selon les normes de qualit\u00e9 strictes de l&#8217;UE<\/li>\n<\/ul>\n","protected":false},"excerpt":{"rendered":"<p>\u2192 La vitamine B6 est une vitamine hydrosoluble et un partenaire de r\u00e9action important dans de nombreux processus m\u00e9taboliques. Une suppl\u00e9mentation suppl\u00e9mentaire n&#8217;est g\u00e9n\u00e9ralement pas n\u00e9cessaire si l&#8217;alimentation est \u00e9quilibr\u00e9e. Au contraire, une consommation trop importante \u00e0 long terme peut entra\u00eener des probl\u00e8mes de sant\u00e9. V\u00e9gan Sans gluten Sans lactose Sans OGM Fabriqu\u00e9 selon les [&hellip;]<\/p>\n","protected":false},"featured_media":56719,"template":"","meta":{"_acf_changed":false},"product_brand":[10217],"product_cat":[308,365],"product_tag":[],"class_list":{"0":"post-24080","1":"product","2":"type-product","3":"status-publish","4":"has-post-thumbnail","6":"product_brand-vit4ever-fr","7":"product_cat-vitamines","8":"product_cat-produits-de-a-a-z","10":"first","11":"instock","12":"taxable","13":"shipping-taxable","14":"purchasable","15":"product-type-simple"},"acf":[],"_links":{"self":[{"href":"https:\/\/vitalstoffversand.com\/fr\/wp-json\/wp\/v2\/product\/24080","targetHints":{"allow":["GET"]}}],"collection":[{"href":"https:\/\/vitalstoffversand.com\/fr\/wp-json\/wp\/v2\/product"}],"about":[{"href":"https:\/\/vitalstoffversand.com\/fr\/wp-json\/wp\/v2\/types\/product"}],"wp:featuredmedia":[{"embeddable":true,"href":"https:\/\/vitalstoffversand.com\/fr\/wp-json\/wp\/v2\/media\/56719"}],"wp:attachment":[{"href":"https:\/\/vitalstoffversand.com\/fr\/wp-json\/wp\/v2\/media?parent=24080"}],"wp:term":[{"taxonomy":"product_brand","embeddable":true,"href":"https:\/\/vitalstoffversand.com\/fr\/wp-json\/wp\/v2\/product_brand?post=24080"},{"taxonomy":"product_cat","embeddable":true,"href":"https:\/\/vitalstoffversand.com\/fr\/wp-json\/wp\/v2\/product_cat?post=24080"},{"taxonomy":"product_tag","embeddable":true,"href":"https:\/\/vitalstoffversand.com\/fr\/wp-json\/wp\/v2\/product_tag?post=24080"}],"curies":[{"name":"wp","href":"https:\/\/api.w.org\/{rel}","templated":true}]}}