{"id":24023,"date":"2024-11-11T14:25:30","date_gmt":"2024-11-11T13:25:30","guid":{"rendered":"https:\/\/vitalstoffversand.com\/produkt\/vit4ever-corail-de-mer-sango-240-gelules\/"},"modified":"2026-03-16T16:04:46","modified_gmt":"2026-03-16T15:04:46","slug":"vit4ever-corail-de-mer-sango-240-gelules","status":"publish","type":"product","link":"https:\/\/vitalstoffversand.com\/fr\/produit\/vit4ever-corail-de-mer-sango-240-gelules\/","title":{"rendered":"Vit4ever <br>Corail de mer Sango &#8211; 240 g\u00e9lules"},"content":{"rendered":"<p>Le corail Sango d&#8217;Okinawa est une source naturelle de min\u00e9raux et fournit, outre le <a href=\"https:\/\/vitalstoffversand.com\/knowledge-base\/calcium\/\" target=\"_blank\" rel=\"noopener\"><strong><span style=\"color: #0000ff;\">\u2192 calcium<\/span><\/strong><\/a> et le <a href=\"https:\/\/vitalstoffversand.com\/knowledge-base\/magnesium\/\" target=\"_blank\" rel=\"noopener\"><span style=\"color: #0000ff;\"><strong>\u2192 magn\u00e9sium<\/strong><\/span><\/a>, plus de 70 min\u00e9raux et oligo-\u00e9l\u00e9ments essentiels, dont le fer, le silicium, le chrome, le soufre et l&#8217;iode naturel.<\/p>\n<p>Le rapport entre le calcium (20%) &amp; le magn\u00e9sium (10%) correspond id\u00e9alement au rapport 2:1 de l&#8217;organisme.<\/p>\n<p>Il n&#8217;y a pas de surexploitation des r\u00e9cifs coralliens vivants et le produit est 100 % exempt de radioactivit\u00e9.<\/p>\n<ul>\n<li>V\u00e9gan<\/li>\n<li>Sans gluten<\/li>\n<li>Sans lactose<\/li>\n<li>Sans OGM<\/li>\n<li>Fabriqu\u00e9 selon les normes de qualit\u00e9 strictes de l&#8217;UE<\/li>\n<\/ul>\n","protected":false},"excerpt":{"rendered":"<p>Le corail Sango d&#8217;Okinawa est une source naturelle de min\u00e9raux et fournit, outre le \u2192 calcium et le \u2192 magn\u00e9sium, plus de 70 min\u00e9raux et oligo-\u00e9l\u00e9ments essentiels, dont le fer, le silicium, le chrome, le soufre et l&#8217;iode naturel. Le rapport entre le calcium (20%) &amp; le magn\u00e9sium (10%) correspond id\u00e9alement au rapport 2:1 de [&hellip;]<\/p>\n","protected":false},"featured_media":56679,"template":"","meta":{"_acf_changed":false},"product_brand":[10217],"product_cat":[340,365],"product_tag":[],"class_list":{"0":"post-24023","1":"product","2":"type-product","3":"status-publish","4":"has-post-thumbnail","6":"product_brand-vit4ever-fr","7":"product_cat-mineraux-oligo-elements","8":"product_cat-produits-de-a-a-z","10":"first","11":"instock","12":"taxable","13":"shipping-taxable","14":"purchasable","15":"product-type-simple"},"acf":[],"_links":{"self":[{"href":"https:\/\/vitalstoffversand.com\/fr\/wp-json\/wp\/v2\/product\/24023","targetHints":{"allow":["GET"]}}],"collection":[{"href":"https:\/\/vitalstoffversand.com\/fr\/wp-json\/wp\/v2\/product"}],"about":[{"href":"https:\/\/vitalstoffversand.com\/fr\/wp-json\/wp\/v2\/types\/product"}],"wp:featuredmedia":[{"embeddable":true,"href":"https:\/\/vitalstoffversand.com\/fr\/wp-json\/wp\/v2\/media\/56679"}],"wp:attachment":[{"href":"https:\/\/vitalstoffversand.com\/fr\/wp-json\/wp\/v2\/media?parent=24023"}],"wp:term":[{"taxonomy":"product_brand","embeddable":true,"href":"https:\/\/vitalstoffversand.com\/fr\/wp-json\/wp\/v2\/product_brand?post=24023"},{"taxonomy":"product_cat","embeddable":true,"href":"https:\/\/vitalstoffversand.com\/fr\/wp-json\/wp\/v2\/product_cat?post=24023"},{"taxonomy":"product_tag","embeddable":true,"href":"https:\/\/vitalstoffversand.com\/fr\/wp-json\/wp\/v2\/product_tag?post=24023"}],"curies":[{"name":"wp","href":"https:\/\/api.w.org\/{rel}","templated":true}]}}