{"id":23789,"date":"2025-01-05T16:11:26","date_gmt":"2025-01-05T15:11:26","guid":{"rendered":"https:\/\/vitalstoffversand.com\/produkt\/vit4ever-lecithine-300-gelules\/"},"modified":"2026-03-16T15:52:06","modified_gmt":"2026-03-16T14:52:06","slug":"vit4ever-lecithine-300-gelules","status":"publish","type":"product","link":"https:\/\/vitalstoffversand.com\/fr\/produit\/vit4ever-lecithine-300-gelules\/","title":{"rendered":"Vit4ever <br>L\u00e9cithine &#8211; 300 g\u00e9lules"},"content":{"rendered":"<div id=\"tab-description\" class=\"woocommerce-Tabs-panel woocommerce-Tabs-panel--description panel entry-content wc-tab\" role=\"tabpanel\" aria-labelledby=\"tab-title-description\">\n<p>Les g\u00e9lules de l\u00e9cithine de soja de Vit4ever se caract\u00e9risent par une teneur \u00e9lev\u00e9e et diff\u00e9renci\u00e9e en phosphatides (phosphatidylcholine, phosphatidyl\u00e9thanolamine, phosphatidylinositol, acide phosphorique).<\/p>\n<p>La l\u00e9cithine est une source pr\u00e9cieuse de phospholipides et est en m\u00eame temps connue pour ses propri\u00e9t\u00e9s d&#8217;\u00e9mulsifiant, c&#8217;est-\u00e0-dire qu&#8217;elle peut lier les graisses \u00e0 l&#8217;eau.<\/p>\n<ul>\n<li>Sans gluten<\/li>\n<li>Sans lactose<\/li>\n<li>Sans OGM<\/li>\n<li>Fabriqu\u00e9 selon les normes de qualit\u00e9 strictes de l&#8217;UE<\/li>\n<\/ul>\n<\/div>\n","protected":false},"excerpt":{"rendered":"<p>Les g\u00e9lules de l\u00e9cithine de soja de Vit4ever se caract\u00e9risent par une teneur \u00e9lev\u00e9e et diff\u00e9renci\u00e9e en phosphatides (phosphatidylcholine, phosphatidyl\u00e9thanolamine, phosphatidylinositol, acide phosphorique). La l\u00e9cithine est une source pr\u00e9cieuse de phospholipides et est en m\u00eame temps connue pour ses propri\u00e9t\u00e9s d&#8217;\u00e9mulsifiant, c&#8217;est-\u00e0-dire qu&#8217;elle peut lier les graisses \u00e0 l&#8217;eau. Sans gluten Sans lactose Sans OGM [&hellip;]<\/p>\n","protected":false},"featured_media":56559,"template":"","meta":{"_acf_changed":false},"product_brand":[10217],"product_cat":[348,365],"product_tag":[],"class_list":{"0":"post-23789","1":"product","2":"type-product","3":"status-publish","4":"has-post-thumbnail","6":"product_brand-vit4ever-fr","7":"product_cat-nutriments","8":"product_cat-produits-de-a-a-z","10":"first","11":"instock","12":"taxable","13":"shipping-taxable","14":"purchasable","15":"product-type-simple"},"acf":[],"_links":{"self":[{"href":"https:\/\/vitalstoffversand.com\/fr\/wp-json\/wp\/v2\/product\/23789","targetHints":{"allow":["GET"]}}],"collection":[{"href":"https:\/\/vitalstoffversand.com\/fr\/wp-json\/wp\/v2\/product"}],"about":[{"href":"https:\/\/vitalstoffversand.com\/fr\/wp-json\/wp\/v2\/types\/product"}],"wp:featuredmedia":[{"embeddable":true,"href":"https:\/\/vitalstoffversand.com\/fr\/wp-json\/wp\/v2\/media\/56559"}],"wp:attachment":[{"href":"https:\/\/vitalstoffversand.com\/fr\/wp-json\/wp\/v2\/media?parent=23789"}],"wp:term":[{"taxonomy":"product_brand","embeddable":true,"href":"https:\/\/vitalstoffversand.com\/fr\/wp-json\/wp\/v2\/product_brand?post=23789"},{"taxonomy":"product_cat","embeddable":true,"href":"https:\/\/vitalstoffversand.com\/fr\/wp-json\/wp\/v2\/product_cat?post=23789"},{"taxonomy":"product_tag","embeddable":true,"href":"https:\/\/vitalstoffversand.com\/fr\/wp-json\/wp\/v2\/product_tag?post=23789"}],"curies":[{"name":"wp","href":"https:\/\/api.w.org\/{rel}","templated":true}]}}