{"id":23788,"date":"2025-01-03T16:41:58","date_gmt":"2025-01-03T15:41:58","guid":{"rendered":"https:\/\/vitalstoffversand.com\/produkt\/vit4ever-vitamine-a-10000-u-i-365-comprimes\/"},"modified":"2026-03-16T15:49:00","modified_gmt":"2026-03-16T14:49:00","slug":"vit4ever-vitamine-a-10000-u-i-365-comprimes","status":"publish","type":"product","link":"https:\/\/vitalstoffversand.com\/fr\/produit\/vit4ever-vitamine-a-10000-u-i-365-comprimes\/","title":{"rendered":"Vit4ever <br>Vitamine A &#8211; 365 comprim\u00e9s"},"content":{"rendered":"<div id=\"tab-description\" class=\"woocommerce-Tabs-panel woocommerce-Tabs-panel--description panel entry-content wc-tab\" role=\"tabpanel\" aria-labelledby=\"tab-title-description\">\n<p><a href=\"\/?p=239\" rel=\"noopener\"><strong><span style=\"color: #0000ff;\">\u2192 La vitamine A<\/span><\/strong><\/a> remplit plusieurs fonctions importantes dans l&#8217;organisme.<\/p>\n<p>Elle fait partie des vitamines liposolubles et ne doit donc pas \u00eatre prise quotidiennement, car le corps peut la stocker (effet de d\u00e9p\u00f4t).<\/p>\n<ul>\n<li>V\u00e9gan<\/li>\n<li>Sans gluten<\/li>\n<li>Sans lactose<\/li>\n<li>Sans OGM<\/li>\n<li>Fabriqu\u00e9 selon les normes de qualit\u00e9 strictes de l&#8217;UE<\/li>\n<\/ul>\n<\/div>\n","protected":false},"excerpt":{"rendered":"<p>\u2192 La vitamine A remplit plusieurs fonctions importantes dans l&#8217;organisme. Elle fait partie des vitamines liposolubles et ne doit donc pas \u00eatre prise quotidiennement, car le corps peut la stocker (effet de d\u00e9p\u00f4t). V\u00e9gan Sans gluten Sans lactose Sans OGM Fabriqu\u00e9 selon les normes de qualit\u00e9 strictes de l&#8217;UE<\/p>\n","protected":false},"featured_media":56519,"template":"","meta":{"_acf_changed":false},"product_brand":[10217],"product_cat":[308,365],"product_tag":[],"class_list":{"0":"post-23788","1":"product","2":"type-product","3":"status-publish","4":"has-post-thumbnail","6":"product_brand-vit4ever-fr","7":"product_cat-vitamines","8":"product_cat-produits-de-a-a-z","10":"first","11":"instock","12":"taxable","13":"shipping-taxable","14":"purchasable","15":"product-type-simple"},"acf":[],"_links":{"self":[{"href":"https:\/\/vitalstoffversand.com\/fr\/wp-json\/wp\/v2\/product\/23788","targetHints":{"allow":["GET"]}}],"collection":[{"href":"https:\/\/vitalstoffversand.com\/fr\/wp-json\/wp\/v2\/product"}],"about":[{"href":"https:\/\/vitalstoffversand.com\/fr\/wp-json\/wp\/v2\/types\/product"}],"wp:featuredmedia":[{"embeddable":true,"href":"https:\/\/vitalstoffversand.com\/fr\/wp-json\/wp\/v2\/media\/56519"}],"wp:attachment":[{"href":"https:\/\/vitalstoffversand.com\/fr\/wp-json\/wp\/v2\/media?parent=23788"}],"wp:term":[{"taxonomy":"product_brand","embeddable":true,"href":"https:\/\/vitalstoffversand.com\/fr\/wp-json\/wp\/v2\/product_brand?post=23788"},{"taxonomy":"product_cat","embeddable":true,"href":"https:\/\/vitalstoffversand.com\/fr\/wp-json\/wp\/v2\/product_cat?post=23788"},{"taxonomy":"product_tag","embeddable":true,"href":"https:\/\/vitalstoffversand.com\/fr\/wp-json\/wp\/v2\/product_tag?post=23788"}],"curies":[{"name":"wp","href":"https:\/\/api.w.org\/{rel}","templated":true}]}}