{"id":23784,"date":"2025-01-02T18:14:23","date_gmt":"2025-01-02T17:14:23","guid":{"rendered":"https:\/\/vitalstoffversand.com\/produkt\/vit4ever-collagen-plus-differentes-sortes-500-g\/"},"modified":"2026-03-30T14:31:27","modified_gmt":"2026-03-30T12:31:27","slug":"vit4ever-collagen-plus-differentes-sortes-500-g","status":"publish","type":"product","link":"https:\/\/vitalstoffversand.com\/fr\/produit\/vit4ever-collagen-plus-differentes-sortes-500-g\/","title":{"rendered":"Vit4ever <br>Collagen Plus &#8211; diff\u00e9rentes vari\u00e9t\u00e9s &#8211; 500 g"},"content":{"rendered":"<p>Collagen Plus est une combinaison parfaite de peptides de collag\u00e8ne bioactifs, compl\u00e9t\u00e9s par du MSM (m\u00e9thylsulfonylm\u00e9thane), de l&#8217;acide hyaluronique, de la glucosamine ainsi que de l&#8217;extrait d&#8217;encens.<\/p>\n<p>En m\u00eame temps, il te fournit des <a href=\"https:\/\/vitalstoffversand.com\/knowledge-base\/vitamin-c\/\" target=\"_blank\" rel=\"noopener\"><span style=\"color: #0000ff;\"><strong>\u2192 vitamine C<\/strong><\/span><\/a>, <a href=\"https:\/\/vitalstoffversand.com\/knowledge-base\/vitamin-d\/\" target=\"_blank\" rel=\"noopener\"><strong><span style=\"color: #0000ff;\">\u2192 vitamine D<\/span><\/strong><\/a>, <a href=\"https:\/\/vitalstoffversand.com\/knowledge-base\/calcium\/\" target=\"_blank\" rel=\"noopener\"><strong><span style=\"color: #0000ff;\">\u2192 calcium<\/span><\/strong><\/a> et <a href=\"https:\/\/vitalstoffversand.com\/knowledge-base\/mangan\/\" target=\"_blank\" rel=\"noopener\"><span style=\"color: #0000ff;\"><strong>\u2192 mangan\u00e8se<\/strong><\/span><\/a>.<\/p>\n<p>Avec 3 go\u00fbts d\u00e9licieux, il y en a pour tous les go\u00fbts.<\/p>\n<ul>\n<li>Sans gluten<\/li>\n<li>Sans lactose<\/li>\n<li>Sans OGM<\/li>\n<li>Fabriqu\u00e9 selon les normes de qualit\u00e9 strictes de l&#8217;UE<\/li>\n<\/ul>\n","protected":false},"excerpt":{"rendered":"<p>Collagen Plus est une combinaison parfaite de peptides de collag\u00e8ne bioactifs, compl\u00e9t\u00e9s par du MSM (m\u00e9thylsulfonylm\u00e9thane), de l&#8217;acide hyaluronique, de la glucosamine ainsi que de l&#8217;extrait d&#8217;encens. En m\u00eame temps, il te fournit des \u2192 vitamine C, \u2192 vitamine D, \u2192 calcium et \u2192 mangan\u00e8se. Avec 3 go\u00fbts d\u00e9licieux, il y en a pour tous [&hellip;]<\/p>\n","protected":false},"featured_media":56399,"template":"","meta":{"_acf_changed":false},"product_brand":[10217],"product_cat":[345,365],"product_tag":[],"class_list":{"0":"post-23784","1":"product","2":"type-product","3":"status-publish","4":"has-post-thumbnail","6":"product_brand-vit4ever-fr","7":"product_cat-proteines","8":"product_cat-produits-de-a-a-z","10":"first","11":"instock","12":"taxable","13":"shipping-taxable","14":"purchasable","15":"product-type-variable"},"acf":[],"_links":{"self":[{"href":"https:\/\/vitalstoffversand.com\/fr\/wp-json\/wp\/v2\/product\/23784","targetHints":{"allow":["GET"]}}],"collection":[{"href":"https:\/\/vitalstoffversand.com\/fr\/wp-json\/wp\/v2\/product"}],"about":[{"href":"https:\/\/vitalstoffversand.com\/fr\/wp-json\/wp\/v2\/types\/product"}],"wp:featuredmedia":[{"embeddable":true,"href":"https:\/\/vitalstoffversand.com\/fr\/wp-json\/wp\/v2\/media\/56399"}],"wp:attachment":[{"href":"https:\/\/vitalstoffversand.com\/fr\/wp-json\/wp\/v2\/media?parent=23784"}],"wp:term":[{"taxonomy":"product_brand","embeddable":true,"href":"https:\/\/vitalstoffversand.com\/fr\/wp-json\/wp\/v2\/product_brand?post=23784"},{"taxonomy":"product_cat","embeddable":true,"href":"https:\/\/vitalstoffversand.com\/fr\/wp-json\/wp\/v2\/product_cat?post=23784"},{"taxonomy":"product_tag","embeddable":true,"href":"https:\/\/vitalstoffversand.com\/fr\/wp-json\/wp\/v2\/product_tag?post=23784"}],"curies":[{"name":"wp","href":"https:\/\/api.w.org\/{rel}","templated":true}]}}