{"id":23783,"date":"2024-12-16T16:00:54","date_gmt":"2024-12-16T15:00:54","guid":{"rendered":"https:\/\/vitalstoffversand.com\/produkt\/vit4ever-collagene-marin-poisson-300-comprimes\/"},"modified":"2026-03-16T15:47:02","modified_gmt":"2026-03-16T14:47:02","slug":"vit4ever-collagene-marin-poisson-300-comprimes","status":"publish","type":"product","link":"https:\/\/vitalstoffversand.com\/fr\/produit\/vit4ever-collagene-marin-poisson-300-comprimes\/","title":{"rendered":"Vit4ever <br>Collag\u00e8ne marin (poisson) &#8211; 300 comprim\u00e9s"},"content":{"rendered":"<p>Les peptides de collag\u00e8ne (hydrolysat) issus du poisson fournissent le collag\u00e8ne de type I et disposent d&#8217;une excellente biodisponibilit\u00e9 et efficacit\u00e9.<\/p>\n<p>Soutient ta peau, tes cheveux, tes articulations, ton cartilage et ton tissu conjonctif.<\/p>\n<ul>\n<li>Sans gluten<\/li>\n<li>Sans lactose<\/li>\n<li>Sans OGM<\/li>\n<li>Fabriqu\u00e9 selon les normes de qualit\u00e9 strictes de l&#8217;UE<\/li>\n<\/ul>\n","protected":false},"excerpt":{"rendered":"<p>Les peptides de collag\u00e8ne (hydrolysat) issus du poisson fournissent le collag\u00e8ne de type I et disposent d&#8217;une excellente biodisponibilit\u00e9 et efficacit\u00e9. Soutient ta peau, tes cheveux, tes articulations, ton cartilage et ton tissu conjonctif. Sans gluten Sans lactose Sans OGM Fabriqu\u00e9 selon les normes de qualit\u00e9 strictes de l&#8217;UE<\/p>\n","protected":false},"featured_media":56359,"template":"","meta":{"_acf_changed":false},"product_brand":[10217],"product_cat":[345,365],"product_tag":[],"class_list":{"0":"post-23783","1":"product","2":"type-product","3":"status-publish","4":"has-post-thumbnail","6":"product_brand-vit4ever-fr","7":"product_cat-proteines","8":"product_cat-produits-de-a-a-z","10":"first","11":"instock","12":"taxable","13":"shipping-taxable","14":"purchasable","15":"product-type-simple"},"acf":[],"_links":{"self":[{"href":"https:\/\/vitalstoffversand.com\/fr\/wp-json\/wp\/v2\/product\/23783","targetHints":{"allow":["GET"]}}],"collection":[{"href":"https:\/\/vitalstoffversand.com\/fr\/wp-json\/wp\/v2\/product"}],"about":[{"href":"https:\/\/vitalstoffversand.com\/fr\/wp-json\/wp\/v2\/types\/product"}],"wp:featuredmedia":[{"embeddable":true,"href":"https:\/\/vitalstoffversand.com\/fr\/wp-json\/wp\/v2\/media\/56359"}],"wp:attachment":[{"href":"https:\/\/vitalstoffversand.com\/fr\/wp-json\/wp\/v2\/media?parent=23783"}],"wp:term":[{"taxonomy":"product_brand","embeddable":true,"href":"https:\/\/vitalstoffversand.com\/fr\/wp-json\/wp\/v2\/product_brand?post=23783"},{"taxonomy":"product_cat","embeddable":true,"href":"https:\/\/vitalstoffversand.com\/fr\/wp-json\/wp\/v2\/product_cat?post=23783"},{"taxonomy":"product_tag","embeddable":true,"href":"https:\/\/vitalstoffversand.com\/fr\/wp-json\/wp\/v2\/product_tag?post=23783"}],"curies":[{"name":"wp","href":"https:\/\/api.w.org\/{rel}","templated":true}]}}