{"id":23782,"date":"2024-12-16T15:48:19","date_gmt":"2024-12-16T14:48:19","guid":{"rendered":"https:\/\/vitalstoffversand.com\/produkt\/vit4ever-opc-vitamine-c-365-gelules\/"},"modified":"2026-03-16T15:43:59","modified_gmt":"2026-03-16T14:43:59","slug":"vit4ever-opc-vitamine-c-365-gelules","status":"publish","type":"product","link":"https:\/\/vitalstoffversand.com\/fr\/produit\/vit4ever-opc-vitamine-c-365-gelules\/","title":{"rendered":"Vit4ever <br>OPC + Vitamine C &#8211; 365 g\u00e9lules"},"content":{"rendered":"<p>OPC + vitamine C est une combinaison d&#8217;extrait de p\u00e9pins de raisin, qui fournit des proanthocyanidines oligom\u00e8res, et de <a href=\"https:\/\/vitalstoffversand.com\/knowledge-base\/vitamin-c\/\" target=\"_blank\" rel=\"noopener\"><span style=\"color: #0000ff;\"><strong>\u2192 vitamine C<\/strong><\/span><\/a> issue de l&#8217;extrait de cynorrhodon.<\/p>\n<p>Les OPC font partie des flavono\u00efdes, c&#8217;est-\u00e0-dire des substances v\u00e9g\u00e9tales secondaires, et poss\u00e8dent des propri\u00e9t\u00e9s antioxydantes.<\/p>\n<p>La vitamine C optimise le produit tout en renfor\u00e7ant notre syst\u00e8me immunitaire.<\/p>\n<ul>\n<li>V\u00e9gan<\/li>\n<li>Sans gluten<\/li>\n<li>Sans lactose<\/li>\n<li>Sans OGM<\/li>\n<li>Fabriqu\u00e9 selon les normes de qualit\u00e9 strictes de l&#8217;UE<\/li>\n<\/ul>\n","protected":false},"excerpt":{"rendered":"<p>OPC + vitamine C est une combinaison d&#8217;extrait de p\u00e9pins de raisin, qui fournit des proanthocyanidines oligom\u00e8res, et de \u2192 vitamine C issue de l&#8217;extrait de cynorrhodon. Les OPC font partie des flavono\u00efdes, c&#8217;est-\u00e0-dire des substances v\u00e9g\u00e9tales secondaires, et poss\u00e8dent des propri\u00e9t\u00e9s antioxydantes. La vitamine C optimise le produit tout en renfor\u00e7ant notre syst\u00e8me immunitaire. [&hellip;]<\/p>\n","protected":false},"featured_media":56319,"template":"","meta":{"_acf_changed":false},"product_brand":[10217],"product_cat":[348,365],"product_tag":[],"class_list":{"0":"post-23782","1":"product","2":"type-product","3":"status-publish","4":"has-post-thumbnail","6":"product_brand-vit4ever-fr","7":"product_cat-nutriments","8":"product_cat-produits-de-a-a-z","10":"first","11":"instock","12":"taxable","13":"shipping-taxable","14":"purchasable","15":"product-type-simple"},"acf":[],"_links":{"self":[{"href":"https:\/\/vitalstoffversand.com\/fr\/wp-json\/wp\/v2\/product\/23782","targetHints":{"allow":["GET"]}}],"collection":[{"href":"https:\/\/vitalstoffversand.com\/fr\/wp-json\/wp\/v2\/product"}],"about":[{"href":"https:\/\/vitalstoffversand.com\/fr\/wp-json\/wp\/v2\/types\/product"}],"wp:featuredmedia":[{"embeddable":true,"href":"https:\/\/vitalstoffversand.com\/fr\/wp-json\/wp\/v2\/media\/56319"}],"wp:attachment":[{"href":"https:\/\/vitalstoffversand.com\/fr\/wp-json\/wp\/v2\/media?parent=23782"}],"wp:term":[{"taxonomy":"product_brand","embeddable":true,"href":"https:\/\/vitalstoffversand.com\/fr\/wp-json\/wp\/v2\/product_brand?post=23782"},{"taxonomy":"product_cat","embeddable":true,"href":"https:\/\/vitalstoffversand.com\/fr\/wp-json\/wp\/v2\/product_cat?post=23782"},{"taxonomy":"product_tag","embeddable":true,"href":"https:\/\/vitalstoffversand.com\/fr\/wp-json\/wp\/v2\/product_tag?post=23782"}],"curies":[{"name":"wp","href":"https:\/\/api.w.org\/{rel}","templated":true}]}}