{"id":23781,"date":"2025-01-06T12:58:09","date_gmt":"2025-01-06T11:58:09","guid":{"rendered":"https:\/\/vitalstoffversand.com\/produkt\/vit4ever-vitamine-b1-365-comprimes\/"},"modified":"2026-03-16T15:38:14","modified_gmt":"2026-03-16T14:38:14","slug":"vit4ever-vitamine-b1-365-comprimes","status":"publish","type":"product","link":"https:\/\/vitalstoffversand.com\/fr\/produit\/vit4ever-vitamine-b1-365-comprimes\/","title":{"rendered":"Vit4ever <br>Vitamine B1 &#8211; 365 comprim\u00e9s"},"content":{"rendered":"<p><a href=\"https:\/\/vitalstoffversand.com\/knowledge-base\/vitamin-b1-thiamin\/\" target=\"_blank\" rel=\"noopener\"><strong><span style=\"color: #0000ff;\">\u2192 La vitamine B1<\/span><\/strong><\/a>, \u00e9galement connue sous le nom de thiamine, est une vitamine hydrosoluble qui joue un r\u00f4le important dans le m\u00e9tabolisme \u00e9nerg\u00e9tique, le syst\u00e8me nerveux, la fonction cardiaque et le psychisme.<\/p>\n<ul>\n<li>V\u00e9gan<\/li>\n<li>Sans gluten<\/li>\n<li>Sans lactose<\/li>\n<li>Sans OGM<\/li>\n<li>Fabriqu\u00e9 selon les normes de qualit\u00e9 strictes de l&#8217;UE<\/li>\n<\/ul>\n","protected":false},"excerpt":{"rendered":"<p>\u2192 La vitamine B1, \u00e9galement connue sous le nom de thiamine, est une vitamine hydrosoluble qui joue un r\u00f4le important dans le m\u00e9tabolisme \u00e9nerg\u00e9tique, le syst\u00e8me nerveux, la fonction cardiaque et le psychisme. V\u00e9gan Sans gluten Sans lactose Sans OGM Fabriqu\u00e9 selon les normes de qualit\u00e9 strictes de l&#8217;UE<\/p>\n","protected":false},"featured_media":56143,"template":"","meta":{"_acf_changed":false},"product_brand":[10217],"product_cat":[308,365],"product_tag":[],"class_list":{"0":"post-23781","1":"product","2":"type-product","3":"status-publish","4":"has-post-thumbnail","6":"product_brand-vit4ever-fr","7":"product_cat-vitamines","8":"product_cat-produits-de-a-a-z","10":"first","11":"instock","12":"taxable","13":"shipping-taxable","14":"purchasable","15":"product-type-simple"},"acf":[],"_links":{"self":[{"href":"https:\/\/vitalstoffversand.com\/fr\/wp-json\/wp\/v2\/product\/23781","targetHints":{"allow":["GET"]}}],"collection":[{"href":"https:\/\/vitalstoffversand.com\/fr\/wp-json\/wp\/v2\/product"}],"about":[{"href":"https:\/\/vitalstoffversand.com\/fr\/wp-json\/wp\/v2\/types\/product"}],"wp:featuredmedia":[{"embeddable":true,"href":"https:\/\/vitalstoffversand.com\/fr\/wp-json\/wp\/v2\/media\/56143"}],"wp:attachment":[{"href":"https:\/\/vitalstoffversand.com\/fr\/wp-json\/wp\/v2\/media?parent=23781"}],"wp:term":[{"taxonomy":"product_brand","embeddable":true,"href":"https:\/\/vitalstoffversand.com\/fr\/wp-json\/wp\/v2\/product_brand?post=23781"},{"taxonomy":"product_cat","embeddable":true,"href":"https:\/\/vitalstoffversand.com\/fr\/wp-json\/wp\/v2\/product_cat?post=23781"},{"taxonomy":"product_tag","embeddable":true,"href":"https:\/\/vitalstoffversand.com\/fr\/wp-json\/wp\/v2\/product_tag?post=23781"}],"curies":[{"name":"wp","href":"https:\/\/api.w.org\/{rel}","templated":true}]}}