{"id":23780,"date":"2024-12-16T14:54:22","date_gmt":"2024-12-16T13:54:22","guid":{"rendered":"https:\/\/vitalstoffversand.com\/produkt\/vit4ever-vinaigre-de-cidre-365-comprimes\/"},"modified":"2026-03-16T15:38:16","modified_gmt":"2026-03-16T14:38:16","slug":"vit4ever-vinaigre-de-cidre-365-comprimes","status":"publish","type":"product","link":"https:\/\/vitalstoffversand.com\/fr\/produit\/vit4ever-vinaigre-de-cidre-365-comprimes\/","title":{"rendered":"Vit4ever <br>Vinaigre de cidre &#8211; 365 comprim\u00e9s"},"content":{"rendered":"<p>Le vinaigre de cidre est issu de la fermentation des pommes et est g\u00e9n\u00e9ralement utilis\u00e9 sous forme liquide, tant pour la cuisine que pour les compl\u00e9ments alimentaires.<\/p>\n<p>Ceux qui n&#8217;aiment pas ou ne supportent pas le vinaigre de cidre liquide peuvent ici se rabattre sur la forme de comprim\u00e9s.<\/p>\n<ul>\n<li>V\u00e9gan<\/li>\n<li>Sans gluten<\/li>\n<li>Sans lactose<\/li>\n<li>Sans OGM<\/li>\n<li>Fabriqu\u00e9 selon les normes de qualit\u00e9 strictes de l&#8217;UE<\/li>\n<\/ul>\n","protected":false},"excerpt":{"rendered":"<p>Le vinaigre de cidre est issu de la fermentation des pommes et est g\u00e9n\u00e9ralement utilis\u00e9 sous forme liquide, tant pour la cuisine que pour les compl\u00e9ments alimentaires. Ceux qui n&#8217;aiment pas ou ne supportent pas le vinaigre de cidre liquide peuvent ici se rabattre sur la forme de comprim\u00e9s. V\u00e9gan Sans gluten Sans lactose Sans [&hellip;]<\/p>\n","protected":false},"featured_media":56103,"template":"","meta":{"_acf_changed":false},"product_brand":[10217],"product_cat":[348,365],"product_tag":[],"class_list":{"0":"post-23780","1":"product","2":"type-product","3":"status-publish","4":"has-post-thumbnail","6":"product_brand-vit4ever-fr","7":"product_cat-nutriments","8":"product_cat-produits-de-a-a-z","10":"first","11":"instock","12":"taxable","13":"shipping-taxable","14":"purchasable","15":"product-type-simple"},"acf":[],"_links":{"self":[{"href":"https:\/\/vitalstoffversand.com\/fr\/wp-json\/wp\/v2\/product\/23780","targetHints":{"allow":["GET"]}}],"collection":[{"href":"https:\/\/vitalstoffversand.com\/fr\/wp-json\/wp\/v2\/product"}],"about":[{"href":"https:\/\/vitalstoffversand.com\/fr\/wp-json\/wp\/v2\/types\/product"}],"wp:featuredmedia":[{"embeddable":true,"href":"https:\/\/vitalstoffversand.com\/fr\/wp-json\/wp\/v2\/media\/56103"}],"wp:attachment":[{"href":"https:\/\/vitalstoffversand.com\/fr\/wp-json\/wp\/v2\/media?parent=23780"}],"wp:term":[{"taxonomy":"product_brand","embeddable":true,"href":"https:\/\/vitalstoffversand.com\/fr\/wp-json\/wp\/v2\/product_brand?post=23780"},{"taxonomy":"product_cat","embeddable":true,"href":"https:\/\/vitalstoffversand.com\/fr\/wp-json\/wp\/v2\/product_cat?post=23780"},{"taxonomy":"product_tag","embeddable":true,"href":"https:\/\/vitalstoffversand.com\/fr\/wp-json\/wp\/v2\/product_tag?post=23780"}],"curies":[{"name":"wp","href":"https:\/\/api.w.org\/{rel}","templated":true}]}}