{"id":23767,"date":"2024-11-11T18:23:18","date_gmt":"2024-11-11T17:23:18","guid":{"rendered":"https:\/\/vitalstoffversand.com\/produkt\/vit4ever-poudre-de-saveur-flavor-craft-250-g-differentes-varietes\/"},"modified":"2026-03-30T14:31:28","modified_gmt":"2026-03-30T12:31:28","slug":"vit4ever-poudre-de-saveur-flavor-craft-250-g-differentes-varietes","status":"publish","type":"product","link":"https:\/\/vitalstoffversand.com\/fr\/produit\/vit4ever-poudre-de-saveur-flavor-craft-250-g-differentes-varietes\/","title":{"rendered":"Vit4ever <br>Poudre de saveur Flavor Craft &#8211; 250 g &#8211; diff\u00e9rentes vari\u00e9t\u00e9s"},"content":{"rendered":"<p>Porte ton repas \u00e0 un autre niveau gr\u00e2ce aux saveurs intenses et au choix vari\u00e9 de poudres aromatiques Flavor Craft.<\/p>\n<p>Choisis parmi 15 saveurs et agr\u00e9mentes tes boissons, tes boissons prot\u00e9in\u00e9es, tes smoothies, ton muesli, tes yaourts, tes p\u00e2tisseries ou tes desserts.<\/p>\n<ul>\n<li>Vegetarisch<\/li>\n<li>Fabriqu\u00e9 selon les normes de qualit\u00e9 strictes de l&#8217;UE<\/li>\n<\/ul>\n","protected":false},"excerpt":{"rendered":"<p>Porte ton repas \u00e0 un autre niveau gr\u00e2ce aux saveurs intenses et au choix vari\u00e9 de poudres aromatiques Flavor Craft. Choisis parmi 15 saveurs et agr\u00e9mentes tes boissons, tes boissons prot\u00e9in\u00e9es, tes smoothies, ton muesli, tes yaourts, tes p\u00e2tisseries ou tes desserts. Vegetarisch Fabriqu\u00e9 selon les normes de qualit\u00e9 strictes de l&#8217;UE<\/p>\n","protected":false},"featured_media":55671,"template":"","meta":{"_acf_changed":false},"product_brand":[10217],"product_cat":[329,365],"product_tag":[],"class_list":{"0":"post-23767","1":"product","2":"type-product","3":"status-publish","4":"has-post-thumbnail","6":"product_brand-vit4ever-fr","7":"product_cat-cuisiner-grignoter","8":"product_cat-produits-de-a-a-z","10":"first","11":"instock","12":"taxable","13":"shipping-taxable","14":"purchasable","15":"product-type-variable"},"acf":[],"_links":{"self":[{"href":"https:\/\/vitalstoffversand.com\/fr\/wp-json\/wp\/v2\/product\/23767","targetHints":{"allow":["GET"]}}],"collection":[{"href":"https:\/\/vitalstoffversand.com\/fr\/wp-json\/wp\/v2\/product"}],"about":[{"href":"https:\/\/vitalstoffversand.com\/fr\/wp-json\/wp\/v2\/types\/product"}],"wp:featuredmedia":[{"embeddable":true,"href":"https:\/\/vitalstoffversand.com\/fr\/wp-json\/wp\/v2\/media\/55671"}],"wp:attachment":[{"href":"https:\/\/vitalstoffversand.com\/fr\/wp-json\/wp\/v2\/media?parent=23767"}],"wp:term":[{"taxonomy":"product_brand","embeddable":true,"href":"https:\/\/vitalstoffversand.com\/fr\/wp-json\/wp\/v2\/product_brand?post=23767"},{"taxonomy":"product_cat","embeddable":true,"href":"https:\/\/vitalstoffversand.com\/fr\/wp-json\/wp\/v2\/product_cat?post=23767"},{"taxonomy":"product_tag","embeddable":true,"href":"https:\/\/vitalstoffversand.com\/fr\/wp-json\/wp\/v2\/product_tag?post=23767"}],"curies":[{"name":"wp","href":"https:\/\/api.w.org\/{rel}","templated":true}]}}