{"id":23759,"date":"2024-11-11T18:21:04","date_gmt":"2024-11-11T17:21:04","guid":{"rendered":"https:\/\/vitalstoffversand.com\/produkt\/vit4ever-poudre-delectrolytes-200-g-differentes-variantes\/"},"modified":"2026-03-16T13:10:55","modified_gmt":"2026-03-16T12:10:55","slug":"vit4ever-poudre-delectrolytes-200-g-differentes-variantes","status":"publish","type":"product","link":"https:\/\/vitalstoffversand.com\/fr\/produit\/vit4ever-poudre-delectrolytes-200-g-differentes-variantes\/","title":{"rendered":"Vit4ever <br>Poudre d&#8217;\u00e9lectrolytes &#8211; 200 g &#8211; diff\u00e9rentes vari\u00e9t\u00e9s"},"content":{"rendered":"<p>La formule d&#8217;hydratation \u00e9lectrolytique en poudre est un moyen savoureux et efficace pour les sportifs, les adeptes du fitness et tout un chacun d&#8217;optimiser son \u00e9quilibre hydrique et de pr\u00e9venir la d\u00e9shydratation.<\/p>\n<p>Ce produit est \u00e9galement disponible en format plus grand de 400 grammes.<\/p>\n<ul>\n<li>V\u00e9gan<\/li>\n<li>Sans gluten<\/li>\n<li>Sans lactose<\/li>\n<li>Zuckerfrei<\/li>\n<li>Sans OGM<\/li>\n<li>Fabriqu\u00e9 selon les normes de qualit\u00e9 strictes de l&#8217;UE<\/li>\n<\/ul>\n","protected":false},"excerpt":{"rendered":"<p>La formule d&#8217;hydratation \u00e9lectrolytique en poudre est un moyen savoureux et efficace pour les sportifs, les adeptes du fitness et tout un chacun d&#8217;optimiser son \u00e9quilibre hydrique et de pr\u00e9venir la d\u00e9shydratation. Ce produit est \u00e9galement disponible en format plus grand de 400 grammes. V\u00e9gan Sans gluten Sans lactose Zuckerfrei Sans OGM Fabriqu\u00e9 selon les [&hellip;]<\/p>\n","protected":false},"featured_media":55535,"template":"","meta":{"_acf_changed":false},"product_brand":[10217],"product_cat":[340,365],"product_tag":[],"class_list":{"0":"post-23759","1":"product","2":"type-product","3":"status-publish","4":"has-post-thumbnail","6":"product_brand-vit4ever-fr","7":"product_cat-mineraux-oligo-elements","8":"product_cat-produits-de-a-a-z","10":"first","11":"instock","12":"taxable","13":"shipping-taxable","14":"purchasable","15":"product-type-variable"},"acf":[],"_links":{"self":[{"href":"https:\/\/vitalstoffversand.com\/fr\/wp-json\/wp\/v2\/product\/23759","targetHints":{"allow":["GET"]}}],"collection":[{"href":"https:\/\/vitalstoffversand.com\/fr\/wp-json\/wp\/v2\/product"}],"about":[{"href":"https:\/\/vitalstoffversand.com\/fr\/wp-json\/wp\/v2\/types\/product"}],"wp:featuredmedia":[{"embeddable":true,"href":"https:\/\/vitalstoffversand.com\/fr\/wp-json\/wp\/v2\/media\/55535"}],"wp:attachment":[{"href":"https:\/\/vitalstoffversand.com\/fr\/wp-json\/wp\/v2\/media?parent=23759"}],"wp:term":[{"taxonomy":"product_brand","embeddable":true,"href":"https:\/\/vitalstoffversand.com\/fr\/wp-json\/wp\/v2\/product_brand?post=23759"},{"taxonomy":"product_cat","embeddable":true,"href":"https:\/\/vitalstoffversand.com\/fr\/wp-json\/wp\/v2\/product_cat?post=23759"},{"taxonomy":"product_tag","embeddable":true,"href":"https:\/\/vitalstoffversand.com\/fr\/wp-json\/wp\/v2\/product_tag?post=23759"}],"curies":[{"name":"wp","href":"https:\/\/api.w.org\/{rel}","templated":true}]}}