{"id":23758,"date":"2024-11-11T18:16:08","date_gmt":"2024-11-11T17:16:08","guid":{"rendered":"https:\/\/vitalstoffversand.com\/produkt\/vit4ever-taurine-240-gelules\/"},"modified":"2026-03-16T12:56:52","modified_gmt":"2026-03-16T11:56:52","slug":"vit4ever-taurine-240-gelules","status":"publish","type":"product","link":"https:\/\/vitalstoffversand.com\/fr\/produit\/vit4ever-taurine-240-gelules\/","title":{"rendered":"Vit4ever <br>Taurine &#8211; 240 g\u00e9lules"},"content":{"rendered":"<p>La taurine joue un r\u00f4le important dans le corps humain pour la sant\u00e9 cardiovasculaire, la fonction c\u00e9r\u00e9brale, la contraction musculaire et la protection antioxydante, mais on la trouve principalement dans les aliments d&#8217;origine animale.<\/p>\n<p>Il est pr\u00e9sent en forte concentration dans le cerveau, la r\u00e9tine, le muscle cardiaque et les plaquettes sanguines.<\/p>\n<p>De nombreuses personnes connaissent \u00e9galement la taurine comme additif dans les boissons \u00e9nergisantes.<\/p>\n<ul>\n<li>V\u00e9gan<\/li>\n<li>Sans gluten<\/li>\n<li>Sans lactose<\/li>\n<li>Sans OGM<\/li>\n<li>Fabriqu\u00e9 selon les normes de qualit\u00e9 strictes de l&#8217;UE<\/li>\n<\/ul>\n","protected":false},"excerpt":{"rendered":"<p>La taurine joue un r\u00f4le important dans le corps humain pour la sant\u00e9 cardiovasculaire, la fonction c\u00e9r\u00e9brale, la contraction musculaire et la protection antioxydante, mais on la trouve principalement dans les aliments d&#8217;origine animale. Il est pr\u00e9sent en forte concentration dans le cerveau, la r\u00e9tine, le muscle cardiaque et les plaquettes sanguines. De nombreuses personnes [&hellip;]<\/p>\n","protected":false},"featured_media":55415,"template":"","meta":{"_acf_changed":false},"product_brand":[10217],"product_cat":[348,365],"product_tag":[],"class_list":{"0":"post-23758","1":"product","2":"type-product","3":"status-publish","4":"has-post-thumbnail","6":"product_brand-vit4ever-fr","7":"product_cat-nutriments","8":"product_cat-produits-de-a-a-z","10":"first","11":"outofstock","12":"taxable","13":"shipping-taxable","14":"purchasable","15":"product-type-simple"},"acf":[],"_links":{"self":[{"href":"https:\/\/vitalstoffversand.com\/fr\/wp-json\/wp\/v2\/product\/23758","targetHints":{"allow":["GET"]}}],"collection":[{"href":"https:\/\/vitalstoffversand.com\/fr\/wp-json\/wp\/v2\/product"}],"about":[{"href":"https:\/\/vitalstoffversand.com\/fr\/wp-json\/wp\/v2\/types\/product"}],"wp:featuredmedia":[{"embeddable":true,"href":"https:\/\/vitalstoffversand.com\/fr\/wp-json\/wp\/v2\/media\/55415"}],"wp:attachment":[{"href":"https:\/\/vitalstoffversand.com\/fr\/wp-json\/wp\/v2\/media?parent=23758"}],"wp:term":[{"taxonomy":"product_brand","embeddable":true,"href":"https:\/\/vitalstoffversand.com\/fr\/wp-json\/wp\/v2\/product_brand?post=23758"},{"taxonomy":"product_cat","embeddable":true,"href":"https:\/\/vitalstoffversand.com\/fr\/wp-json\/wp\/v2\/product_cat?post=23758"},{"taxonomy":"product_tag","embeddable":true,"href":"https:\/\/vitalstoffversand.com\/fr\/wp-json\/wp\/v2\/product_tag?post=23758"}],"curies":[{"name":"wp","href":"https:\/\/api.w.org\/{rel}","templated":true}]}}