{"id":23757,"date":"2024-11-11T18:14:24","date_gmt":"2024-11-11T17:14:24","guid":{"rendered":"https:\/\/vitalstoffversand.com\/produkt\/vit4ever-glycine-365-gelules\/"},"modified":"2026-03-16T12:50:27","modified_gmt":"2026-03-16T11:50:27","slug":"vit4ever-glycine-365-gelules","status":"publish","type":"product","link":"https:\/\/vitalstoffversand.com\/fr\/produit\/vit4ever-glycine-365-gelules\/","title":{"rendered":"Vit4ever <br>Glycine &#8211; 365 g\u00e9lules"},"content":{"rendered":"<p>La glycine joue un r\u00f4le dans de nombreux processus biologiques en tant qu&#8217;acide amin\u00e9 prot\u00e9inog\u00e8ne non essentiel.<\/p>\n<p>Il est un \u00e9l\u00e9ment constitutif de mol\u00e9cules importantes et peut \u00eatre consid\u00e9r\u00e9 comme un suppl\u00e9ment, en particulier pour les v\u00e9g\u00e9taliens ou les v\u00e9g\u00e9tariens, car il est principalement pr\u00e9sent dans les produits d&#8217;origine animale.<\/p>\n<ul>\n<li>V\u00e9gan<\/li>\n<li>Sans gluten<\/li>\n<li>Sans lactose<\/li>\n<li>Sans OGM<\/li>\n<li>Fabriqu\u00e9 selon les normes de qualit\u00e9 strictes de l&#8217;UE<\/li>\n<\/ul>\n","protected":false},"excerpt":{"rendered":"<p>La glycine joue un r\u00f4le dans de nombreux processus biologiques en tant qu&#8217;acide amin\u00e9 prot\u00e9inog\u00e8ne non essentiel. Il est un \u00e9l\u00e9ment constitutif de mol\u00e9cules importantes et peut \u00eatre consid\u00e9r\u00e9 comme un suppl\u00e9ment, en particulier pour les v\u00e9g\u00e9taliens ou les v\u00e9g\u00e9tariens, car il est principalement pr\u00e9sent dans les produits d&#8217;origine animale. V\u00e9gan Sans gluten Sans lactose [&hellip;]<\/p>\n","protected":false},"featured_media":55375,"template":"","meta":{"_acf_changed":false},"product_brand":[10217],"product_cat":[332,365],"product_tag":[],"class_list":{"0":"post-23757","1":"product","2":"type-product","3":"status-publish","4":"has-post-thumbnail","6":"product_brand-vit4ever-fr","7":"product_cat-acides-amines","8":"product_cat-produits-de-a-a-z","10":"first","11":"instock","12":"taxable","13":"shipping-taxable","14":"purchasable","15":"product-type-simple"},"acf":[],"_links":{"self":[{"href":"https:\/\/vitalstoffversand.com\/fr\/wp-json\/wp\/v2\/product\/23757","targetHints":{"allow":["GET"]}}],"collection":[{"href":"https:\/\/vitalstoffversand.com\/fr\/wp-json\/wp\/v2\/product"}],"about":[{"href":"https:\/\/vitalstoffversand.com\/fr\/wp-json\/wp\/v2\/types\/product"}],"wp:featuredmedia":[{"embeddable":true,"href":"https:\/\/vitalstoffversand.com\/fr\/wp-json\/wp\/v2\/media\/55375"}],"wp:attachment":[{"href":"https:\/\/vitalstoffversand.com\/fr\/wp-json\/wp\/v2\/media?parent=23757"}],"wp:term":[{"taxonomy":"product_brand","embeddable":true,"href":"https:\/\/vitalstoffversand.com\/fr\/wp-json\/wp\/v2\/product_brand?post=23757"},{"taxonomy":"product_cat","embeddable":true,"href":"https:\/\/vitalstoffversand.com\/fr\/wp-json\/wp\/v2\/product_cat?post=23757"},{"taxonomy":"product_tag","embeddable":true,"href":"https:\/\/vitalstoffversand.com\/fr\/wp-json\/wp\/v2\/product_tag?post=23757"}],"curies":[{"name":"wp","href":"https:\/\/api.w.org\/{rel}","templated":true}]}}