{"id":23749,"date":"2024-11-11T17:58:34","date_gmt":"2024-11-11T16:58:34","guid":{"rendered":"https:\/\/vitalstoffversand.com\/produkt\/vit4ever-rhodiola-rosea-120-gelules\/"},"modified":"2026-03-16T12:30:04","modified_gmt":"2026-03-16T11:30:04","slug":"vit4ever-rhodiola-rosea-120-gelules","status":"publish","type":"product","link":"https:\/\/vitalstoffversand.com\/fr\/produit\/vit4ever-rhodiola-rosea-120-gelules\/","title":{"rendered":"Vit4ever <br>Rhodiola Rosea &#8211; 120 g\u00e9lules"},"content":{"rendered":"<p>La Rhodiola Rosea, \u00e9galement connue sous le nom de Rosenwurz en Allemagne, poss\u00e8de des propri\u00e9t\u00e9s adaptog\u00e8nes.<\/p>\n<p>Outre la rosavine, cette plante contient \u00e9galement du salidroside et est utilis\u00e9e en m\u00e9decine traditionnelle pour soutenir l&#8217;organisme en ce qui concerne les situations de stress, la clart\u00e9 mentale et l&#8217;endurance g\u00e9n\u00e9rale.<\/p>\n<ul>\n<li>V\u00e9gan<\/li>\n<li>Sans gluten<\/li>\n<li>Sans lactose<\/li>\n<li>Sans OGM<\/li>\n<li>Fabriqu\u00e9 selon les normes de qualit\u00e9 strictes de l&#8217;UE<\/li>\n<\/ul>\n","protected":false},"excerpt":{"rendered":"<p>La Rhodiola Rosea, \u00e9galement connue sous le nom de Rosenwurz en Allemagne, poss\u00e8de des propri\u00e9t\u00e9s adaptog\u00e8nes. Outre la rosavine, cette plante contient \u00e9galement du salidroside et est utilis\u00e9e en m\u00e9decine traditionnelle pour soutenir l&#8217;organisme en ce qui concerne les situations de stress, la clart\u00e9 mentale et l&#8217;endurance g\u00e9n\u00e9rale. V\u00e9gan Sans gluten Sans lactose Sans OGM [&hellip;]<\/p>\n","protected":false},"featured_media":55127,"template":"","meta":{"_acf_changed":false},"product_brand":[10217],"product_cat":[348,365],"product_tag":[],"class_list":{"0":"post-23749","1":"product","2":"type-product","3":"status-publish","4":"has-post-thumbnail","6":"product_brand-vit4ever-fr","7":"product_cat-nutriments","8":"product_cat-produits-de-a-a-z","10":"first","11":"instock","12":"taxable","13":"shipping-taxable","14":"purchasable","15":"product-type-simple"},"acf":[],"_links":{"self":[{"href":"https:\/\/vitalstoffversand.com\/fr\/wp-json\/wp\/v2\/product\/23749","targetHints":{"allow":["GET"]}}],"collection":[{"href":"https:\/\/vitalstoffversand.com\/fr\/wp-json\/wp\/v2\/product"}],"about":[{"href":"https:\/\/vitalstoffversand.com\/fr\/wp-json\/wp\/v2\/types\/product"}],"wp:featuredmedia":[{"embeddable":true,"href":"https:\/\/vitalstoffversand.com\/fr\/wp-json\/wp\/v2\/media\/55127"}],"wp:attachment":[{"href":"https:\/\/vitalstoffversand.com\/fr\/wp-json\/wp\/v2\/media?parent=23749"}],"wp:term":[{"taxonomy":"product_brand","embeddable":true,"href":"https:\/\/vitalstoffversand.com\/fr\/wp-json\/wp\/v2\/product_brand?post=23749"},{"taxonomy":"product_cat","embeddable":true,"href":"https:\/\/vitalstoffversand.com\/fr\/wp-json\/wp\/v2\/product_cat?post=23749"},{"taxonomy":"product_tag","embeddable":true,"href":"https:\/\/vitalstoffversand.com\/fr\/wp-json\/wp\/v2\/product_tag?post=23749"}],"curies":[{"name":"wp","href":"https:\/\/api.w.org\/{rel}","templated":true}]}}