{"id":23746,"date":"2024-11-11T17:56:23","date_gmt":"2024-11-11T16:56:23","guid":{"rendered":"https:\/\/vitalstoffversand.com\/produkt\/vit4ever-beurre-de-cacahuetes-differentes-sortes\/"},"modified":"2026-03-30T14:31:28","modified_gmt":"2026-03-30T12:31:28","slug":"vit4ever-beurre-de-cacahuetes-differentes-sortes","status":"publish","type":"product","link":"https:\/\/vitalstoffversand.com\/fr\/produit\/vit4ever-beurre-de-cacahuetes-differentes-sortes\/","title":{"rendered":"Vit4ever <br>Beurre de cacahu\u00e8tes &#8211; diff\u00e9rentes vari\u00e9t\u00e9s"},"content":{"rendered":"<p style=\"text-align: left;\">Beurre de cacahu\u00e8tes pur et authentique, 100% cacahu\u00e8tes grill\u00e9es<\/p>\n<p>Disponible en version Smooth lisse et cr\u00e9meuse, Crunchy avec de petits morceaux de cacahu\u00e8tes et en version Dark Roasted Extra Crunchy.<\/p>\n<p>Le beurre de cacahu\u00e8te est riche en prot\u00e9ines, en min\u00e9raux (potassium, magn\u00e9sium) et contient 52% d&#8217;acides gras insatur\u00e9s.<\/p>\n<p>Remarque : la formation d&#8217;une couche d&#8217;huile \u00e0 la surface est normale avec ce produit. Il suffit de remuer bri\u00e8vement pour retrouver une texture onctueuse. <\/p>\n<ul>\n<li>v\u00e9gan<\/li>\n<li>glutenfrei<\/li>\n<li>Pas de sucre, d&#8217;huile de palme ou de sel ajout\u00e9s<\/li>\n<li>Sans additifs artificiels<\/li>\n<\/ul>\n","protected":false},"excerpt":{"rendered":"<p>Beurre de cacahu\u00e8tes pur et authentique, 100% cacahu\u00e8tes grill\u00e9es Disponible en version Smooth lisse et cr\u00e9meuse, Crunchy avec de petits morceaux de cacahu\u00e8tes et en version Dark Roasted Extra Crunchy. Le beurre de cacahu\u00e8te est riche en prot\u00e9ines, en min\u00e9raux (potassium, magn\u00e9sium) et contient 52% d&#8217;acides gras insatur\u00e9s. Remarque : la formation d&#8217;une couche d&#8217;huile [&hellip;]<\/p>\n","protected":false},"featured_media":55007,"template":"","meta":{"_acf_changed":false},"product_brand":[10217],"product_cat":[329,365],"product_tag":[],"class_list":{"0":"post-23746","1":"product","2":"type-product","3":"status-publish","4":"has-post-thumbnail","6":"product_brand-vit4ever-fr","7":"product_cat-cuisiner-grignoter","8":"product_cat-produits-de-a-a-z","10":"first","11":"instock","12":"taxable","13":"shipping-taxable","14":"purchasable","15":"product-type-variable"},"acf":[],"_links":{"self":[{"href":"https:\/\/vitalstoffversand.com\/fr\/wp-json\/wp\/v2\/product\/23746","targetHints":{"allow":["GET"]}}],"collection":[{"href":"https:\/\/vitalstoffversand.com\/fr\/wp-json\/wp\/v2\/product"}],"about":[{"href":"https:\/\/vitalstoffversand.com\/fr\/wp-json\/wp\/v2\/types\/product"}],"wp:featuredmedia":[{"embeddable":true,"href":"https:\/\/vitalstoffversand.com\/fr\/wp-json\/wp\/v2\/media\/55007"}],"wp:attachment":[{"href":"https:\/\/vitalstoffversand.com\/fr\/wp-json\/wp\/v2\/media?parent=23746"}],"wp:term":[{"taxonomy":"product_brand","embeddable":true,"href":"https:\/\/vitalstoffversand.com\/fr\/wp-json\/wp\/v2\/product_brand?post=23746"},{"taxonomy":"product_cat","embeddable":true,"href":"https:\/\/vitalstoffversand.com\/fr\/wp-json\/wp\/v2\/product_cat?post=23746"},{"taxonomy":"product_tag","embeddable":true,"href":"https:\/\/vitalstoffversand.com\/fr\/wp-json\/wp\/v2\/product_tag?post=23746"}],"curies":[{"name":"wp","href":"https:\/\/api.w.org\/{rel}","templated":true}]}}