{"id":23742,"date":"2024-11-11T17:53:50","date_gmt":"2024-11-11T16:53:50","guid":{"rendered":"https:\/\/vitalstoffversand.com\/produkt\/vit4ever-poudre-de-collagene-1000-g\/"},"modified":"2026-03-16T12:07:20","modified_gmt":"2026-03-16T11:07:20","slug":"vit4ever-poudre-de-collagene-1000-g","status":"publish","type":"product","link":"https:\/\/vitalstoffversand.com\/fr\/produit\/vit4ever-poudre-de-collagene-1000-g\/","title":{"rendered":"Vit4ever <br>Poudre de collag\u00e8ne &#8211; 1000 g"},"content":{"rendered":"<p>Hydrolysat de collag\u00e8ne bovin issu de collag\u00e8ne bovin de type I et III hydrolys\u00e9 par voie enzymatique, qui se distingue par son excellente puret\u00e9, sa biodisponibilit\u00e9 et sa solubilit\u00e9.<\/p>\n<p>Le produit a un go\u00fbt neutre et peut donc \u00eatre m\u00e9lang\u00e9 \u00e0 de nombreux aliments et boissons sans en alt\u00e9rer le go\u00fbt.<\/p>\n<p><strong>Remarque :<\/strong> ce produit n&#8217;est pas certifi\u00e9 halal.<\/p>\n<ul>\n<li>Sans gluten<\/li>\n<li>Sans lactose<\/li>\n<li>Sans OGM<\/li>\n<li>Fabriqu\u00e9 selon les normes de qualit\u00e9 strictes de l&#8217;UE<\/li>\n<\/ul>\n","protected":false},"excerpt":{"rendered":"<p>Hydrolysat de collag\u00e8ne bovin issu de collag\u00e8ne bovin de type I et III hydrolys\u00e9 par voie enzymatique, qui se distingue par son excellente puret\u00e9, sa biodisponibilit\u00e9 et sa solubilit\u00e9. Le produit a un go\u00fbt neutre et peut donc \u00eatre m\u00e9lang\u00e9 \u00e0 de nombreux aliments et boissons sans en alt\u00e9rer le go\u00fbt. Remarque : ce produit [&hellip;]<\/p>\n","protected":false},"featured_media":62353,"template":"","meta":{"_acf_changed":false},"product_brand":[10217],"product_cat":[348,365],"product_tag":[],"class_list":{"0":"post-23742","1":"product","2":"type-product","3":"status-publish","4":"has-post-thumbnail","6":"product_brand-vit4ever-fr","7":"product_cat-nutriments","8":"product_cat-produits-de-a-a-z","10":"first","11":"outofstock","12":"taxable","13":"shipping-taxable","14":"purchasable","15":"product-type-simple"},"acf":[],"_links":{"self":[{"href":"https:\/\/vitalstoffversand.com\/fr\/wp-json\/wp\/v2\/product\/23742","targetHints":{"allow":["GET"]}}],"collection":[{"href":"https:\/\/vitalstoffversand.com\/fr\/wp-json\/wp\/v2\/product"}],"about":[{"href":"https:\/\/vitalstoffversand.com\/fr\/wp-json\/wp\/v2\/types\/product"}],"wp:featuredmedia":[{"embeddable":true,"href":"https:\/\/vitalstoffversand.com\/fr\/wp-json\/wp\/v2\/media\/62353"}],"wp:attachment":[{"href":"https:\/\/vitalstoffversand.com\/fr\/wp-json\/wp\/v2\/media?parent=23742"}],"wp:term":[{"taxonomy":"product_brand","embeddable":true,"href":"https:\/\/vitalstoffversand.com\/fr\/wp-json\/wp\/v2\/product_brand?post=23742"},{"taxonomy":"product_cat","embeddable":true,"href":"https:\/\/vitalstoffversand.com\/fr\/wp-json\/wp\/v2\/product_cat?post=23742"},{"taxonomy":"product_tag","embeddable":true,"href":"https:\/\/vitalstoffversand.com\/fr\/wp-json\/wp\/v2\/product_tag?post=23742"}],"curies":[{"name":"wp","href":"https:\/\/api.w.org\/{rel}","templated":true}]}}