{"id":23739,"date":"2024-11-11T15:55:08","date_gmt":"2024-11-11T14:55:08","guid":{"rendered":"https:\/\/vitalstoffversand.com\/produkt\/vit4ever-extrait-de-riz-rouge-240-gelules\/"},"modified":"2026-03-16T11:49:22","modified_gmt":"2026-03-16T10:49:22","slug":"vit4ever-extrait-de-riz-rouge-240-gelules","status":"publish","type":"product","link":"https:\/\/vitalstoffversand.com\/fr\/produit\/vit4ever-extrait-de-riz-rouge-240-gelules\/","title":{"rendered":"Vit4ever <br>Extrait de riz rouge &#8211; 365 g\u00e9lules"},"content":{"rendered":"<p>Le riz rouge est obtenu par fermentation du riz blanc avec la moisissure Monascus purpureus et contient la substance active naturelle monacoline K, qui est chimiquement identique \u00e0 la substance m\u00e9dicamenteuse synth\u00e9tique lovostatine.<\/p>\n<p>La lovastatine appartient au groupe de substances actives des statines, qui sont utilis\u00e9es pour traiter les taux \u00e9lev\u00e9s de cholest\u00e9rol et de triglyc\u00e9rides et pour pr\u00e9venir la scl\u00e9rose des art\u00e8res coronaires.<\/p>\n<ul>\n<li>V\u00e9gan<\/li>\n<li>Sans gluten<\/li>\n<li>Sans lactose<\/li>\n<li>Sans OGM<\/li>\n<li>Fabriqu\u00e9 selon les normes de qualit\u00e9 strictes de l&#8217;UE<\/li>\n<\/ul>\n","protected":false},"excerpt":{"rendered":"<p>Le riz rouge est obtenu par fermentation du riz blanc avec la moisissure Monascus purpureus et contient la substance active naturelle monacoline K, qui est chimiquement identique \u00e0 la substance m\u00e9dicamenteuse synth\u00e9tique lovostatine. La lovastatine appartient au groupe de substances actives des statines, qui sont utilis\u00e9es pour traiter les taux \u00e9lev\u00e9s de cholest\u00e9rol et de [&hellip;]<\/p>\n","protected":false},"featured_media":54687,"template":"","meta":{"_acf_changed":false},"product_brand":[10217],"product_cat":[348,365],"product_tag":[],"class_list":{"0":"post-23739","1":"product","2":"type-product","3":"status-publish","4":"has-post-thumbnail","6":"product_brand-vit4ever-fr","7":"product_cat-nutriments","8":"product_cat-produits-de-a-a-z","10":"first","11":"instock","12":"taxable","13":"shipping-taxable","14":"purchasable","15":"product-type-simple"},"acf":[],"_links":{"self":[{"href":"https:\/\/vitalstoffversand.com\/fr\/wp-json\/wp\/v2\/product\/23739","targetHints":{"allow":["GET"]}}],"collection":[{"href":"https:\/\/vitalstoffversand.com\/fr\/wp-json\/wp\/v2\/product"}],"about":[{"href":"https:\/\/vitalstoffversand.com\/fr\/wp-json\/wp\/v2\/types\/product"}],"wp:featuredmedia":[{"embeddable":true,"href":"https:\/\/vitalstoffversand.com\/fr\/wp-json\/wp\/v2\/media\/54687"}],"wp:attachment":[{"href":"https:\/\/vitalstoffversand.com\/fr\/wp-json\/wp\/v2\/media?parent=23739"}],"wp:term":[{"taxonomy":"product_brand","embeddable":true,"href":"https:\/\/vitalstoffversand.com\/fr\/wp-json\/wp\/v2\/product_brand?post=23739"},{"taxonomy":"product_cat","embeddable":true,"href":"https:\/\/vitalstoffversand.com\/fr\/wp-json\/wp\/v2\/product_cat?post=23739"},{"taxonomy":"product_tag","embeddable":true,"href":"https:\/\/vitalstoffversand.com\/fr\/wp-json\/wp\/v2\/product_tag?post=23739"}],"curies":[{"name":"wp","href":"https:\/\/api.w.org\/{rel}","templated":true}]}}