{"id":23732,"date":"2024-11-11T15:52:10","date_gmt":"2024-11-11T14:52:10","guid":{"rendered":"https:\/\/vitalstoffversand.com\/produkt\/vit4ever-complexe-probio-25-180-gelules\/"},"modified":"2026-03-16T10:59:52","modified_gmt":"2026-03-16T09:59:52","slug":"vit4ever-complexe-probio-25-180-gelules","status":"publish","type":"product","link":"https:\/\/vitalstoffversand.com\/fr\/produit\/vit4ever-complexe-probio-25-180-gelules\/","title":{"rendered":"Vit4ever <br>Complexe Probio 25 &#8211; 180 g\u00e9lules"},"content":{"rendered":"<p>Notre intestin est un centre important de notre sant\u00e9 et est colonis\u00e9 par des centaines d&#8217;esp\u00e8ces de bact\u00e9ries intestinales diff\u00e9rentes.<\/p>\n<p>Souvent, l&#8217;\u00e9quilibre entre les \u00ab bonnes \u00bb et les \u00ab mauvaises \u00bb bact\u00e9ries intestinales est rompu, par exemple en raison d&#8217;une alimentation d\u00e9s\u00e9quilibr\u00e9e, de sorte que nous devrions intervenir pour les soutenir.<\/p>\n<p>Le complexe Probio 25 contient 25 souches bact\u00e9riennes diff\u00e9rentes et parfaitement adapt\u00e9es les unes aux autres, qui contribuent \u00e0 r\u00e9tablir un \u00e9quilibre sain des bact\u00e9ries intestinales.<\/p>\n<p>Le produit contient \u00e9galement de l&#8217;inuline, qui offre d&#8217;embl\u00e9e une source de nutriments aux bact\u00e9ries.<\/p>\n<p>Les capsules gastro-r\u00e9sistantes Bright JC Caps veillent \u00e0 ce que les bact\u00e9ries ne soient pas d\u00e9truites par l&#8217;acide gastrique, car leur lib\u00e9ration n&#8217;a lieu qu&#8217;avec un certain retard dans l&#8217;intestin gr\u00eale.<\/p>\n<ul>\n<li>Vegetarisch<\/li>\n<li>Sans gluten<\/li>\n<li>Sans lactose<\/li>\n<li>Sans OGM<\/li>\n<li>Fabriqu\u00e9 selon les normes de qualit\u00e9 strictes de l&#8217;UE<\/li>\n<\/ul>\n","protected":false},"excerpt":{"rendered":"<p>Notre intestin est un centre important de notre sant\u00e9 et est colonis\u00e9 par des centaines d&#8217;esp\u00e8ces de bact\u00e9ries intestinales diff\u00e9rentes. Souvent, l&#8217;\u00e9quilibre entre les \u00ab bonnes \u00bb et les \u00ab mauvaises \u00bb bact\u00e9ries intestinales est rompu, par exemple en raison d&#8217;une alimentation d\u00e9s\u00e9quilibr\u00e9e, de sorte que nous devrions intervenir pour les soutenir. Le complexe Probio [&hellip;]<\/p>\n","protected":false},"featured_media":60071,"template":"","meta":{"_acf_changed":false},"product_brand":[10217],"product_cat":[348,365],"product_tag":[],"class_list":{"0":"post-23732","1":"product","2":"type-product","3":"status-publish","4":"has-post-thumbnail","6":"product_brand-vit4ever-fr","7":"product_cat-nutriments","8":"product_cat-produits-de-a-a-z","10":"first","11":"outofstock","12":"taxable","13":"shipping-taxable","14":"purchasable","15":"product-type-simple"},"acf":[],"_links":{"self":[{"href":"https:\/\/vitalstoffversand.com\/fr\/wp-json\/wp\/v2\/product\/23732","targetHints":{"allow":["GET"]}}],"collection":[{"href":"https:\/\/vitalstoffversand.com\/fr\/wp-json\/wp\/v2\/product"}],"about":[{"href":"https:\/\/vitalstoffversand.com\/fr\/wp-json\/wp\/v2\/types\/product"}],"wp:featuredmedia":[{"embeddable":true,"href":"https:\/\/vitalstoffversand.com\/fr\/wp-json\/wp\/v2\/media\/60071"}],"wp:attachment":[{"href":"https:\/\/vitalstoffversand.com\/fr\/wp-json\/wp\/v2\/media?parent=23732"}],"wp:term":[{"taxonomy":"product_brand","embeddable":true,"href":"https:\/\/vitalstoffversand.com\/fr\/wp-json\/wp\/v2\/product_brand?post=23732"},{"taxonomy":"product_cat","embeddable":true,"href":"https:\/\/vitalstoffversand.com\/fr\/wp-json\/wp\/v2\/product_cat?post=23732"},{"taxonomy":"product_tag","embeddable":true,"href":"https:\/\/vitalstoffversand.com\/fr\/wp-json\/wp\/v2\/product_tag?post=23732"}],"curies":[{"name":"wp","href":"https:\/\/api.w.org\/{rel}","templated":true}]}}