{"id":23723,"date":"2024-11-11T15:24:51","date_gmt":"2024-11-11T14:24:51","guid":{"rendered":"https:\/\/vitalstoffversand.com\/produkt\/vit4ever-vitamine-c-liposomal-complexe-240-gelules\/"},"modified":"2026-03-15T18:47:56","modified_gmt":"2026-03-15T17:47:56","slug":"vit4ever-vitamine-c-liposomal-complexe-240-gelules","status":"publish","type":"product","link":"https:\/\/vitalstoffversand.com\/fr\/produit\/vit4ever-vitamine-c-liposomal-complexe-240-gelules\/","title":{"rendered":"Vit4ever <br>Vitamine C Liposomal Complexe &#8211; 240 g\u00e9lules"},"content":{"rendered":"<p><a href=\"https:\/\/vitalstoffversand.com\/knowledge-base\/vitamin-c\/\" target=\"_blank\" rel=\"noopener\"><span style=\"color: #0000ff;\"><strong>\u2192 La vitamine C<\/strong><\/span><\/a> est l&#8217;une des vitamines les plus connues et les plus importantes que nous devons apporter par l&#8217;alimentation.<\/p>\n<p>Gr\u00e2ce \u00e0 l&#8217;association avec des phospholipides naturels liposolubles et en combinaison avec le palmitate d&#8217;ascorbyle (ester C) comme forme liposoluble de vitamine C, on obtient une absorption fortement am\u00e9lior\u00e9e dans l&#8217;intestin.<\/p>\n<ul>\n<li>V\u00e9gan<\/li>\n<li>Sans gluten<\/li>\n<li>Sans lactose<\/li>\n<li>Sans OGM<\/li>\n<li>Fabriqu\u00e9 selon les normes de qualit\u00e9 strictes de l&#8217;UE<\/li>\n<\/ul>\n","protected":false},"excerpt":{"rendered":"<p>\u2192 La vitamine C est l&#8217;une des vitamines les plus connues et les plus importantes que nous devons apporter par l&#8217;alimentation. Gr\u00e2ce \u00e0 l&#8217;association avec des phospholipides naturels liposolubles et en combinaison avec le palmitate d&#8217;ascorbyle (ester C) comme forme liposoluble de vitamine C, on obtient une absorption fortement am\u00e9lior\u00e9e dans l&#8217;intestin. V\u00e9gan Sans gluten [&hellip;]<\/p>\n","protected":false},"featured_media":53967,"template":"","meta":{"_acf_changed":false},"product_brand":[10217],"product_cat":[308,365],"product_tag":[],"class_list":{"0":"post-23723","1":"product","2":"type-product","3":"status-publish","4":"has-post-thumbnail","6":"product_brand-vit4ever-fr","7":"product_cat-vitamines","8":"product_cat-produits-de-a-a-z","10":"first","11":"instock","12":"taxable","13":"shipping-taxable","14":"purchasable","15":"product-type-simple"},"acf":[],"_links":{"self":[{"href":"https:\/\/vitalstoffversand.com\/fr\/wp-json\/wp\/v2\/product\/23723","targetHints":{"allow":["GET"]}}],"collection":[{"href":"https:\/\/vitalstoffversand.com\/fr\/wp-json\/wp\/v2\/product"}],"about":[{"href":"https:\/\/vitalstoffversand.com\/fr\/wp-json\/wp\/v2\/types\/product"}],"wp:featuredmedia":[{"embeddable":true,"href":"https:\/\/vitalstoffversand.com\/fr\/wp-json\/wp\/v2\/media\/53967"}],"wp:attachment":[{"href":"https:\/\/vitalstoffversand.com\/fr\/wp-json\/wp\/v2\/media?parent=23723"}],"wp:term":[{"taxonomy":"product_brand","embeddable":true,"href":"https:\/\/vitalstoffversand.com\/fr\/wp-json\/wp\/v2\/product_brand?post=23723"},{"taxonomy":"product_cat","embeddable":true,"href":"https:\/\/vitalstoffversand.com\/fr\/wp-json\/wp\/v2\/product_cat?post=23723"},{"taxonomy":"product_tag","embeddable":true,"href":"https:\/\/vitalstoffversand.com\/fr\/wp-json\/wp\/v2\/product_tag?post=23723"}],"curies":[{"name":"wp","href":"https:\/\/api.w.org\/{rel}","templated":true}]}}