{"id":23720,"date":"2024-11-11T15:30:16","date_gmt":"2024-11-11T14:30:16","guid":{"rendered":"https:\/\/vitalstoffversand.com\/produkt\/vit4ever-huile-de-poisson-omega-3-intenso-differentes-quantites\/"},"modified":"2026-03-17T18:34:39","modified_gmt":"2026-03-17T17:34:39","slug":"vit4ever-huile-de-poisson-omega-3-intenso-differentes-quantites","status":"publish","type":"product","link":"https:\/\/vitalstoffversand.com\/fr\/produit\/vit4ever-huile-de-poisson-omega-3-intenso-differentes-quantites\/","title":{"rendered":"Vit4ever <br>Huile de poisson Omega 3 Intenso &#8211; 120 g\u00e9lules"},"content":{"rendered":"<p>Les acides gras om\u00e9ga 3 sont essentiels pour notre corps et doivent \u00eatre apport\u00e9s par l&#8217;alimentation.<\/p>\n<p>Omega 3 Intenso Softgel Capsules est un produit de premi\u00e8re qualit\u00e9 absolue qui se distingue par une teneur sup\u00e9rieure \u00e0 la moyenne de 80% d&#8217;acides gras om\u00e9ga 3 purs, fournissant 400 mg d&#8217;<a href=\"https:\/\/vitalstoffversand.com\/knowledge-base\/eicosapentaensaeure-und-docosahexaensaeure-epa-dha\/\" target=\"_blank\" rel=\"noopener\"><strong><span style=\"color: #0000ff;\">\u2192 EPA (acide eicosapenta\u00e9no\u00efque)<\/span><\/strong><\/a> et 300 mg de <a href=\"https:\/\/vitalstoffversand.com\/knowledge-base\/docosahexaensaeure-dha\/\" target=\"_blank\" rel=\"noopener\"><strong><span style=\"color: #0000ff;\">\u2192 DHA (acide docosahaex\u00e9no\u00efque)<\/span><\/strong><\/a> sous la forme la plus biodisponible (triglyc\u00e9ride).<\/p>\n<ul>\n<li>Sans gluten<\/li>\n<li>Sans lactose<\/li>\n<li>Sans OGM<\/li>\n<li>Fabriqu\u00e9 selon les normes de qualit\u00e9 strictes de l&#8217;UE<\/li>\n<\/ul>\n","protected":false},"excerpt":{"rendered":"<p>Les acides gras om\u00e9ga 3 sont essentiels pour notre corps et doivent \u00eatre apport\u00e9s par l&#8217;alimentation. Omega 3 Intenso Softgel Capsules est un produit de premi\u00e8re qualit\u00e9 absolue qui se distingue par une teneur sup\u00e9rieure \u00e0 la moyenne de 80% d&#8217;acides gras om\u00e9ga 3 purs, fournissant 400 mg d&#8217;\u2192 EPA (acide eicosapenta\u00e9no\u00efque) et 300 mg [&hellip;]<\/p>\n","protected":false},"featured_media":53919,"template":"","meta":{"_acf_changed":false},"product_brand":[10217],"product_cat":[337,365],"product_tag":[],"class_list":{"0":"post-23720","1":"product","2":"type-product","3":"status-publish","4":"has-post-thumbnail","6":"product_brand-vit4ever-fr","7":"product_cat-acides-gras","8":"product_cat-produits-de-a-a-z","10":"first","11":"instock","12":"taxable","13":"shipping-taxable","14":"purchasable","15":"product-type-simple"},"acf":[],"_links":{"self":[{"href":"https:\/\/vitalstoffversand.com\/fr\/wp-json\/wp\/v2\/product\/23720","targetHints":{"allow":["GET"]}}],"collection":[{"href":"https:\/\/vitalstoffversand.com\/fr\/wp-json\/wp\/v2\/product"}],"about":[{"href":"https:\/\/vitalstoffversand.com\/fr\/wp-json\/wp\/v2\/types\/product"}],"wp:featuredmedia":[{"embeddable":true,"href":"https:\/\/vitalstoffversand.com\/fr\/wp-json\/wp\/v2\/media\/53919"}],"wp:attachment":[{"href":"https:\/\/vitalstoffversand.com\/fr\/wp-json\/wp\/v2\/media?parent=23720"}],"wp:term":[{"taxonomy":"product_brand","embeddable":true,"href":"https:\/\/vitalstoffversand.com\/fr\/wp-json\/wp\/v2\/product_brand?post=23720"},{"taxonomy":"product_cat","embeddable":true,"href":"https:\/\/vitalstoffversand.com\/fr\/wp-json\/wp\/v2\/product_cat?post=23720"},{"taxonomy":"product_tag","embeddable":true,"href":"https:\/\/vitalstoffversand.com\/fr\/wp-json\/wp\/v2\/product_tag?post=23720"}],"curies":[{"name":"wp","href":"https:\/\/api.w.org\/{rel}","templated":true}]}}