{"id":23715,"date":"2024-11-11T15:13:36","date_gmt":"2024-11-11T14:13:36","guid":{"rendered":"https:\/\/vitalstoffversand.com\/produkt\/vit4ever-extrait-de-curcuma-intenso-180-gelules\/"},"modified":"2026-03-15T18:21:40","modified_gmt":"2026-03-15T17:21:40","slug":"vit4ever-extrait-de-curcuma-intenso-180-gelules","status":"publish","type":"product","link":"https:\/\/vitalstoffversand.com\/fr\/produit\/vit4ever-extrait-de-curcuma-intenso-180-gelules\/","title":{"rendered":"Vit4ever <br>Extrait de curcuma Intenso &#8211; 180 g\u00e9lules"},"content":{"rendered":"<p>Le curcuma n&#8217;est pas seulement une \u00e9pice, mais aussi, gr\u00e2ce \u00e0 la curcumine qu&#8217;il contient, un rem\u00e8de utilis\u00e9 depuis des si\u00e8cles dans la m\u00e9decine traditionnelle indienne.<\/p>\n<p>Chaque g\u00e9lule d&#8217;extrait contient 257,5 mg de curcumine\/curcumino\u00efdes, ce qui \u00e9quivaut \u00e0 la consommation de 17,15 g de poudre de curcuma normale (2,5 % de curcumine).<\/p>\n<p>L&#8217;absorption des curcumino\u00efdes est renforc\u00e9e par l&#8217;extrait de poivre noir avec pip\u00e9rine, qui renforce la substance active.<\/p>\n<ul>\n<li>V\u00e9gan<\/li>\n<li>Sans gluten<\/li>\n<li>Sans lactose<\/li>\n<li>Sans OGM<\/li>\n<li>Fabriqu\u00e9 selon les normes de qualit\u00e9 strictes de l&#8217;UE<\/li>\n<\/ul>\n","protected":false},"excerpt":{"rendered":"<p>Le curcuma n&#8217;est pas seulement une \u00e9pice, mais aussi, gr\u00e2ce \u00e0 la curcumine qu&#8217;il contient, un rem\u00e8de utilis\u00e9 depuis des si\u00e8cles dans la m\u00e9decine traditionnelle indienne. Chaque g\u00e9lule d&#8217;extrait contient 257,5 mg de curcumine\/curcumino\u00efdes, ce qui \u00e9quivaut \u00e0 la consommation de 17,15 g de poudre de curcuma normale (2,5 % de curcumine). L&#8217;absorption des curcumino\u00efdes [&hellip;]<\/p>\n","protected":false},"featured_media":53767,"template":"","meta":{"_acf_changed":false},"product_brand":[10217],"product_cat":[348,365],"product_tag":[],"class_list":{"0":"post-23715","1":"product","2":"type-product","3":"status-publish","4":"has-post-thumbnail","6":"product_brand-vit4ever-fr","7":"product_cat-nutriments","8":"product_cat-produits-de-a-a-z","10":"first","11":"instock","12":"taxable","13":"shipping-taxable","14":"purchasable","15":"product-type-simple"},"acf":[],"_links":{"self":[{"href":"https:\/\/vitalstoffversand.com\/fr\/wp-json\/wp\/v2\/product\/23715","targetHints":{"allow":["GET"]}}],"collection":[{"href":"https:\/\/vitalstoffversand.com\/fr\/wp-json\/wp\/v2\/product"}],"about":[{"href":"https:\/\/vitalstoffversand.com\/fr\/wp-json\/wp\/v2\/types\/product"}],"wp:featuredmedia":[{"embeddable":true,"href":"https:\/\/vitalstoffversand.com\/fr\/wp-json\/wp\/v2\/media\/53767"}],"wp:attachment":[{"href":"https:\/\/vitalstoffversand.com\/fr\/wp-json\/wp\/v2\/media?parent=23715"}],"wp:term":[{"taxonomy":"product_brand","embeddable":true,"href":"https:\/\/vitalstoffversand.com\/fr\/wp-json\/wp\/v2\/product_brand?post=23715"},{"taxonomy":"product_cat","embeddable":true,"href":"https:\/\/vitalstoffversand.com\/fr\/wp-json\/wp\/v2\/product_cat?post=23715"},{"taxonomy":"product_tag","embeddable":true,"href":"https:\/\/vitalstoffversand.com\/fr\/wp-json\/wp\/v2\/product_tag?post=23715"}],"curies":[{"name":"wp","href":"https:\/\/api.w.org\/{rel}","templated":true}]}}