{"id":23711,"date":"2024-11-11T15:11:25","date_gmt":"2024-11-11T14:11:25","guid":{"rendered":"https:\/\/vitalstoffversand.com\/produkt\/vit4ever-extrait-de-brocoli-intenso-180-gelules\/"},"modified":"2026-03-15T18:13:49","modified_gmt":"2026-03-15T17:13:49","slug":"vit4ever-extrait-de-brocoli-intenso-180-gelules","status":"publish","type":"product","link":"https:\/\/vitalstoffversand.com\/fr\/produit\/vit4ever-extrait-de-brocoli-intenso-180-gelules\/","title":{"rendered":"Vit4ever <br>Extrait de Brocoli Intenso &#8211; 180 g\u00e9lules"},"content":{"rendered":"<p>Le brocoli contient du sulforaphane naturel, un compos\u00e9 phytochimique dot\u00e9 de propri\u00e9t\u00e9s antioxydantes et antimicrobiennes.<\/p>\n<p>L&#8217;extrait de brocoli peut \u00eatre utilis\u00e9 dans le cadre d&#8217;un compl\u00e9ment alimentaire g\u00e9n\u00e9ral.<\/p>\n<ul>\n<li>V\u00e9gan<\/li>\n<li>Sans gluten<\/li>\n<li>Sans lactose<\/li>\n<li>Sans OGM<\/li>\n<li>Fabriqu\u00e9 selon les normes de qualit\u00e9 strictes de l&#8217;UE<\/li>\n<\/ul>\n","protected":false},"excerpt":{"rendered":"<p>Le brocoli contient du sulforaphane naturel, un compos\u00e9 phytochimique dot\u00e9 de propri\u00e9t\u00e9s antioxydantes et antimicrobiennes. L&#8217;extrait de brocoli peut \u00eatre utilis\u00e9 dans le cadre d&#8217;un compl\u00e9ment alimentaire g\u00e9n\u00e9ral. V\u00e9gan Sans gluten Sans lactose Sans OGM Fabriqu\u00e9 selon les normes de qualit\u00e9 strictes de l&#8217;UE<\/p>\n","protected":false},"featured_media":53727,"template":"","meta":{"_acf_changed":false},"product_brand":[10217],"product_cat":[348,365],"product_tag":[],"class_list":{"0":"post-23711","1":"product","2":"type-product","3":"status-publish","4":"has-post-thumbnail","6":"product_brand-vit4ever-fr","7":"product_cat-nutriments","8":"product_cat-produits-de-a-a-z","10":"first","11":"instock","12":"taxable","13":"shipping-taxable","14":"purchasable","15":"product-type-simple"},"acf":[],"_links":{"self":[{"href":"https:\/\/vitalstoffversand.com\/fr\/wp-json\/wp\/v2\/product\/23711","targetHints":{"allow":["GET"]}}],"collection":[{"href":"https:\/\/vitalstoffversand.com\/fr\/wp-json\/wp\/v2\/product"}],"about":[{"href":"https:\/\/vitalstoffversand.com\/fr\/wp-json\/wp\/v2\/types\/product"}],"wp:featuredmedia":[{"embeddable":true,"href":"https:\/\/vitalstoffversand.com\/fr\/wp-json\/wp\/v2\/media\/53727"}],"wp:attachment":[{"href":"https:\/\/vitalstoffversand.com\/fr\/wp-json\/wp\/v2\/media?parent=23711"}],"wp:term":[{"taxonomy":"product_brand","embeddable":true,"href":"https:\/\/vitalstoffversand.com\/fr\/wp-json\/wp\/v2\/product_brand?post=23711"},{"taxonomy":"product_cat","embeddable":true,"href":"https:\/\/vitalstoffversand.com\/fr\/wp-json\/wp\/v2\/product_cat?post=23711"},{"taxonomy":"product_tag","embeddable":true,"href":"https:\/\/vitalstoffversand.com\/fr\/wp-json\/wp\/v2\/product_tag?post=23711"}],"curies":[{"name":"wp","href":"https:\/\/api.w.org\/{rel}","templated":true}]}}