{"id":23710,"date":"2024-11-11T15:10:08","date_gmt":"2024-11-11T14:10:08","guid":{"rendered":"https:\/\/vitalstoffversand.com\/produkt\/vit4ever-potassium-240-gelules\/"},"modified":"2026-03-16T11:58:53","modified_gmt":"2026-03-16T10:58:53","slug":"vit4ever-potassium-240-gelules","status":"publish","type":"product","link":"https:\/\/vitalstoffversand.com\/fr\/produit\/vit4ever-potassium-240-gelules\/","title":{"rendered":"Vit4ever <br>Potassium &#8211; 365 g\u00e9lules"},"content":{"rendered":"<p>Le potassium (ici sous forme de citrate de potassium) est un min\u00e9ral ou un \u00e9lectrolyte qui doit \u00eatre absorb\u00e9 quotidiennement via l&#8217;alimentation.<\/p>\n<p>Il joue un r\u00f4le important aussi bien pour l&#8217;hydratation de nos cellules que pour le contr\u00f4le de nos muscles et la communication de nos cellules nerveuses.<\/p>\n<p>Une alimentation d\u00e9s\u00e9quilibr\u00e9e et \u00ab malsaine \u00bb peut entra\u00eener un d\u00e9s\u00e9quilibre entre le sodium (sel) et le potassium, raison pour laquelle une suppl\u00e9mentation en potassium peut \u00eatre n\u00e9cessaire ou conseill\u00e9e dans certains cas.<\/p>\n<ul>\n<li>V\u00e9gan<\/li>\n<li>Sans gluten<\/li>\n<li>Sans lactose<\/li>\n<li>Sans OGM<\/li>\n<li>Fabriqu\u00e9 selon les normes de qualit\u00e9 strictes de l&#8217;UE<\/li>\n<\/ul>\n","protected":false},"excerpt":{"rendered":"<p>Le potassium (ici sous forme de citrate de potassium) est un min\u00e9ral ou un \u00e9lectrolyte qui doit \u00eatre absorb\u00e9 quotidiennement via l&#8217;alimentation. Il joue un r\u00f4le important aussi bien pour l&#8217;hydratation de nos cellules que pour le contr\u00f4le de nos muscles et la communication de nos cellules nerveuses. Une alimentation d\u00e9s\u00e9quilibr\u00e9e et \u00ab malsaine \u00bb [&hellip;]<\/p>\n","protected":false},"featured_media":54799,"template":"","meta":{"_acf_changed":false},"product_brand":[10217],"product_cat":[340,365],"product_tag":[],"class_list":{"0":"post-23710","1":"product","2":"type-product","3":"status-publish","4":"has-post-thumbnail","6":"product_brand-vit4ever-fr","7":"product_cat-mineraux-oligo-elements","8":"product_cat-produits-de-a-a-z","10":"first","11":"instock","12":"taxable","13":"shipping-taxable","14":"purchasable","15":"product-type-simple"},"acf":[],"_links":{"self":[{"href":"https:\/\/vitalstoffversand.com\/fr\/wp-json\/wp\/v2\/product\/23710","targetHints":{"allow":["GET"]}}],"collection":[{"href":"https:\/\/vitalstoffversand.com\/fr\/wp-json\/wp\/v2\/product"}],"about":[{"href":"https:\/\/vitalstoffversand.com\/fr\/wp-json\/wp\/v2\/types\/product"}],"wp:featuredmedia":[{"embeddable":true,"href":"https:\/\/vitalstoffversand.com\/fr\/wp-json\/wp\/v2\/media\/54799"}],"wp:attachment":[{"href":"https:\/\/vitalstoffversand.com\/fr\/wp-json\/wp\/v2\/media?parent=23710"}],"wp:term":[{"taxonomy":"product_brand","embeddable":true,"href":"https:\/\/vitalstoffversand.com\/fr\/wp-json\/wp\/v2\/product_brand?post=23710"},{"taxonomy":"product_cat","embeddable":true,"href":"https:\/\/vitalstoffversand.com\/fr\/wp-json\/wp\/v2\/product_cat?post=23710"},{"taxonomy":"product_tag","embeddable":true,"href":"https:\/\/vitalstoffversand.com\/fr\/wp-json\/wp\/v2\/product_tag?post=23710"}],"curies":[{"name":"wp","href":"https:\/\/api.w.org\/{rel}","templated":true}]}}