{"id":23706,"date":"2024-11-11T14:59:56","date_gmt":"2024-11-11T13:59:56","guid":{"rendered":"https:\/\/vitalstoffversand.com\/produkt\/vit4ever-extrait-de-grenade-240-gelules\/"},"modified":"2026-03-15T18:13:52","modified_gmt":"2026-03-15T17:13:52","slug":"vit4ever-extrait-de-grenade-240-gelules","status":"publish","type":"product","link":"https:\/\/vitalstoffversand.com\/fr\/produit\/vit4ever-extrait-de-grenade-240-gelules\/","title":{"rendered":"Vit4ever <br>Extrait de grenade &#8211; 240 g\u00e9lules"},"content":{"rendered":"<p>La grenade a une teneur \u00e9lev\u00e9e en polyph\u00e9nols naturels, qui font partie des antioxydants, et elle est \u00e9galement riche en potassium, fer et vitamines B.<\/p>\n<p>L&#8217;extrait de grenade contient une quantit\u00e9 extr\u00eamement \u00e9lev\u00e9e d&#8217;acide ellagique, un polyph\u00e9nol, qui est repr\u00e9sent\u00e9 dans ce produit \u00e0 hauteur de 40%.<\/p>\n<ul>\n<li>V\u00e9gan<\/li>\n<li>Sans gluten<\/li>\n<li>Sans lactose<\/li>\n<li>Sans OGM<\/li>\n<li>Fabriqu\u00e9 selon les normes de qualit\u00e9 strictes de l&#8217;UE<\/li>\n<\/ul>\n","protected":false},"excerpt":{"rendered":"<p>La grenade a une teneur \u00e9lev\u00e9e en polyph\u00e9nols naturels, qui font partie des antioxydants, et elle est \u00e9galement riche en potassium, fer et vitamines B. L&#8217;extrait de grenade contient une quantit\u00e9 extr\u00eamement \u00e9lev\u00e9e d&#8217;acide ellagique, un polyph\u00e9nol, qui est repr\u00e9sent\u00e9 dans ce produit \u00e0 hauteur de 40%. V\u00e9gan Sans gluten Sans lactose Sans OGM Fabriqu\u00e9 [&hellip;]<\/p>\n","protected":false},"featured_media":53631,"template":"","meta":{"_acf_changed":false},"product_brand":[10217],"product_cat":[348,365],"product_tag":[],"class_list":{"0":"post-23706","1":"product","2":"type-product","3":"status-publish","4":"has-post-thumbnail","6":"product_brand-vit4ever-fr","7":"product_cat-nutriments","8":"product_cat-produits-de-a-a-z","10":"first","11":"instock","12":"taxable","13":"shipping-taxable","14":"purchasable","15":"product-type-simple"},"acf":[],"_links":{"self":[{"href":"https:\/\/vitalstoffversand.com\/fr\/wp-json\/wp\/v2\/product\/23706","targetHints":{"allow":["GET"]}}],"collection":[{"href":"https:\/\/vitalstoffversand.com\/fr\/wp-json\/wp\/v2\/product"}],"about":[{"href":"https:\/\/vitalstoffversand.com\/fr\/wp-json\/wp\/v2\/types\/product"}],"wp:featuredmedia":[{"embeddable":true,"href":"https:\/\/vitalstoffversand.com\/fr\/wp-json\/wp\/v2\/media\/53631"}],"wp:attachment":[{"href":"https:\/\/vitalstoffversand.com\/fr\/wp-json\/wp\/v2\/media?parent=23706"}],"wp:term":[{"taxonomy":"product_brand","embeddable":true,"href":"https:\/\/vitalstoffversand.com\/fr\/wp-json\/wp\/v2\/product_brand?post=23706"},{"taxonomy":"product_cat","embeddable":true,"href":"https:\/\/vitalstoffversand.com\/fr\/wp-json\/wp\/v2\/product_cat?post=23706"},{"taxonomy":"product_tag","embeddable":true,"href":"https:\/\/vitalstoffversand.com\/fr\/wp-json\/wp\/v2\/product_tag?post=23706"}],"curies":[{"name":"wp","href":"https:\/\/api.w.org\/{rel}","templated":true}]}}