{"id":23705,"date":"2024-11-11T14:58:22","date_gmt":"2024-11-11T13:58:22","guid":{"rendered":"https:\/\/vitalstoffversand.com\/produkt\/vit4ever-beurre-de-cacahuetes-au-miel-1000-g\/"},"modified":"2026-03-15T18:09:03","modified_gmt":"2026-03-15T17:09:03","slug":"vit4ever-beurre-de-cacahuetes-au-miel-1000-g","status":"publish","type":"product","link":"https:\/\/vitalstoffversand.com\/fr\/produit\/vit4ever-beurre-de-cacahuetes-au-miel-1000-g\/","title":{"rendered":"Vit4ever <br>Beurre de cacahu\u00e8tes au miel &#8211; 1000 g"},"content":{"rendered":"<p>Beurre de cacahu\u00e8tes au vrai miel de fleurs.<\/p>\n<p>Que ce soit en tant que p\u00e2te \u00e0 tartiner, dans de d\u00e9licieux desserts ou comme point fort dans les g\u00e2teaux et les biscuits.<\/p>\n<p>Remarque : la formation d&#8217;une couche d&#8217;huile \u00e0 la surface est normale avec ce produit. Il suffit de remuer bri\u00e8vement pour retrouver une texture onctueuse. <\/p>\n<ul>\n<li>100% cacahu\u00e8tes grill\u00e9es<\/li>\n<li>Miel de fleurs<\/li>\n<li>Pas de sucre, d&#8217;huile de palme ou de sel ajout\u00e9s<\/li>\n<li>Riche en acides gras insatur\u00e9s &amp; naturels (43,2%)<\/li>\n<li>v\u00e9gan<\/li>\n<\/ul>\n","protected":false},"excerpt":{"rendered":"<p>Beurre de cacahu\u00e8tes au vrai miel de fleurs. Que ce soit en tant que p\u00e2te \u00e0 tartiner, dans de d\u00e9licieux desserts ou comme point fort dans les g\u00e2teaux et les biscuits. Remarque : la formation d&#8217;une couche d&#8217;huile \u00e0 la surface est normale avec ce produit. Il suffit de remuer bri\u00e8vement pour retrouver une texture [&hellip;]<\/p>\n","protected":false},"featured_media":53599,"template":"","meta":{"_acf_changed":false},"product_brand":[10217],"product_cat":[329,316,365],"product_tag":[],"class_list":{"0":"post-23705","1":"product","2":"type-product","3":"status-publish","4":"has-post-thumbnail","6":"product_brand-vit4ever-fr","7":"product_cat-cuisiner-grignoter","8":"product_cat-reduit","9":"product_cat-produits-de-a-a-z","11":"first","12":"instock","13":"sale","14":"taxable","15":"shipping-taxable","16":"purchasable","17":"product-type-simple"},"acf":[],"_links":{"self":[{"href":"https:\/\/vitalstoffversand.com\/fr\/wp-json\/wp\/v2\/product\/23705","targetHints":{"allow":["GET"]}}],"collection":[{"href":"https:\/\/vitalstoffversand.com\/fr\/wp-json\/wp\/v2\/product"}],"about":[{"href":"https:\/\/vitalstoffversand.com\/fr\/wp-json\/wp\/v2\/types\/product"}],"wp:featuredmedia":[{"embeddable":true,"href":"https:\/\/vitalstoffversand.com\/fr\/wp-json\/wp\/v2\/media\/53599"}],"wp:attachment":[{"href":"https:\/\/vitalstoffversand.com\/fr\/wp-json\/wp\/v2\/media?parent=23705"}],"wp:term":[{"taxonomy":"product_brand","embeddable":true,"href":"https:\/\/vitalstoffversand.com\/fr\/wp-json\/wp\/v2\/product_brand?post=23705"},{"taxonomy":"product_cat","embeddable":true,"href":"https:\/\/vitalstoffversand.com\/fr\/wp-json\/wp\/v2\/product_cat?post=23705"},{"taxonomy":"product_tag","embeddable":true,"href":"https:\/\/vitalstoffversand.com\/fr\/wp-json\/wp\/v2\/product_tag?post=23705"}],"curies":[{"name":"wp","href":"https:\/\/api.w.org\/{rel}","templated":true}]}}