{"id":23704,"date":"2024-11-11T14:53:57","date_gmt":"2024-11-11T13:53:57","guid":{"rendered":"https:\/\/vitalstoffversand.com\/produkt\/vit4ever-melatonine-365-comprimes\/"},"modified":"2026-03-15T18:10:58","modified_gmt":"2026-03-15T17:10:58","slug":"vit4ever-melatonine-365-comprimes","status":"publish","type":"product","link":"https:\/\/vitalstoffversand.com\/fr\/produit\/vit4ever-melatonine-365-comprimes\/","title":{"rendered":"Vit4ever <br>M\u00e9latonine &#8211; 365 Comprim\u00e9s"},"content":{"rendered":"<p>La m\u00e9latonine est l&#8217;hormone du sommeil produite par le corps et, avec l&#8217;aide de son \u00ab antagoniste \u00bb, le cortisol, elle r\u00e9gule notre rythme jour-nuit, c&#8217;est-\u00e0-dire notre \u00ab horloge interne \u00bb.<br \/>\nIl s&#8217;agit donc de la forme la plus naturelle pour favoriser l&#8217;endormissement et le sommeil.<\/p>\n<p>En cas de troubles du sommeil, il est donc pr\u00e9f\u00e9rable de recourir \u00e0 notre propre hormone plut\u00f4t qu&#8217;\u00e0 un somnif\u00e8re chimique, qui peut en outre, dans de nombreux cas, provoquer une d\u00e9pendance et une intol\u00e9rance. Ce risque n&#8217;existe pas avec la m\u00e9latonine.<\/p>\n<p>De plus, la m\u00e9latonine peut \u00eatre combin\u00e9e sans probl\u00e8me avec d&#8217;autres substances calmantes, comme le houblon, la val\u00e9riane ou autres, sans que cela n&#8217;entra\u00eene d&#8217;effets ind\u00e9sirables.<\/p>\n<ul>\n<li>V\u00e9gan<\/li>\n<li>Sans gluten<\/li>\n<li>Sans lactose<\/li>\n<li>Sans OGM<\/li>\n<li>Fabriqu\u00e9 selon les normes de qualit\u00e9 strictes de l&#8217;UE<\/li>\n<\/ul>\n","protected":false},"excerpt":{"rendered":"<p>La m\u00e9latonine est l&#8217;hormone du sommeil produite par le corps et, avec l&#8217;aide de son \u00ab antagoniste \u00bb, le cortisol, elle r\u00e9gule notre rythme jour-nuit, c&#8217;est-\u00e0-dire notre \u00ab horloge interne \u00bb. Il s&#8217;agit donc de la forme la plus naturelle pour favoriser l&#8217;endormissement et le sommeil. En cas de troubles du sommeil, il est donc [&hellip;]<\/p>\n","protected":false},"featured_media":53559,"template":"","meta":{"_acf_changed":false},"product_brand":[10217],"product_cat":[348,365],"product_tag":[],"class_list":{"0":"post-23704","1":"product","2":"type-product","3":"status-publish","4":"has-post-thumbnail","6":"product_brand-vit4ever-fr","7":"product_cat-nutriments","8":"product_cat-produits-de-a-a-z","10":"first","11":"outofstock","12":"taxable","13":"shipping-taxable","14":"purchasable","15":"product-type-simple"},"acf":[],"_links":{"self":[{"href":"https:\/\/vitalstoffversand.com\/fr\/wp-json\/wp\/v2\/product\/23704","targetHints":{"allow":["GET"]}}],"collection":[{"href":"https:\/\/vitalstoffversand.com\/fr\/wp-json\/wp\/v2\/product"}],"about":[{"href":"https:\/\/vitalstoffversand.com\/fr\/wp-json\/wp\/v2\/types\/product"}],"wp:featuredmedia":[{"embeddable":true,"href":"https:\/\/vitalstoffversand.com\/fr\/wp-json\/wp\/v2\/media\/53559"}],"wp:attachment":[{"href":"https:\/\/vitalstoffversand.com\/fr\/wp-json\/wp\/v2\/media?parent=23704"}],"wp:term":[{"taxonomy":"product_brand","embeddable":true,"href":"https:\/\/vitalstoffversand.com\/fr\/wp-json\/wp\/v2\/product_brand?post=23704"},{"taxonomy":"product_cat","embeddable":true,"href":"https:\/\/vitalstoffversand.com\/fr\/wp-json\/wp\/v2\/product_cat?post=23704"},{"taxonomy":"product_tag","embeddable":true,"href":"https:\/\/vitalstoffversand.com\/fr\/wp-json\/wp\/v2\/product_tag?post=23704"}],"curies":[{"name":"wp","href":"https:\/\/api.w.org\/{rel}","templated":true}]}}