{"id":23683,"date":"2024-11-11T14:33:19","date_gmt":"2024-11-11T13:33:19","guid":{"rendered":"https:\/\/vitalstoffversand.com\/produkt\/vit4ever-ashwagandha-biologique-365-gelules\/"},"modified":"2026-03-15T17:45:02","modified_gmt":"2026-03-15T16:45:02","slug":"vit4ever-ashwagandha-biologique-365-gelules","status":"publish","type":"product","link":"https:\/\/vitalstoffversand.com\/fr\/produit\/vit4ever-ashwagandha-biologique-365-gelules\/","title":{"rendered":"Vit4ever <br>Ashwagandha biologique &#8211; 365 g\u00e9lules"},"content":{"rendered":"<p>L&#8217;ashwagandha bio (Withania Sominifera) contient, surtout dans les racines, un grand nombre de substances v\u00e9g\u00e9tales, comme les alcalo\u00efdes anaf\u00e9rine, anahygrine, cuscohygrine, nicotine, tropine, withasomnine ainsi que les withanolides somniferanolide, somniwithanolide, withaferine A et withasomniferanolide.<\/p>\n<p>L&#8217;ashwagandha, \u00e9galement appel\u00e9e baie du sommeil, est utilis\u00e9e avec beaucoup de succ\u00e8s dans la m\u00e9decine ayurv\u00e9dique et fait \u00e9galement l&#8217;objet de recherches dans les pays occidentaux en ce qui concerne ses \u00e9ventuels effets calmants et antistress.<\/p>\n<ul>\n<li>V\u00e9gan<\/li>\n<li>Sans gluten<\/li>\n<li>Sans lactose<\/li>\n<li>Sans OGM<\/li>\n<li>Fabriqu\u00e9 selon les normes de qualit\u00e9 strictes de l&#8217;UE<\/li>\n<\/ul>\n","protected":false},"excerpt":{"rendered":"<p>L&#8217;ashwagandha bio (Withania Sominifera) contient, surtout dans les racines, un grand nombre de substances v\u00e9g\u00e9tales, comme les alcalo\u00efdes anaf\u00e9rine, anahygrine, cuscohygrine, nicotine, tropine, withasomnine ainsi que les withanolides somniferanolide, somniwithanolide, withaferine A et withasomniferanolide. L&#8217;ashwagandha, \u00e9galement appel\u00e9e baie du sommeil, est utilis\u00e9e avec beaucoup de succ\u00e8s dans la m\u00e9decine ayurv\u00e9dique et fait \u00e9galement l&#8217;objet de [&hellip;]<\/p>\n","protected":false},"featured_media":53127,"template":"","meta":{"_acf_changed":false},"product_brand":[10217],"product_cat":[348,365],"product_tag":[],"class_list":{"0":"post-23683","1":"product","2":"type-product","3":"status-publish","4":"has-post-thumbnail","6":"product_brand-vit4ever-fr","7":"product_cat-nutriments","8":"product_cat-produits-de-a-a-z","10":"first","11":"outofstock","12":"taxable","13":"shipping-taxable","14":"purchasable","15":"product-type-simple"},"acf":[],"_links":{"self":[{"href":"https:\/\/vitalstoffversand.com\/fr\/wp-json\/wp\/v2\/product\/23683","targetHints":{"allow":["GET"]}}],"collection":[{"href":"https:\/\/vitalstoffversand.com\/fr\/wp-json\/wp\/v2\/product"}],"about":[{"href":"https:\/\/vitalstoffversand.com\/fr\/wp-json\/wp\/v2\/types\/product"}],"wp:featuredmedia":[{"embeddable":true,"href":"https:\/\/vitalstoffversand.com\/fr\/wp-json\/wp\/v2\/media\/53127"}],"wp:attachment":[{"href":"https:\/\/vitalstoffversand.com\/fr\/wp-json\/wp\/v2\/media?parent=23683"}],"wp:term":[{"taxonomy":"product_brand","embeddable":true,"href":"https:\/\/vitalstoffversand.com\/fr\/wp-json\/wp\/v2\/product_brand?post=23683"},{"taxonomy":"product_cat","embeddable":true,"href":"https:\/\/vitalstoffversand.com\/fr\/wp-json\/wp\/v2\/product_cat?post=23683"},{"taxonomy":"product_tag","embeddable":true,"href":"https:\/\/vitalstoffversand.com\/fr\/wp-json\/wp\/v2\/product_tag?post=23683"}],"curies":[{"name":"wp","href":"https:\/\/api.w.org\/{rel}","templated":true}]}}